{"id":1342,"date":"2023-03-24T16:36:59","date_gmt":"2023-03-24T09:36:59","guid":{"rendered":"https:\/\/school.ibi-global.com\/?page_id=1342"},"modified":"2024-08-09T10:36:38","modified_gmt":"2024-08-09T03:36:38","slug":"giao-vien-ban-ngu","status":"publish","type":"page","link":"https:\/\/school.ibi-global.com\/vi\/giao-vien-ban-ngu\/","title":{"rendered":"Gi\u00e1o vi\u00ean b\u1ea3n ng\u1eef"},"content":{"rendered":"<h2>L\u1ee3i \u00edch h\u1ecdc v\u1edbi gi\u00e1o vi\u00ean b\u1ea3n ng\u1eef IBI School<\/h2>\n<p style=\"text-align: justify;\">T\u1ea1i IBI School &#8211; Vi\u1ec7t Nam, ch\u00fang t\u00f4i hi\u1ec3u r\u1eb1ng <span style=\"color: #ff6600;\"><strong>d\u00f9 c\u00f4ng ngh\u1ec7 c\u00f3 ti\u1ebfn b\u1ed9 \u0111\u1ebfn \u0111\u00e2u c\u0169ng kh\u00f4ng thay th\u1ebf \u0111\u01b0\u1ee3c con ng\u01b0\u1eddi.<\/strong> <\/span>V\u00ec v\u1eady, gi\u00e1o vi\u00ean lu\u00f4n l\u00e0 tr\u1ecdng t\u00e2m trong c\u00e1c ho\u1ea1t \u0111\u1ed9ng c\u1ee7a ch\u00fang t\u00f4i.<\/p>\n<p>\u0110\u1ed9i ng\u0169 gi\u00e1o vi\u00ean t\u1ea1i IBI School &#8211; Vi\u1ec7t Nam l\u00e0 <span style=\"color: #00aae7;\"><strong>gi\u00e1o vi\u00ean b\u1ea3n ng\u1eef<\/strong><\/span> c\u00f3 tr\u00ecnh \u0111\u1ed9 v\u00e0 kinh nghi\u1ec7m gi\u1ea3ng d\u1ea1y t\u1ea1i nhi\u1ec1u n\u01b0\u1edbc tr\u00ean th\u1ebf gi\u1edbi. D\u01b0\u1edbi \u0111\u00e2y l\u00e0 m\u1ed9t s\u1ed1 gi\u00e1o ti\u00eau bi\u1ec3u t\u1ea1i IBI School.<\/p>\n<table style=\"border-collapse: collapse; width: 100%; height: 596px;\">\n<tbody>\n<tr style=\"height: 295px;\">\n<td style=\"height: 295px; width: 420px; text-align: center; vertical-align: middle;\"><img loading=\"lazy\" decoding=\"async\" class=\"aligncenter size-thumbnail wp-image-737\" src=\"https:\/\/school.ibi-global.com\/wp-content\/uploads\/2023\/03\/i-innovation-280x280.jpg\" alt=\"\" width=\"280\" height=\"280\" srcset=\"https:\/\/school.ibi-global.com\/wp-content\/uploads\/2023\/03\/i-innovation-280x280.jpg 280w, https:\/\/school.ibi-global.com\/wp-content\/uploads\/2023\/03\/i-innovation-300x300.jpg 300w, https:\/\/school.ibi-global.com\/wp-content\/uploads\/2023\/03\/i-innovation-100x100.jpg 100w\" sizes=\"auto, (max-width: 280px) 100vw, 280px\" \/><\/td>\n<td style=\"width: 50%; text-align: left; vertical-align: middle; height: 295px; background-color: #e6f1f2;\">\n<p style=\"text-align: justify;\">L\u00e0 gi\u00e1o vi\u00ean t\u00e0i n\u0103ng qu\u1ed1c t\u1ecbch Anh, <strong>t\u1eebng gi\u1ea3ng d\u1ea1y t\u1ea1i c\u00e1c tr\u01b0\u1eddng K-12 qu\u1ed1c t\u1ebf v\u00e0 qu\u1ea3n l\u00fd c\u1ea5p trung t\u1ea1i c\u00e1c tr\u01b0\u1eddng c\u00f4ng l\u1eadp \u1edf Anh v\u00e0 \u00dac.<\/strong> \u0110\u1eb7c bi\u1ec7t v\u1edbi kinh nghi\u1ec7m gi\u1ea3ng d\u1ea1y h\u01a1n 10 n\u0103m t\u1ea1i Vi\u1ec7t Nam. C\u00f4 Silvia l\u00e0 ng\u01b0\u1eddi r\u1ea5t <strong>th\u1ea5u hi\u1ec3u h\u1ecdc vi\u00ean, \u0111\u1eb7c bi\u1ec7t c\u00f4 r\u1ea5t y\u00eau tr\u1ebb em v\u00e0 y\u00eau ngh\u1ec1.\u00a0<\/strong><\/p>\n<p>\u0110\u1ed1i v\u1edbi c\u00f4, \u0111\u1ecdc s\u00e1ch, gi\u1ea3ng d\u1ea1y v\u00e0 vi\u1ebft l\u00e1ch l\u00e0 \u0111i\u1ec1u kh\u00f4ng th\u1ec3 t\u00e1ch r\u1eddi trong cu\u1ed9c s\u1ed1ng c\u1ee7a c\u00f4.<\/p>\n<p style=\"text-align: justify;\">Vi\u1ec7c c\u00f4 g\u1eafn b\u00f3 v\u1edbi IBI School | Vi\u1ec7t Nam s\u1ebd gi\u00fap h\u00e0nh tr\u00ecnh h\u1ecdc t\u1eadp c\u1ee7a h\u1ecdc vi\u00ean \u0111\u01b0\u1ee3c thi\u1ebft k\u1ebf hi\u1ec7u qu\u1ea3 v\u00e0 truy\u1ec1n c\u1ea3m h\u1ee9ng.<\/p>\n<\/td>\n<\/tr>\n<tr>\n<td style=\"width: 420px; text-align: center; vertical-align: middle;\"><video controls=\"controls\" width=\"300\" height=\"150\"><source src=\"https:\/\/school.ibi-global.com\/wp-content\/uploads\/2023\/06\/eKids-IX-eConverstions-1.mp4\" type=\"video\/mp4\" \/><\/video><\/td>\n<td style=\"width: 50%; text-align: left; vertical-align: middle; background-color: #e6f1f2;\">\n<p style=\"text-align: justify;\">Th\u1ea7y John Walsh hi\u1ec7n l\u00e0 <strong>gi\u1ea3ng vi\u00ean c\u00f3 bi\u00ean ch\u1ebf t\u1ea1i tr\u01b0\u1eddng \u0111\u1ea1i h\u1ecdc RMIT, Vi\u1ec7t Nam. T\u1ed1t nghi\u1ec7p \u0111\u1ea1i h\u1ecdc h\u00e0ng \u0111\u1ea7u M\u1ef9, Standford.<\/strong> Th\u1ea7y l\u00e0 ngu\u1ed3n n\u0103ng l\u01b0\u1ee3ng t\u00edch c\u1ef1c gi\u00fap h\u1ecdc vi\u00ean ph\u00e1t tri\u1ec3n t\u1ed1t c\u00e1c ti\u1ec1m n\u0103ng c\u1ee7a m\u00ecnh.<\/p>\n<\/td>\n<\/tr>\n<tr>\n<td style=\"text-align: center; width: 420px; vertical-align: middle;\"><video controls=\"controls\" width=\"300\" height=\"150\"><source src=\"https:\/\/school.ibi-global.com\/wp-content\/uploads\/2023\/07\/eConversations-eKids-I.mp4\" type=\"video\/mp4\" \/><\/video><\/td>\n<td style=\"width: 50%; text-align: left; vertical-align: middle; background-color: #e6f1f2;\">\n<p style=\"text-align: justify;\">C\u00f4 Alana c\u00f3 ngo\u1ea1i h\u00ecnh th\u00e2n thi\u1ec7n v\u00e0 r\u1ea5t y\u00eau tr\u1ebb. <strong>V\u1edbi ch\u1ea5t gi\u1ecdng n\u00f3i ng\u01b0\u1eddi Ireland nh\u1eb9 nh\u00e0ng,<\/strong> c\u00f4 th\u01b0\u1eddng mang \u0111\u1ebfn cho h\u1ecdc vi\u00ean <strong>nh\u1eefng bu\u1ed5i h\u1ecdc r\u1ed9n r\u00e0ng ni\u1ec1m vui v\u00e0 truy\u1ec1n c\u1ea3m h\u1ee9ng.<\/strong><\/p>\n<\/td>\n<\/tr>\n<tr style=\"height: 280px;\">\n<td style=\"width: 50%; height: 280px; text-align: center;\"><video controls=\"controls\" width=\"300\" height=\"150\"><source src=\"https:\/\/school.ibi-global.com\/wp-content\/uploads\/2024\/04\/eConversations-eKids-III.mp4\" type=\"video\/mp4\" \/><\/video><\/td>\n<td style=\"width: 50%; vertical-align: middle; height: 280px; background-color: #e6f1f2; text-align: justify;\">Th\u1ea7y Gavin Sealy qu\u1ed1c t\u1ecbch Anh, c\u00f3 gi\u1ecdng n\u00f3i trung t\u00ednh, r\u00f5 r\u00e0ng v\u00e0 truy\u1ec1n c\u1ea3m. Trong th\u1ea7y lu\u00f4n s\u00f4i n\u1ed5i s\u1ef1 nhi\u1ec7t t\u00ecnh. <strong>V\u1edbi kinh nghi\u1ec7m gi\u1ea3ng d\u1ea1y t\u1ea1i c\u00e1c tr\u01b0\u1eddng song ng\u1eef qu\u1ed1c t\u1ebf \u1edf Th\u00e1i Lan, Trung Qu\u1ed1c,<\/strong> th\u1ea7y s\u1ebd mang \u0111\u1ebfn cho h\u1ecdc vi\u00ean IBI School &#8211; Vi\u1ec7t Nam m\u1ed9t l\u00e0n gi\u00f3 m\u1edbi.<\/td>\n<\/tr>\n<tr style=\"height: 21px;\">\n<td style=\"width: 50%; height: 21px; text-align: center;\"><video controls=\"controls\" width=\"300\" height=\"150\"><source src=\"https:\/\/school.ibi-global.com\/wp-content\/uploads\/2024\/04\/eKids-II.mp4\" type=\"video\/mp4\" \/><\/video><\/td>\n<td style=\"width: 50%; height: 21px; background-color: #e6f1f2; vertical-align: middle; text-align: justify;\"><strong>C\u00f4 Dayna v\u1edbi phong c\u00e1ch sinh \u0111\u1ed9ng, gi\u1ecdng chu\u1ea9n Ireland s\u1ebd l\u00e0 kho ki\u1ebfn th\u1ee9c v\u1ec1 v\u0103n h\u00f3a th\u1ebf gi\u1edbi <\/strong>s\u1ebd mang l\u1ea1i cho h\u1ecdc vi\u00ean kh\u00f4ng ch\u1ec9 l\u00e0 ki\u1ebfn th\u1ee9c ti\u1ebfng Anh, m\u00e0 l\u00e0 ki\u1ebfn th\u1ee9c v\u0103n h\u00f3a th\u1ebf gi\u1edbi s\u00e2u r\u1ed9ng.<\/td>\n<\/tr>\n<\/tbody>\n<\/table>\n","protected":false},"excerpt":{"rendered":"<p>L\u1ee3i \u00edch h\u1ecdc v\u1edbi gi\u00e1o vi\u00ean b\u1ea3n ng\u1eef IBI School T\u1ea1i IBI School &#8211; Vi\u1ec7t Nam, ch\u00fang t\u00f4i hi\u1ec3u r\u1eb1ng d\u00f9 c\u00f4ng ngh\u1ec7 c\u00f3 ti\u1ebfn b\u1ed9 \u0111\u1ebfn \u0111\u00e2u c\u0169ng kh\u00f4ng thay th\u1ebf \u0111\u01b0\u1ee3c con ng\u01b0\u1eddi. V\u00ec v\u1eady, gi\u00e1o vi\u00ean lu\u00f4n l\u00e0 tr\u1ecdng t\u00e2m trong c\u00e1c ho\u1ea1t \u0111\u1ed9ng c\u1ee7a ch\u00fang t\u00f4i. \u0110\u1ed9i ng\u0169 gi\u00e1o vi\u00ean t\u1ea1i.. [&#8230;]\n","protected":false},"author":2,"featured_media":0,"parent":0,"menu_order":0,"comment_status":"closed","ping_status":"closed","template":"","meta":{"footnotes":""},"class_list":["post-1342","page","type-page","status-publish","hentry"],"yoast_head":"<!-- This site is optimized with the Yoast SEO plugin v20.2.1 - https:\/\/yoast.com\/wordpress\/plugins\/seo\/ -->\n<title>Gi\u00e1o vi\u00ean b\u1ea3n ng\u1eef<\/title>\n<meta name=\"description\" content=\"\u0110\u1ed9i ng\u0169 gi\u00e1o vi\u00ean t\u1ea1i IBI Shool - Vietnam c\u00f3 tr\u00ecnh \u0111\u1ed9 v\u00e0 kinh nghi\u1ec7m gi\u1ea3ng d\u1ea1y t\u1ea1i nhi\u1ec1u n\u01b0\u1edbc tr\u00ean th\u1ebf gi\u1edbi.\" \/>\n<meta name=\"robots\" content=\"index, follow, max-snippet:-1, max-image-preview:large, max-video-preview:-1\" \/>\n<link rel=\"canonical\" href=\"https:\/\/school.ibi-global.com\/vi\/giao-vien-ban-ngu\/\" \/>\n<meta property=\"og:locale\" content=\"vi_VN\" \/>\n<meta property=\"og:type\" content=\"article\" \/>\n<meta property=\"og:title\" content=\"Gi\u00e1o vi\u00ean b\u1ea3n ng\u1eef\" \/>\n<meta property=\"og:description\" content=\"\u0110\u1ed9i ng\u0169 gi\u00e1o vi\u00ean t\u1ea1i IBI Shool - Vietnam c\u00f3 tr\u00ecnh \u0111\u1ed9 v\u00e0 kinh nghi\u1ec7m gi\u1ea3ng d\u1ea1y t\u1ea1i nhi\u1ec1u n\u01b0\u1edbc tr\u00ean th\u1ebf gi\u1edbi.\" \/>\n<meta property=\"og:url\" content=\"https:\/\/school.ibi-global.com\/vi\/giao-vien-ban-ngu\/\" \/>\n<meta property=\"og:site_name\" content=\"IBI School - Vietnam\" \/>\n<meta property=\"article:publisher\" content=\"https:\/\/www.facebook.com\/ibischool.vietnam\" \/>\n<meta property=\"article:modified_time\" content=\"2024-08-09T03:36:38+00:00\" \/>\n<meta property=\"og:image\" content=\"https:\/\/school.ibi-global.com\/wp-content\/uploads\/2023\/03\/i-innovation-280x280.jpg\" \/>\n<meta name=\"twitter:card\" content=\"summary_large_image\" \/>\n<meta name=\"twitter:site\" content=\"@flipped_ibi\" \/>\n<meta name=\"twitter:label1\" content=\"Est. reading time\" \/>\n\t<meta name=\"twitter:data1\" content=\"2 minutes\" \/>\n<script type=\"application\/ld+json\" class=\"yoast-schema-graph\">{\"@context\":\"https:\/\/schema.org\",\"@graph\":[{\"@type\":\"WebPage\",\"@id\":\"https:\/\/school.ibi-global.com\/vi\/giao-vien-ban-ngu\/\",\"url\":\"https:\/\/school.ibi-global.com\/vi\/giao-vien-ban-ngu\/\",\"name\":\"Gi\u00e1o vi\u00ean b\u1ea3n ng\u1eef\",\"isPartOf\":{\"@id\":\"https:\/\/school.ibi-global.com\/vi\/#website\"},\"datePublished\":\"2023-03-24T09:36:59+00:00\",\"dateModified\":\"2024-08-09T03:36:38+00:00\",\"description\":\"\u0110\u1ed9i ng\u0169 gi\u00e1o vi\u00ean t\u1ea1i IBI Shool - Vietnam c\u00f3 tr\u00ecnh \u0111\u1ed9 v\u00e0 kinh nghi\u1ec7m gi\u1ea3ng d\u1ea1y t\u1ea1i nhi\u1ec1u n\u01b0\u1edbc tr\u00ean th\u1ebf gi\u1edbi.\",\"breadcrumb\":{\"@id\":\"https:\/\/school.ibi-global.com\/vi\/giao-vien-ban-ngu\/#breadcrumb\"},\"inLanguage\":\"vi-VN\",\"potentialAction\":[{\"@type\":\"ReadAction\",\"target\":[\"https:\/\/school.ibi-global.com\/vi\/giao-vien-ban-ngu\/\"]}]},{\"@type\":\"BreadcrumbList\",\"@id\":\"https:\/\/school.ibi-global.com\/vi\/giao-vien-ban-ngu\/#breadcrumb\",\"itemListElement\":[{\"@type\":\"ListItem\",\"position\":1,\"name\":\"Home\",\"item\":\"https:\/\/school.ibi-global.com\/vi\/\"},{\"@type\":\"ListItem\",\"position\":2,\"name\":\"Gi\u00e1o vi\u00ean b\u1ea3n ng\u1eef\"}]},{\"@type\":\"WebSite\",\"@id\":\"https:\/\/school.ibi-global.com\/vi\/#website\",\"url\":\"https:\/\/school.ibi-global.com\/vi\/\",\"name\":\"IBI School\",\"description\":\"L\u1edbp H\u1ecdc \u0110\u1ea3o Ng\u01b0\u1ee3c Ti\u1ebfng Anh Cho Tr\u1ebb V\u00e0 Thi\u1ebfu Ni\u00ean\",\"publisher\":{\"@id\":\"https:\/\/school.ibi-global.com\/vi\/#organization\"},\"potentialAction\":[{\"@type\":\"SearchAction\",\"target\":{\"@type\":\"EntryPoint\",\"urlTemplate\":\"https:\/\/school.ibi-global.com\/vi\/?s={search_term_string}\"},\"query-input\":\"required name=search_term_string\"}],\"inLanguage\":\"vi-VN\"},{\"@type\":\"Organization\",\"@id\":\"https:\/\/school.ibi-global.com\/vi\/#organization\",\"name\":\"IBI School\",\"url\":\"https:\/\/school.ibi-global.com\/vi\/\",\"logo\":{\"@type\":\"ImageObject\",\"inLanguage\":\"vi-VN\",\"@id\":\"https:\/\/school.ibi-global.com\/vi\/#\/schema\/logo\/image\/\",\"url\":\"https:\/\/school.ibi-global.com\/wp-content\/uploads\/2023\/03\/ibi-school-logo-9168.png\",\"contentUrl\":\"https:\/\/school.ibi-global.com\/wp-content\/uploads\/2023\/03\/ibi-school-logo-9168.png\",\"width\":500,\"height\":435,\"caption\":\"IBI School\"},\"image\":{\"@id\":\"https:\/\/school.ibi-global.com\/vi\/#\/schema\/logo\/image\/\"},\"sameAs\":[\"https:\/\/www.facebook.com\/ibischool.vietnam\",\"https:\/\/twitter.com\/flipped_ibi\",\"https:\/\/vn.linkedin.com\/company\/ibi-school\",\"https:\/\/www.youtube.com\/channel\/UClAXxp1l9MgKTQiwyGKT8QA\"]}]}<\/script>\n<!-- \/ Yoast SEO plugin. -->","yoast_head_json":{"title":"Gi\u00e1o vi\u00ean b\u1ea3n ng\u1eef","description":"\u0110\u1ed9i ng\u0169 gi\u00e1o vi\u00ean t\u1ea1i IBI Shool - Vietnam c\u00f3 tr\u00ecnh \u0111\u1ed9 v\u00e0 kinh nghi\u1ec7m gi\u1ea3ng d\u1ea1y t\u1ea1i nhi\u1ec1u n\u01b0\u1edbc tr\u00ean th\u1ebf gi\u1edbi.","robots":{"index":"index","follow":"follow","max-snippet":"max-snippet:-1","max-image-preview":"max-image-preview:large","max-video-preview":"max-video-preview:-1"},"canonical":"https:\/\/school.ibi-global.com\/vi\/giao-vien-ban-ngu\/","og_locale":"vi_VN","og_type":"article","og_title":"Gi\u00e1o vi\u00ean b\u1ea3n ng\u1eef","og_description":"\u0110\u1ed9i ng\u0169 gi\u00e1o vi\u00ean t\u1ea1i IBI Shool - Vietnam c\u00f3 tr\u00ecnh \u0111\u1ed9 v\u00e0 kinh nghi\u1ec7m gi\u1ea3ng d\u1ea1y t\u1ea1i nhi\u1ec1u n\u01b0\u1edbc tr\u00ean th\u1ebf gi\u1edbi.","og_url":"https:\/\/school.ibi-global.com\/vi\/giao-vien-ban-ngu\/","og_site_name":"IBI School - Vietnam","article_publisher":"https:\/\/www.facebook.com\/ibischool.vietnam","article_modified_time":"2024-08-09T03:36:38+00:00","og_image":[{"url":"https:\/\/school.ibi-global.com\/wp-content\/uploads\/2023\/03\/i-innovation-280x280.jpg"}],"twitter_card":"summary_large_image","twitter_site":"@flipped_ibi","twitter_misc":{"Est. reading time":"2 minutes"},"schema":{"@context":"https:\/\/schema.org","@graph":[{"@type":"WebPage","@id":"https:\/\/school.ibi-global.com\/vi\/giao-vien-ban-ngu\/","url":"https:\/\/school.ibi-global.com\/vi\/giao-vien-ban-ngu\/","name":"Gi\u00e1o vi\u00ean b\u1ea3n ng\u1eef","isPartOf":{"@id":"https:\/\/school.ibi-global.com\/vi\/#website"},"datePublished":"2023-03-24T09:36:59+00:00","dateModified":"2024-08-09T03:36:38+00:00","description":"\u0110\u1ed9i ng\u0169 gi\u00e1o vi\u00ean t\u1ea1i IBI Shool - Vietnam c\u00f3 tr\u00ecnh \u0111\u1ed9 v\u00e0 kinh nghi\u1ec7m gi\u1ea3ng d\u1ea1y t\u1ea1i nhi\u1ec1u n\u01b0\u1edbc tr\u00ean th\u1ebf gi\u1edbi.","breadcrumb":{"@id":"https:\/\/school.ibi-global.com\/vi\/giao-vien-ban-ngu\/#breadcrumb"},"inLanguage":"vi-VN","potentialAction":[{"@type":"ReadAction","target":["https:\/\/school.ibi-global.com\/vi\/giao-vien-ban-ngu\/"]}]},{"@type":"BreadcrumbList","@id":"https:\/\/school.ibi-global.com\/vi\/giao-vien-ban-ngu\/#breadcrumb","itemListElement":[{"@type":"ListItem","position":1,"name":"Home","item":"https:\/\/school.ibi-global.com\/vi\/"},{"@type":"ListItem","position":2,"name":"Gi\u00e1o vi\u00ean b\u1ea3n ng\u1eef"}]},{"@type":"WebSite","@id":"https:\/\/school.ibi-global.com\/vi\/#website","url":"https:\/\/school.ibi-global.com\/vi\/","name":"IBI School","description":"L\u1edbp H\u1ecdc \u0110\u1ea3o Ng\u01b0\u1ee3c Ti\u1ebfng Anh Cho Tr\u1ebb V\u00e0 Thi\u1ebfu Ni\u00ean","publisher":{"@id":"https:\/\/school.ibi-global.com\/vi\/#organization"},"potentialAction":[{"@type":"SearchAction","target":{"@type":"EntryPoint","urlTemplate":"https:\/\/school.ibi-global.com\/vi\/?s={search_term_string}"},"query-input":"required name=search_term_string"}],"inLanguage":"vi-VN"},{"@type":"Organization","@id":"https:\/\/school.ibi-global.com\/vi\/#organization","name":"IBI School","url":"https:\/\/school.ibi-global.com\/vi\/","logo":{"@type":"ImageObject","inLanguage":"vi-VN","@id":"https:\/\/school.ibi-global.com\/vi\/#\/schema\/logo\/image\/","url":"https:\/\/school.ibi-global.com\/wp-content\/uploads\/2023\/03\/ibi-school-logo-9168.png","contentUrl":"https:\/\/school.ibi-global.com\/wp-content\/uploads\/2023\/03\/ibi-school-logo-9168.png","width":500,"height":435,"caption":"IBI School"},"image":{"@id":"https:\/\/school.ibi-global.com\/vi\/#\/schema\/logo\/image\/"},"sameAs":["https:\/\/www.facebook.com\/ibischool.vietnam","https:\/\/twitter.com\/flipped_ibi","https:\/\/vn.linkedin.com\/company\/ibi-school","https:\/\/www.youtube.com\/channel\/UClAXxp1l9MgKTQiwyGKT8QA"]}]}},"_links":{"self":[{"href":"https:\/\/school.ibi-global.com\/vi\/wp-json\/wp\/v2\/pages\/1342","targetHints":{"allow":["GET"]}}],"collection":[{"href":"https:\/\/school.ibi-global.com\/vi\/wp-json\/wp\/v2\/pages"}],"about":[{"href":"https:\/\/school.ibi-global.com\/vi\/wp-json\/wp\/v2\/types\/page"}],"author":[{"embeddable":true,"href":"https:\/\/school.ibi-global.com\/vi\/wp-json\/wp\/v2\/users\/2"}],"replies":[{"embeddable":true,"href":"https:\/\/school.ibi-global.com\/vi\/wp-json\/wp\/v2\/comments?post=1342"}],"version-history":[{"count":19,"href":"https:\/\/school.ibi-global.com\/vi\/wp-json\/wp\/v2\/pages\/1342\/revisions"}],"predecessor-version":[{"id":2674,"href":"https:\/\/school.ibi-global.com\/vi\/wp-json\/wp\/v2\/pages\/1342\/revisions\/2674"}],"wp:attachment":[{"href":"https:\/\/school.ibi-global.com\/vi\/wp-json\/wp\/v2\/media?parent=1342"}],"curies":[{"name":"wp","href":"https:\/\/api.w.org\/{rel}","templated":true}]}}