{"id":2011,"date":"2024-03-28T10:47:06","date_gmt":"2024-03-28T03:47:06","guid":{"rendered":"https:\/\/school.ibi-global.com\/?page_id=2011"},"modified":"2024-08-09T10:39:47","modified_gmt":"2024-08-09T03:39:47","slug":"ky-nang-noi-truoc-cong-chung","status":"publish","type":"page","link":"https:\/\/school.ibi-global.com\/vi\/ky-nang-noi-truoc-cong-chung\/","title":{"rendered":"N\u00f3i Tr\u01b0\u1edbc C\u00f4ng Ch\u00fang B\u1eb1ng Ti\u1ebfng Anh"},"content":{"rendered":"<p><span style=\"font-size: 140%; color: #00aae7;\"><strong>K\u1ef9 N\u0103ng N\u00f3i Tr\u01b0\u1edbc C\u00f4ng Ch\u00fang B\u1eb1ng Ti\u1ebfng Anh (eSkills)<\/strong><\/span><\/p>\n<div>\u00a0<\/div>\n<div style=\"text-align: justify;\"><strong>V\u1edbi m\u1ee5c ti\u00eau x\u00e2y d\u1ef1ng m\u1ed9t th\u1ebf h\u1ec7 Vi\u1ec7t Nam \u01b0u vi\u1ec7t v\u1edbi ph\u01b0\u01a1ng ch\u00e2m \u201cGi\u1ecfi ngo\u1ea1i ng\u1eef, tr\u1eef k\u1ef9 n\u0103ng\u201d.<\/strong> IBI School \u2013 Vietnam ra m\u1eaft <strong>kh\u00f3a h\u1ecdc k\u1ef9 n\u0103ng n\u00f3i tr\u01b0\u1edbc c\u00f4ng ch\u00fang b\u1eb1ng ti\u1ebfng Anh v\u1edbi 100% gi\u00e1o vi\u00ean b\u1ea3n ng\u1eef.<\/strong><\/div>\n<div>\u00a0<\/div>\n<div style=\"text-align: justify;\">D\u00f9 trong t\u01b0\u01a1ng lai, con b\u1ea1n l\u00e0 m\u1ed9t doanh nh\u00e2n, di\u1ec5n vi\u00ean hay k\u1ef9 s\u01b0\u2026k\u1ef9 n\u0103ng n\u00f3i tr\u01b0\u1edbc c\u00f4ng ch\u00fang l\u00e0 k\u1ef9 n\u0103ng quan tr\u1ecdng \u0111\u1ec3 th\u00e0nh c\u00f4ng trong b\u1ea5t k\u1ef3 l\u0129nh v\u1ef1c n\u00e0o. \u0110\u00e2y l\u00e0 k\u1ef9 n\u0103ng kh\u00f4ng nh\u1eefng gi\u00fap tr\u1ebb di\u1ec5n \u0111\u1ea1t \u00fd t\u01b0\u1edfng, c\u00e2u chuy\u1ec7n v\u00e0 v\u1ea5n \u0111\u1ec1 m\u1ed9t c\u00e1ch t\u1ef1 tin m\u00e0 c\u00f2n gi\u00fap tr\u1ebb t\u1ef1 tin thuy\u1ebft ph\u1ee5c ng\u01b0\u1eddi nghe v\u00e0 h\u01b0\u1edbng h\u1ecd theo \u00fd ch\u00ed c\u1ee7a m\u00ecnh.<\/div>\n<div>\u00a0<\/div>\n<div style=\"text-align: justify;\"><strong>Ch\u01b0\u01a1ng tr\u00ecnh \u0111\u01b0\u1ee3c thi\u1ebft k\u1ebf d\u00e0nh <a href=\"https:\/\/school.ibi-global.com\/vi\/khoa-hoc\/tieng-anh-tre-em-online\/\">cho tr\u1ebb t\u1eeb 8-12 tu\u1ed5i c\u00f3 tr\u00ecnh \u0111\u1ed9 ti\u1ebfng Anh t\u1eeb Movers<\/a> tr\u1edf l\u00ean ho\u1eb7c t<a href=\"https:\/\/school.ibi-global.com\/vi\/khoa-hoc\/tieng-anh-thieu-nien-online\/\">hi\u1ebfu ni\u00ean 13-16 tu\u1ed5i c\u00f3 tr\u00ecnh \u0111\u1ed9 ti\u1ebfng Anh sau KET.\u00a0<\/a><\/strong><\/div>\n<div>\u00a0<\/div>\n<div style=\"text-align: center;\"><img loading=\"lazy\" decoding=\"async\" class=\"aligncenter size-full wp-image-2021\" src=\"https:\/\/school.ibi-global.com\/wp-content\/uploads\/2024\/03\/public-speaking.jpg\" alt=\"\" width=\"555\" height=\"346\" \/><\/div>\n<div>\u00a0<\/div>\n<div>\u00a0<\/div>\n<div style=\"text-align: justify;\"><strong>Ch\u01b0\u01a1ng tr\u00ecnh 6 tu\u1ea7n h\u1ecdc nh\u01b0 sau theo ph\u01b0\u01a1ng ph\u00e1p <a href=\"https:\/\/school.ibi-global.com\/vi\/lop-hoc-dao-nguoc-ibi\/\">L\u1edbp H\u1ecdc \u0110\u1ea3o Ng\u01b0\u1ee3c IBI<\/a>.<\/strong><\/div>\n<div>\u00a0<\/div>\n<ul>\n<li>4 gi\u1edd h\u1ecdc ch\u01b0\u01a1ng tr\u00ecnh t\u1ef1 h\u1ecdc 24\/7<a href=\"https:\/\/school.ibi-global.com\/vi\/mo-hinh-hoc\/eclasses-tu-hoc-24-7\/\"> eClasses<\/a>.<\/li>\n<li>7,5 gi\u1edd h\u1ecdc live v\u1edbi gi\u00e1o vi\u00ean <a href=\"https:\/\/school.ibi-global.com\/vi\/mo-hinh-hoc\/econversations-lop-hoc-live\/\">eConversations<\/a>.<\/li>\n<li>7,5 gi\u1edd h\u1ecdc offline.<\/li>\n<\/ul>\n<p><strong>C\u00e1c con s\u1ebd \u0111\u1ea1t \u0111\u01b0\u1ee3c nh\u1eefng g\u00ec?<strong><strong><br \/><\/strong><\/strong><\/strong><\/p>\n<ul>\n<li style=\"text-align: justify;\"><strong>Tu\u1ea7n 1:<\/strong> X\u00e2y d\u1ef1ng s\u1ef1 t\u1ef1 tin tr\u00ean s\u00e2n kh\u1ea5u: Gi\u00fap tr\u1ebb v\u01b0\u1ee3t qua nh\u1eefng lo l\u1eafng v\u00e0 c\u0103ng th\u1eb3ng trong m\u1ed9t bu\u1ed5i tr\u00ecnh b\u00e0y qua vi\u1ec7c x\u00e2y d\u1ef1ng c\u00e1c k\u1ef9 n\u0103ng n\u1ec1n t\u1ea3ng cho tr\u1ebb nh\u01b0 ng\u00f4n ng\u1eef c\u01a1 th\u1ec3 v\u00e0 c\u00e1ch th\u1ee9c v\u01b0\u1ee3t qua c\u0103ng th\u1eb3ng.<\/li>\n<li style=\"text-align: justify;\"><strong>Tu\u1ea7n 2:<\/strong> Ph\u00e1t tri\u1ec3n k\u1ef9 n\u0103ng giao ti\u1ebfp: Gi\u00fap tr\u1ebb k\u1ef9 n\u0103ng hi\u1ec3u \u0111\u1ed1i t\u01b0\u1ee3ng\/ kh\u00e1n gi\u1ea3 c\u1ee7a m\u00ecnh \u0111\u1ed3ng th\u1eddi x\u00e2y d\u1ef1ng k\u1ef9 n\u0103ng chinh ph\u1ee5c \u0111\u1ed1i t\u01b0\u1ee3ng\/ kh\u00e1n gi\u1ea3.<\/li>\n<li style=\"text-align: justify;\"><strong>Tu\u1ea7n 3:<\/strong> K\u1ef9 n\u0103ng x\u00e2y d\u1ef1ng m\u1ed9t b\u00e0i tr\u00ecnh b\u00e0y th\u00e0nh c\u00f4ng: Gi\u00fap h\u1ecdc vi\u00ean x\u00e2y d\u1ef1ng \u00fd t\u01b0\u1edfng v\u00e0 c\u1ea5u tr\u00fac l\u00e0m b\u00e0i tr\u00ecnh b\u00e0y chinh ph\u1ee5c \u0111\u1ed1i t\u01b0\u1ee3ng\/ kh\u00e1n gi\u1ea3 hi\u1ec7u qu\u1ea3.<\/li>\n<li style=\"text-align: justify;\"><strong>Tu\u1ea7n 4:<\/strong> T\u1eadp trung ch\u1ec9nh s\u1eeda k\u1ef9 n\u0103ng giao ti\u1ebfp cho t\u1eebng h\u1ecdc vi\u00ean c\u1ee5 th\u1ec3 nh\u01b0 k\u1ef9 n\u0103ng thuy\u1ebft ph\u1ee5c, k\u1ef9 n\u0103ng qu\u1ea3n l\u00fd t\u00f4ng gi\u1ecdng n\u00f3i, k\u1ef9 n\u0103ng l\u1eafng nghe\u2026<\/li>\n<li style=\"text-align: justify;\"><strong>Tu\u1ea7n 5:<\/strong> Th\u1ef1c h\u00e0nh tr\u00ecnh b\u00e0y.<\/li>\n<li><strong>Tu\u1ea7n 6:<\/strong> M\u1ed7i b\u1ea1n\/ nh\u00f3m s\u1ebd tr\u00ecnh b\u00e0y tr\u01b0\u1edbc c\u00f4ng ch\u00fang.<\/li>\n<\/ul>\n<p>\u00a0<\/p>\n<div>\n<table style=\"border-collapse: collapse; width: 100%; height: 168px;\">\n<tbody>\n<tr style=\"height: 21px;\">\n<td style=\"height: 21px; width: 22.7626%; background-color: #e3dada; text-align: left; vertical-align: middle;\">\u00a0<\/td>\n<td style=\"height: 21px; width: 18.4825%; vertical-align: middle; text-align: center; background-color: #cae8e8;\"><strong>24\/7<\/strong><\/td>\n<td style=\"height: 21px; width: 24.7082%; text-align: center; background-color: #cae8e8;\"><strong>Th\u1ee9 3<\/strong><\/td>\n<td style=\"width: 25%; height: 21px; text-align: center; background-color: #cae8e8;\" colspan=\"2\"><strong>Th\u1ee9 7<\/strong><\/td>\n<\/tr>\n<tr style=\"height: 21px;\">\n<td style=\"height: 21px; width: 22.7626%; background-color: #e3dada; text-align: left; vertical-align: middle;\">\u00a0<\/td>\n<td style=\"height: 21px; width: 18.4825%; vertical-align: middle; text-align: center; background-color: #cae8e8;\"><strong>eClasses<\/strong><\/td>\n<td style=\"height: 21px; width: 24.7082%; text-align: center; background-color: #cae8e8;\"><strong>eConversations<\/strong><\/td>\n<td style=\"width: 12.5%; height: 21px; text-align: center; background-color: #cae8e8;\"><strong>eConversations<\/strong><\/td>\n<td style=\"width: 12.5%; height: 21px; text-align: center; background-color: #cae8e8;\"><strong>L\u1edbp offline<\/strong><\/td>\n<\/tr>\n<tr style=\"height: 21px;\">\n<td style=\"height: 21px; width: 22.7626%; background-color: #e3dada; text-align: left; vertical-align: middle;\"><strong>Tu\u1ea7n 1<\/strong><\/td>\n<td style=\"height: 21px; width: 18.4825%; vertical-align: middle; background-color: #cae8e8; text-align: center;\">40&#8242;<\/td>\n<td style=\"height: 21px; width: 24.7082%; background-color: #cae8e8; text-align: center;\">19:00 &#8211; 20:30<\/td>\n<td style=\"width: 12.5%; height: 21px; background-color: #cae8e8; text-align: center;\">\u00a0<\/td>\n<td style=\"width: 12.5%; height: 21px; background-color: #cae8e8; text-align: center;\">10:00-12:00<\/td>\n<\/tr>\n<tr style=\"height: 21px;\">\n<td style=\"height: 21px; width: 22.7626%; background-color: #e3dada; text-align: left; vertical-align: middle;\"><strong>Tu\u1ea7n 2<\/strong><\/td>\n<td style=\"height: 21px; width: 18.4825%; vertical-align: middle; background-color: #cae8e8; text-align: center;\">40&#8242;<\/td>\n<td style=\"height: 21px; width: 24.7082%; background-color: #cae8e8; text-align: center;\">19:00 &#8211; 20:30<\/td>\n<td style=\"width: 12.5%; height: 21px; background-color: #cae8e8; text-align: center;\">10:11:30<\/td>\n<td style=\"width: 12.5%; height: 21px; background-color: #cae8e8; text-align: center;\">\u00a0<\/td>\n<\/tr>\n<tr style=\"height: 21px;\">\n<td style=\"height: 21px; width: 22.7626%; background-color: #e3dada; text-align: left; vertical-align: middle;\"><strong>Tu\u1ea7n 3<\/strong><\/td>\n<td style=\"height: 21px; width: 18.4825%; vertical-align: middle; background-color: #cae8e8; text-align: center;\">40&#8242;<\/td>\n<td style=\"height: 21px; width: 24.7082%; background-color: #cae8e8; text-align: center;\">19:00 &#8211; 20:30<\/td>\n<td style=\"width: 12.5%; height: 21px; background-color: #cae8e8; text-align: center;\">\u00a0<\/td>\n<td style=\"width: 12.5%; height: 21px; background-color: #cae8e8; text-align: center;\">10:00-11:30<\/td>\n<\/tr>\n<tr style=\"height: 21px;\">\n<td style=\"height: 21px; width: 22.7626%; background-color: #e3dada; text-align: left; vertical-align: middle;\"><strong>Tu\u1ea7n 4<\/strong><\/td>\n<td style=\"height: 21px; width: 18.4825%; vertical-align: middle; background-color: #cae8e8; text-align: center;\">40&#8242;<\/td>\n<td style=\"height: 21px; width: 24.7082%; background-color: #cae8e8; text-align: center;\">19:00 &#8211; 20:30<\/td>\n<td style=\"width: 12.5%; height: 21px; background-color: #cae8e8; text-align: center;\">10:11:30<\/td>\n<td style=\"width: 12.5%; height: 21px; background-color: #cae8e8; text-align: center;\">\u00a0<\/td>\n<\/tr>\n<tr style=\"height: 21px;\">\n<td style=\"height: 21px; width: 22.7626%; background-color: #e3dada; text-align: left; vertical-align: middle;\"><strong>Tu\u1ea7n 5<\/strong><\/td>\n<td style=\"height: 21px; width: 18.4825%; vertical-align: middle; background-color: #cae8e8; text-align: center;\">40&#8242;<\/td>\n<td style=\"height: 21px; width: 24.7082%; background-color: #cae8e8; text-align: center;\">19:00 &#8211; 20:30<\/td>\n<td style=\"width: 12.5%; height: 21px; background-color: #cae8e8; text-align: center;\">\u00a0<\/td>\n<td style=\"width: 12.5%; height: 21px; background-color: #cae8e8; text-align: center;\">10:00-12:00<\/td>\n<\/tr>\n<tr style=\"height: 21px;\">\n<td style=\"height: 21px; width: 22.7626%; background-color: #e3dada; text-align: left; vertical-align: middle;\"><strong>Tu\u1ea7n 6<\/strong><\/td>\n<td style=\"height: 21px; width: 18.4825%; vertical-align: middle; background-color: #cae8e8; text-align: center;\">40&#8242;<\/td>\n<td style=\"height: 21px; width: 24.7082%; background-color: #cae8e8; text-align: center;\">19:00 &#8211; 20:30<\/td>\n<td style=\"width: 12.5%; height: 21px; background-color: #cae8e8; text-align: center;\">\u00a0<\/td>\n<td style=\"width: 12.5%; height: 21px; background-color: #cae8e8; text-align: center;\">10:00-12:00<\/td>\n<\/tr>\n<\/tbody>\n<\/table>\n<\/div>\n<div>\u00a0<\/div>\n<div style=\"text-align: justify;\"><strong><br \/>H\u1ecdc ph\u00ed:<\/strong> 3,900,000 \u0111\u1ed3ng\/ kh\u00f3a.<\/div>\n<div>\u00a0<\/div>\n<div><strong>\u0110\u0103ng k\u00fd ngay h\u00f4m nay:<\/strong> <a href=\"https:\/\/bit.ly\/3LlxA1n\">https:\/\/bit.ly\/3LlxA1n<\/a><\/div>\n<div>\u00a0<\/div>\n<div style=\"text-align: justify;\">\u00a0<\/div>\n","protected":false},"excerpt":{"rendered":"<p>K\u1ef9 N\u0103ng N\u00f3i Tr\u01b0\u1edbc C\u00f4ng Ch\u00fang B\u1eb1ng Ti\u1ebfng Anh (eSkills) \u00a0 V\u1edbi m\u1ee5c ti\u00eau x\u00e2y d\u1ef1ng m\u1ed9t th\u1ebf h\u1ec7 Vi\u1ec7t Nam \u01b0u vi\u1ec7t v\u1edbi ph\u01b0\u01a1ng ch\u00e2m \u201cGi\u1ecfi ngo\u1ea1i ng\u1eef, tr\u1eef k\u1ef9 n\u0103ng\u201d. IBI School \u2013 Vietnam ra m\u1eaft kh\u00f3a h\u1ecdc k\u1ef9 n\u0103ng n\u00f3i tr\u01b0\u1edbc c\u00f4ng ch\u00fang b\u1eb1ng ti\u1ebfng Anh v\u1edbi 100% gi\u00e1o vi\u00ean b\u1ea3n ng\u1eef&#8230; [&#8230;]\n","protected":false},"author":2,"featured_media":2021,"parent":0,"menu_order":0,"comment_status":"closed","ping_status":"closed","template":"","meta":{"footnotes":""},"class_list":["post-2011","page","type-page","status-publish","has-post-thumbnail","hentry"],"yoast_head":"<!-- This site is optimized with the Yoast SEO plugin v20.2.1 - https:\/\/yoast.com\/wordpress\/plugins\/seo\/ -->\n<title>N\u00f3i Tr\u01b0\u1edbc C\u00f4ng Ch\u00fang B\u1eb1ng Ti\u1ebfng Anh<\/title>\n<meta name=\"description\" content=\"V\u1edbi m\u1ee5c ti\u00eau x\u00e2y d\u1ef1ng m\u1ed9t th\u1ebf h\u1ec7 Vi\u1ec7t Nam \u01b0u vi\u1ec7t . IBI School \u2013 Vietnam ra m\u1eaft kh\u00f3a h\u1ecdc k\u1ef9 n\u0103ng n\u00f3i tr\u01b0\u1edbc c\u00f4ng ch\u00fang v\u1edbi gi\u00e1o vi\u00ean b\u1ea3n ng\u1eef.\" \/>\n<meta name=\"robots\" content=\"index, follow, max-snippet:-1, max-image-preview:large, max-video-preview:-1\" \/>\n<link rel=\"canonical\" href=\"https:\/\/school.ibi-global.com\/vi\/ky-nang-noi-truoc-cong-chung\/\" \/>\n<meta property=\"og:locale\" content=\"vi_VN\" \/>\n<meta property=\"og:type\" content=\"article\" \/>\n<meta property=\"og:title\" content=\"N\u00f3i Tr\u01b0\u1edbc C\u00f4ng Ch\u00fang B\u1eb1ng Ti\u1ebfng Anh\" \/>\n<meta property=\"og:description\" content=\"V\u1edbi m\u1ee5c ti\u00eau x\u00e2y d\u1ef1ng m\u1ed9t th\u1ebf h\u1ec7 Vi\u1ec7t Nam \u01b0u vi\u1ec7t . IBI School \u2013 Vietnam ra m\u1eaft kh\u00f3a h\u1ecdc k\u1ef9 n\u0103ng n\u00f3i tr\u01b0\u1edbc c\u00f4ng ch\u00fang v\u1edbi gi\u00e1o vi\u00ean b\u1ea3n ng\u1eef.\" \/>\n<meta property=\"og:url\" content=\"https:\/\/school.ibi-global.com\/vi\/ky-nang-noi-truoc-cong-chung\/\" \/>\n<meta property=\"og:site_name\" content=\"IBI School - Vietnam\" \/>\n<meta property=\"article:publisher\" content=\"https:\/\/www.facebook.com\/ibischool.vietnam\" \/>\n<meta property=\"article:modified_time\" content=\"2024-08-09T03:39:47+00:00\" \/>\n<meta property=\"og:image\" content=\"https:\/\/school.ibi-global.com\/wp-content\/uploads\/2024\/03\/public-speaking.jpg\" \/>\n\t<meta property=\"og:image:width\" content=\"555\" \/>\n\t<meta property=\"og:image:height\" content=\"346\" \/>\n\t<meta property=\"og:image:type\" content=\"image\/jpeg\" \/>\n<meta name=\"twitter:card\" content=\"summary_large_image\" \/>\n<meta name=\"twitter:site\" content=\"@flipped_ibi\" \/>\n<meta name=\"twitter:label1\" content=\"Est. reading time\" \/>\n\t<meta name=\"twitter:data1\" content=\"3 minutes\" \/>\n<script type=\"application\/ld+json\" class=\"yoast-schema-graph\">{\"@context\":\"https:\/\/schema.org\",\"@graph\":[{\"@type\":\"WebPage\",\"@id\":\"https:\/\/school.ibi-global.com\/vi\/ky-nang-noi-truoc-cong-chung\/\",\"url\":\"https:\/\/school.ibi-global.com\/vi\/ky-nang-noi-truoc-cong-chung\/\",\"name\":\"N\u00f3i Tr\u01b0\u1edbc C\u00f4ng Ch\u00fang B\u1eb1ng Ti\u1ebfng Anh\",\"isPartOf\":{\"@id\":\"https:\/\/school.ibi-global.com\/vi\/#website\"},\"datePublished\":\"2024-03-28T03:47:06+00:00\",\"dateModified\":\"2024-08-09T03:39:47+00:00\",\"description\":\"V\u1edbi m\u1ee5c ti\u00eau x\u00e2y d\u1ef1ng m\u1ed9t th\u1ebf h\u1ec7 Vi\u1ec7t Nam \u01b0u vi\u1ec7t . IBI School \u2013 Vietnam ra m\u1eaft kh\u00f3a h\u1ecdc k\u1ef9 n\u0103ng n\u00f3i tr\u01b0\u1edbc c\u00f4ng ch\u00fang v\u1edbi gi\u00e1o vi\u00ean b\u1ea3n ng\u1eef.\",\"breadcrumb\":{\"@id\":\"https:\/\/school.ibi-global.com\/vi\/ky-nang-noi-truoc-cong-chung\/#breadcrumb\"},\"inLanguage\":\"vi-VN\",\"potentialAction\":[{\"@type\":\"ReadAction\",\"target\":[\"https:\/\/school.ibi-global.com\/vi\/ky-nang-noi-truoc-cong-chung\/\"]}]},{\"@type\":\"BreadcrumbList\",\"@id\":\"https:\/\/school.ibi-global.com\/vi\/ky-nang-noi-truoc-cong-chung\/#breadcrumb\",\"itemListElement\":[{\"@type\":\"ListItem\",\"position\":1,\"name\":\"Home\",\"item\":\"https:\/\/school.ibi-global.com\/vi\/\"},{\"@type\":\"ListItem\",\"position\":2,\"name\":\"N\u00f3i Tr\u01b0\u1edbc C\u00f4ng Ch\u00fang B\u1eb1ng Ti\u1ebfng Anh\"}]},{\"@type\":\"WebSite\",\"@id\":\"https:\/\/school.ibi-global.com\/vi\/#website\",\"url\":\"https:\/\/school.ibi-global.com\/vi\/\",\"name\":\"IBI School\",\"description\":\"L\u1edbp H\u1ecdc \u0110\u1ea3o Ng\u01b0\u1ee3c Ti\u1ebfng Anh Cho Tr\u1ebb V\u00e0 Thi\u1ebfu Ni\u00ean\",\"publisher\":{\"@id\":\"https:\/\/school.ibi-global.com\/vi\/#organization\"},\"potentialAction\":[{\"@type\":\"SearchAction\",\"target\":{\"@type\":\"EntryPoint\",\"urlTemplate\":\"https:\/\/school.ibi-global.com\/vi\/?s={search_term_string}\"},\"query-input\":\"required name=search_term_string\"}],\"inLanguage\":\"vi-VN\"},{\"@type\":\"Organization\",\"@id\":\"https:\/\/school.ibi-global.com\/vi\/#organization\",\"name\":\"IBI School\",\"url\":\"https:\/\/school.ibi-global.com\/vi\/\",\"logo\":{\"@type\":\"ImageObject\",\"inLanguage\":\"vi-VN\",\"@id\":\"https:\/\/school.ibi-global.com\/vi\/#\/schema\/logo\/image\/\",\"url\":\"https:\/\/school.ibi-global.com\/wp-content\/uploads\/2023\/03\/ibi-school-logo-9168.png\",\"contentUrl\":\"https:\/\/school.ibi-global.com\/wp-content\/uploads\/2023\/03\/ibi-school-logo-9168.png\",\"width\":500,\"height\":435,\"caption\":\"IBI School\"},\"image\":{\"@id\":\"https:\/\/school.ibi-global.com\/vi\/#\/schema\/logo\/image\/\"},\"sameAs\":[\"https:\/\/www.facebook.com\/ibischool.vietnam\",\"https:\/\/twitter.com\/flipped_ibi\",\"https:\/\/vn.linkedin.com\/company\/ibi-school\",\"https:\/\/www.youtube.com\/channel\/UClAXxp1l9MgKTQiwyGKT8QA\"]}]}<\/script>\n<!-- \/ Yoast SEO plugin. -->","yoast_head_json":{"title":"N\u00f3i Tr\u01b0\u1edbc C\u00f4ng Ch\u00fang B\u1eb1ng Ti\u1ebfng Anh","description":"V\u1edbi m\u1ee5c ti\u00eau x\u00e2y d\u1ef1ng m\u1ed9t th\u1ebf h\u1ec7 Vi\u1ec7t Nam \u01b0u vi\u1ec7t . IBI School \u2013 Vietnam ra m\u1eaft kh\u00f3a h\u1ecdc k\u1ef9 n\u0103ng n\u00f3i tr\u01b0\u1edbc c\u00f4ng ch\u00fang v\u1edbi gi\u00e1o vi\u00ean b\u1ea3n ng\u1eef.","robots":{"index":"index","follow":"follow","max-snippet":"max-snippet:-1","max-image-preview":"max-image-preview:large","max-video-preview":"max-video-preview:-1"},"canonical":"https:\/\/school.ibi-global.com\/vi\/ky-nang-noi-truoc-cong-chung\/","og_locale":"vi_VN","og_type":"article","og_title":"N\u00f3i Tr\u01b0\u1edbc C\u00f4ng Ch\u00fang B\u1eb1ng Ti\u1ebfng Anh","og_description":"V\u1edbi m\u1ee5c ti\u00eau x\u00e2y d\u1ef1ng m\u1ed9t th\u1ebf h\u1ec7 Vi\u1ec7t Nam \u01b0u vi\u1ec7t . IBI School \u2013 Vietnam ra m\u1eaft kh\u00f3a h\u1ecdc k\u1ef9 n\u0103ng n\u00f3i tr\u01b0\u1edbc c\u00f4ng ch\u00fang v\u1edbi gi\u00e1o vi\u00ean b\u1ea3n ng\u1eef.","og_url":"https:\/\/school.ibi-global.com\/vi\/ky-nang-noi-truoc-cong-chung\/","og_site_name":"IBI School - Vietnam","article_publisher":"https:\/\/www.facebook.com\/ibischool.vietnam","article_modified_time":"2024-08-09T03:39:47+00:00","og_image":[{"width":555,"height":346,"url":"https:\/\/school.ibi-global.com\/wp-content\/uploads\/2024\/03\/public-speaking.jpg","type":"image\/jpeg"}],"twitter_card":"summary_large_image","twitter_site":"@flipped_ibi","twitter_misc":{"Est. reading time":"3 minutes"},"schema":{"@context":"https:\/\/schema.org","@graph":[{"@type":"WebPage","@id":"https:\/\/school.ibi-global.com\/vi\/ky-nang-noi-truoc-cong-chung\/","url":"https:\/\/school.ibi-global.com\/vi\/ky-nang-noi-truoc-cong-chung\/","name":"N\u00f3i Tr\u01b0\u1edbc C\u00f4ng Ch\u00fang B\u1eb1ng Ti\u1ebfng Anh","isPartOf":{"@id":"https:\/\/school.ibi-global.com\/vi\/#website"},"datePublished":"2024-03-28T03:47:06+00:00","dateModified":"2024-08-09T03:39:47+00:00","description":"V\u1edbi m\u1ee5c ti\u00eau x\u00e2y d\u1ef1ng m\u1ed9t th\u1ebf h\u1ec7 Vi\u1ec7t Nam \u01b0u vi\u1ec7t . IBI School \u2013 Vietnam ra m\u1eaft kh\u00f3a h\u1ecdc k\u1ef9 n\u0103ng n\u00f3i tr\u01b0\u1edbc c\u00f4ng ch\u00fang v\u1edbi gi\u00e1o vi\u00ean b\u1ea3n ng\u1eef.","breadcrumb":{"@id":"https:\/\/school.ibi-global.com\/vi\/ky-nang-noi-truoc-cong-chung\/#breadcrumb"},"inLanguage":"vi-VN","potentialAction":[{"@type":"ReadAction","target":["https:\/\/school.ibi-global.com\/vi\/ky-nang-noi-truoc-cong-chung\/"]}]},{"@type":"BreadcrumbList","@id":"https:\/\/school.ibi-global.com\/vi\/ky-nang-noi-truoc-cong-chung\/#breadcrumb","itemListElement":[{"@type":"ListItem","position":1,"name":"Home","item":"https:\/\/school.ibi-global.com\/vi\/"},{"@type":"ListItem","position":2,"name":"N\u00f3i Tr\u01b0\u1edbc C\u00f4ng Ch\u00fang B\u1eb1ng Ti\u1ebfng Anh"}]},{"@type":"WebSite","@id":"https:\/\/school.ibi-global.com\/vi\/#website","url":"https:\/\/school.ibi-global.com\/vi\/","name":"IBI School","description":"L\u1edbp H\u1ecdc \u0110\u1ea3o Ng\u01b0\u1ee3c Ti\u1ebfng Anh Cho Tr\u1ebb V\u00e0 Thi\u1ebfu Ni\u00ean","publisher":{"@id":"https:\/\/school.ibi-global.com\/vi\/#organization"},"potentialAction":[{"@type":"SearchAction","target":{"@type":"EntryPoint","urlTemplate":"https:\/\/school.ibi-global.com\/vi\/?s={search_term_string}"},"query-input":"required name=search_term_string"}],"inLanguage":"vi-VN"},{"@type":"Organization","@id":"https:\/\/school.ibi-global.com\/vi\/#organization","name":"IBI School","url":"https:\/\/school.ibi-global.com\/vi\/","logo":{"@type":"ImageObject","inLanguage":"vi-VN","@id":"https:\/\/school.ibi-global.com\/vi\/#\/schema\/logo\/image\/","url":"https:\/\/school.ibi-global.com\/wp-content\/uploads\/2023\/03\/ibi-school-logo-9168.png","contentUrl":"https:\/\/school.ibi-global.com\/wp-content\/uploads\/2023\/03\/ibi-school-logo-9168.png","width":500,"height":435,"caption":"IBI School"},"image":{"@id":"https:\/\/school.ibi-global.com\/vi\/#\/schema\/logo\/image\/"},"sameAs":["https:\/\/www.facebook.com\/ibischool.vietnam","https:\/\/twitter.com\/flipped_ibi","https:\/\/vn.linkedin.com\/company\/ibi-school","https:\/\/www.youtube.com\/channel\/UClAXxp1l9MgKTQiwyGKT8QA"]}]}},"_links":{"self":[{"href":"https:\/\/school.ibi-global.com\/vi\/wp-json\/wp\/v2\/pages\/2011","targetHints":{"allow":["GET"]}}],"collection":[{"href":"https:\/\/school.ibi-global.com\/vi\/wp-json\/wp\/v2\/pages"}],"about":[{"href":"https:\/\/school.ibi-global.com\/vi\/wp-json\/wp\/v2\/types\/page"}],"author":[{"embeddable":true,"href":"https:\/\/school.ibi-global.com\/vi\/wp-json\/wp\/v2\/users\/2"}],"replies":[{"embeddable":true,"href":"https:\/\/school.ibi-global.com\/vi\/wp-json\/wp\/v2\/comments?post=2011"}],"version-history":[{"count":33,"href":"https:\/\/school.ibi-global.com\/vi\/wp-json\/wp\/v2\/pages\/2011\/revisions"}],"predecessor-version":[{"id":2675,"href":"https:\/\/school.ibi-global.com\/vi\/wp-json\/wp\/v2\/pages\/2011\/revisions\/2675"}],"wp:featuredmedia":[{"embeddable":true,"href":"https:\/\/school.ibi-global.com\/vi\/wp-json\/wp\/v2\/media\/2021"}],"wp:attachment":[{"href":"https:\/\/school.ibi-global.com\/vi\/wp-json\/wp\/v2\/media?parent=2011"}],"curies":[{"name":"wp","href":"https:\/\/api.w.org\/{rel}","templated":true}]}}