{"id":290,"date":"2023-03-07T05:00:06","date_gmt":"2023-03-07T05:00:06","guid":{"rendered":"http:\/\/school.sunshinevn.com\/?page_id=290"},"modified":"2025-10-25T10:31:40","modified_gmt":"2025-10-25T03:31:40","slug":"sang-lap-vien","status":"publish","type":"page","link":"https:\/\/school.ibi-global.com\/vi\/sang-lap-vien\/","title":{"rendered":"S\u00e1ng l\u1eadp vi\u00ean"},"content":{"rendered":"<h2 class=\"news-detail-title\">S\u00e1ng l\u1eadp vi\u00ean<\/h2>\n<div class=\"wysiwyg\">\n<p style=\"text-align: center;\"><span style=\"color: #efbf04; font-size: 120%;\"><strong>Th\u00f4ng \u0111i\u1ec7p t\u1eeb nh\u1eefng nh\u00e0 s\u00e1ng l\u1eadp<\/strong><\/span><\/p>\n<p style=\"text-align: justify;\">Qu\u00fd Ph\u1ee5 Huynh th\u00e2n m\u1ebfn,<\/p>\n<p style=\"text-align: justify;\">Tr\u1ea3i qua h\u01a1n 20 n\u0103m th\u0103ng tr\u1ea7m, m\u00f4 h\u00ecnh l\u1edbp h\u1ecdc \u0111\u1ea3o ng\u01b0\u1ee3c b\u1eaft \u0111\u1ea7u kh\u1eb3ng \u0111\u1ecbnh t\u00ednh \u01b0u vi\u1ec7t!\u00a0V\u1edbi s\u1ef1 h\u1ed7 tr\u1ee3 t\u1eeb c\u00f4ng ngh\u1ec7 ti\u00ean ti\u1ebfn, l\u1edbp h\u1ecdc \u0111\u1ea3o ng\u01b0\u1ee3c \u0111ang \u0111\u01b0\u1ee3c \u1ee9ng d\u1ee5ng r\u1ed9ng r\u00e3i h\u01a1n v\u00e0 s\u00e1ng t\u1ea1o h\u01a1n t\u1eeb c\u00e1c t\u1ed5 ch\u1ee9c gi\u00e1o d\u1ee5c v\u00e0 t\u1ed5 ch\u1ee9c c\u00f4ng ngh\u1ec7 gi\u00e1o d\u1ee5c tr\u00ean to\u00e0n th\u1ebf gi\u1edbi, v\u1edbi m\u1ee5c \u0111\u00edch cu\u1ed1i c\u00f9ng l\u00e0 n\u00e2ng t\u1ea7m gi\u00e1 tr\u1ecb c\u1ed1t l\u00f5i c\u1ee7a m\u00f4 h\u00ecnh n\u00e0y:\u00a0<strong><a href=\"https:\/\/school.ibi-global.com\/vi\/2023\/03\/12\/mo-hinh-lay-hoc-tieng-anh-lay-hoc-vien-lam-trung-tam\/\">Chuy\u1ec3n h\u1ecdc vi\u00ean th\u00e0nh trung t\u00e2m c\u1ee7a qu\u00e1 tr\u00ecnh h\u1ecdc<\/a> v\u00e0 r\u00e8n luy\u1ec7n <a href=\"https:\/\/school.ibi-global.com\/vi\/2023\/03\/13\/lop-hoc-dao-nguoc-giup-xay-dung-tinh-chu-dong-trong-hoc-tap\/\">n\u0103ng l\u1ef1c t\u1ef1 h\u1ecdc cho h\u1ecdc vi\u00ean<\/a>.<\/strong><\/p>\n<p style=\"text-align: justify;\">L\u00e0 nh\u1eefng ng\u01b0\u1eddi l\u00e0m gi\u00e1o d\u1ee5c l\u00e2u n\u0103m, ch\u00fang t\u00f4i nh\u1eadn th\u1ea5y r\u1eb1ng, r\u1ea5t nhi\u1ec1u h\u1ec7 th\u1ed1ng gi\u00e1o d\u1ee5c t\u1ea1i c\u00e1c n\u01b0\u1edbc tr\u00ean th\u1ebf gi\u1edbi, trong \u0111\u00f3 c\u00f3 Vi\u1ec7t Nam v\u1eabn \u0111ang &#8220;loay hoay&#8221; trong vi\u1ec7c t\u00ecm ra ph\u01b0\u01a1ng ph\u00e1p d\u1ea1y ti\u1ebfng Anh hi\u1ec7u qu\u1ea3 c\u0169ng nh\u01b0 ch\u01b0a th\u1ef1c s\u1ef1 \u0111\u00e1nh gi\u00e1 \u0111\u00fang vai tr\u00f2 c\u1ee7a k\u1ef9 n\u0103ng m\u1ec1m v\u00e0 k\u1ef9 n\u0103ng s\u00e1ng t\u1ea1o cho h\u1ecdc vi\u00ean.\u00a0<strong>C\u00e1c k\u1ef9 n\u0103ng c\u1ea7n thi\u1ebft cho s\u1ef1 th\u00edch \u1ee9ng v\u00e0 th\u00e0nh c\u00f4ng c\u1ee7a h\u1ecdc vi\u00ean trong th\u1ebf k\u1ef7 21.\u00a0<\/strong><\/p>\n<p style=\"text-align: justify;\">\u0110\u00e2y c\u0169ng ch\u00ednh l\u00e0 tr\u0103n tr\u1edf nhi\u1ec1u n\u0103m c\u1ee7a ch\u00fang t\u00f4i:<em> L\u00e0m sao gi\u00fap h\u1ecdc vi\u00ean r\u00e8n luy\u1ec7n \u0111\u01b0\u1ee3c kh\u1ea3 n\u0103ng t\u1ef1 h\u1ecdc? L\u00e0m sao gi\u00fap h\u1ecdc vi\u00ean d\u00f9ng m\u00e1y t\u00ednh b\u1ea3ng ho\u1eb7c \u0111i\u1ec7n tho\u1ea1i th\u00f4ng minh cho vi\u1ec7c h\u1ecdc v\u00e0 nghi\u00ean c\u1ee9u thay cho vi\u1ec7c ch\u01a1i game ho\u1eb7c c\u00e1c ho\u1ea1t \u0111\u1ed9ng tr\u1ef1c tuy\u1ebfn kh\u00f4ng b\u1ed5 \u00edch? L\u00e0m sao gi\u00fap h\u1ecdc vi\u00ean c\u00e2n b\u1eb1ng gi\u1eefa vi\u1ec7c s\u1eed d\u1ee5ng c\u00f4ng ngh\u1ec7 v\u00e0 tr\u1ea3i nghi\u1ec7m cu\u1ed9c s\u1ed1ng?<\/em><\/p>\n<p style=\"text-align: justify;\">M\u00f4 h\u00ecnh l\u1edbp h\u1ecdc \u0111\u1ea3o ng\u01b0\u1ee3c \u0111\u00e0o t\u1ea1o ti\u1ebfng Anh t\u1ea1i\u00a0<strong>IBI School<\/strong>\u00a0\u0111\u01b0\u1ee3c\u00a0ra \u0111\u1eddi t\u1eeb nh\u1eefng tr\u0103n tr\u1edf n\u00e0y. M\u00f4 h\u00ecnh l\u00e0 s\u1ef1 k\u1ebft h\u1ee3p h\u00e0i h\u00f2a gi\u1eefa vi\u1ec7c t\u1ef1 h\u1ecdc ti\u1ebfng Anh qua ch\u01b0\u01a1ng tr\u00ecnh t\u1ef1 h\u1ecdc 24\/7, h\u1ecdc t\u01b0\u01a1ng t\u00e1c v\u1edbi gi\u00e1o vi\u00ean v\u00e0 b\u1ea1n h\u1ecdc qua l\u1edbp h\u1ecdc live, c\u1ed9ng h\u01b0\u1edfng v\u1edbi vi\u1ec7c \u1ee9ng d\u1ee5ng ki\u1ebfn th\u1ee9c v\u00e0o cu\u1ed9c s\u1ed1ng qua ch\u01b0\u01a1ng tr\u00ecnh gi\u00e1o d\u1ee5c ngo\u1ea1i kh\u00f3a \u0111\u01b0\u1ee3c t\u00edch h\u1ee3p trong ch\u01b0\u01a1ng tr\u00ecnh,\u00a0<strong>gi\u00fap h\u1ecdc vi\u00ean kh\u00f4ng nh\u1eefng ph\u00e1t tri\u1ec3n t\u1ed1t c\u00e1c k\u1ef9 n\u0103ng ti\u1ebfng Anh m\u00e0 c\u00f2n r<a href=\"https:\/\/school.ibi-global.com\/vi\/2023\/03\/12\/hoc-qua-du-an-giup-tre-xay-dung-ky-nang-mem\/\">\u00e8n luy\u1ec7n k\u1ef9 n\u0103ng m\u1ec1m v\u00e0 s\u00e1ng t\u1ea1o.\u00a0<\/a><\/strong><\/p>\n<p style=\"text-align: justify;\">B\u00ean c\u1ea1nh \u0111\u00f3, h\u1ec7 th\u1ed1ng qu\u1ea3n tr\u1ecb t\u1ef1 \u0111\u1ed9ng IBI School gi\u00fap k\u1ebft n\u1ed1i h\u1ecdc vi\u00ean, ph\u1ee5 huynh v\u00e0 nh\u00e0 tr\u01b0\u1eddng t\u1ea1o n\u1ec1n t\u1ea3ng t\u1ed1t cho vi\u1ec7c ch\u0103m s\u00f3c h\u1ecdc vi\u00ean t\u1ea1i IBI School.<\/p>\n<p style=\"text-align: justify;\">Cu\u1ed1i c\u00f9ng, ch\u00fang t\u00f4i c\u1ea3m \u01a1n s\u1ef1 \u1ee7ng h\u1ed9 c\u1ee7a Qu\u00fd ph\u1ee5 huynh v\u00e0 h\u1ecdc vi\u00ean d\u00e0nh cho IBI School.\u00a0<strong>Ch\u00fang t\u00f4i cam k\u1ebft gi\u1eef g\u00ecn truy\u1ec1n th\u1ed1ng kh\u00f4ng ng\u1eebng ngh\u1ec9 s\u00e1ng t\u1ea1o trong gi\u00e1o d\u1ee5c<\/strong>\u00a0\u0111\u1ec3 mang \u0111\u1ebfn m\u1ed9t m\u00f4i tr\u01b0\u1eddng h\u1ecdc t\u1eadp n\u01a1i m\u00e0 t\u1eebng b\u01b0\u1edbc \u0111i trong h\u00e0nh tr\u00ecnh\u00a0c\u1ee7a m\u1ed7i h\u1ecdc vi\u00ean lu\u00f4n \u0111\u01b0\u1ee3c quan t\u00e2m \u0111\u00fang m\u1ef1c.<\/p>\n<p style=\"text-align: center;\"><span style=\"color: #ff6600;\"><strong>S\u00e1ng l\u1eadp vi\u00ean<\/strong><\/span><\/p>\n<table class=\"aligncenter\" border=\"1\" cellspacing=\"1\" cellpadding=\"1\" align=\"left\">\n<tbody>\n<tr>\n<td style=\"width: 260px; text-align: center; vertical-align: middle;\"><img decoding=\"async\" style=\"font-family: inherit; font-size: inherit;\" src=\"https:\/\/school.ibi-global.com\/wp-content\/uploads\/2023\/03\/Robin-Nguyen.jpg\" alt=\"\" \/><\/p>\n<p><strong>Robin Nguyen<\/strong><\/p>\n<p>S\u00e1ng L\u1eadp IBI School | Vi\u1ec7t Nam<\/p>\n<\/td>\n<td>\n<p style=\"text-align: justify;\">\u0110\u01b0\u1ee3c ch\u1ecdn l\u00e0 m\u1ed9t trong 100 nh\u00e0 gi\u00e1o d\u1ee5c \u0111\u01b0\u1ee3c ng\u01b0\u1ee1ng m\u1ed9 to\u00e0n c\u1ea7u n\u0103m 2021 b\u1edfi t\u1ea1p ch\u00ed\u00a0The Excelligent\u00a0c\u00f3 tr\u1ee5 s\u1edf t\u1ea1i M\u1ef9. \u00d4ng Robin Nguyen l\u00e0 ng\u01b0\u1eddi d\u01b0\u1eddng nh\u01b0 \u0111\u00e3 d\u00e0nh tr\u1ecdn qu\u1ea3ng \u0111\u01b0\u1eddng s\u1ef1 nghi\u1ec7p c\u1ee7a m\u00ecnh cho gi\u00e1o d\u1ee5c v\u1edbi h\u01a1n 16 n\u0103m kinh nghi\u1ec7m. \u00d4ng c\u0169ng l\u00e0 ng\u01b0\u1eddi s\u00e1ng l\u1eadp c\u00f4ng ty c\u00f4ng ngh\u1ec7 gi\u00e1o d\u1ee5c\u00a0<a href=\"https:\/\/ibi-global.com\/\" target=\"_blank\" rel=\"noopener\">IBI Global,<\/a>\u00a0c\u00f4ng ty li\u00ean t\u1ee5c \u0111\u01b0\u1ee3c ch\u1ecdn trong danh s\u00e1ch nh\u1eefng c\u00f4ng ty c\u00f4ng ngh\u1ec7 gi\u00e1o d\u1ee5c c\u00f3 gi\u1ea3i ph\u00e1p t\u1ed1t nh\u1ea5t to\u00e0n c\u1ea7u c\u00e1c n\u0103m 2020, 2021 v\u00e0 2022 b\u1edfi\u00a0<a href=\"https:\/\/www.edtechdigest.com\/the-edtech-awards\/\" target=\"_blank\" rel=\"noopener\">The EdTech Awards<\/a>. \u00d4ng tin r\u1eb1ng\u00a0<strong>gi\u00e1o d\u1ee5c ch\u00ednh l\u00e0 v\u0169 kh\u00ed t\u1ed1t nh\u1ea5t \u0111\u1ec3 thay \u0111\u1ed5i th\u1ebf gi\u1edbi\u00a0<\/strong>trong \u0111\u00f3 gi\u00e1o d\u1ee5c cho tr\u1ebb em \u0111\u00f3ng v\u00e0i tr\u00f2 quan tr\u1ecdng h\u00e0ng \u0111\u1ea7u.<\/p>\n<p style=\"text-align: justify;\">\u00d4ng Robin Nguyen c\u0169ng l\u00e0 \u0111\u1ed3ng t\u00e1c gi\u1ea3 c\u1ee7a cu\u1ed1n s\u00e1ch\u00a0&#8220;The EdTech book&#8221; \u0111\u01b0\u1ee3c xu\u1ea5t b\u1ea3n to\u00e0n c\u1ea7u, s\u00e1ch hi\u1ec7n \u0111ang \u0111\u01b0\u1ee3c b\u00e1n tr\u00ean <a href=\"https:\/\/amzn.to\/3h6Bu1m\" target=\"_blank\" rel=\"noopener\">Amazon v\u1edbi\u00a0t\u00ean <\/a><a href=\"https:\/\/www.amazon.com\/EdTech-Book-Worlds-First-Crowdsourced\/dp\/B0BQ9KTJ2W\/ref=sr_1_6?crid=19GSYXG54ANQR&amp;keywords=edtech+book&amp;qid=1675735931&amp;sprefix=edtech+book%2Caps%2C419&amp;sr=8-6\">&#8220;<\/a><a href=\"https:\/\/www.amazon.com\/EdTech-Book-Worlds-First-Crowdsourced\/dp\/B0BQ9KTJ2W\/ref=sr_1_6?crid=19GSYXG54ANQR&amp;keywords=edtech+book&amp;qid=1675735931&amp;sprefix=edtech+book%2Caps%2C419&amp;sr=8-6\">The World&#8217;s First Crowdsourced Book On Education Technology&#8221;<\/a>. Tr\u01b0\u1edbc \u0111\u00f3, s\u00e1ch <a href=\"https:\/\/fintechcircle.com\/fintech-book\/\" target=\"_blank\" rel=\"noopener\">&#8220;The FinTech Book&#8221;<\/a> c\u1ee7a <a href=\"https:\/\/www.superchargerventures.com\/\" target=\"_blank\" rel=\"noopener\">SuperCharger Ventures<\/a>\u00a0\u0111\u00e3 tr\u1edf th\u00e0nh\u00a0cu\u1ed1n s\u00e1ch b\u00e1n ch\u1ea1y nh\u1ea5t to\u00e0n c\u1ea7u.<\/p>\n<\/td>\n<\/tr>\n<tr>\n<td style=\"text-align: center; vertical-align: middle;\"><img decoding=\"async\" src=\"https:\/\/school.ibi-global.com\/wp-content\/uploads\/2023\/03\/Nguyen-Thanh-Tu.png\" alt=\"\" \/><\/p>\n<p><strong>Nguy\u1ec5n Thanh T\u00fa<\/strong><\/p>\n<p>\u0110\u1ed3ng S\u00e1ng L\u1eadp IBI School | Vi\u1ec7t Nam<\/p>\n<\/td>\n<td>\n<p style=\"text-align: justify;\">\u00d4ng Nguy\u1ec5n Thanh T\u00fa hi\u1ec7n l\u00e0 Ch\u1ee7 t\u1ecbch h\u1ed9i \u0111\u1ed3ng qu\u1ea3n tr\u1ecb\u00a0<a href=\"http:\/\/nts.com.vn\/#\" target=\"_blank\" rel=\"noopener\">NTS Group<\/a>, m\u1ed9t trong nh\u1eefng c\u00f4ng ty ti\u00ean phong v\u1ec1 c\u00e1c gi\u1ea3i ph\u00e1p c\u00f4ng ngh\u1ec7 t\u1ea1i Vi\u1ec7t Nam. \u00d4ng l\u00e0 ng\u01b0\u1eddi\u00a0<strong>r\u1ea5t t\u00e2m huy\u1ebft v\u1edbi s\u1ef1 nghi\u1ec7p tr\u1ed3ng ng\u01b0\u1eddi<\/strong>\u00a0\u0111i\u1ec3n h\u00ecnh l\u00e0 vi\u1ec7c th\u00e0nh l\u1eadp\u00a0<a href=\"http:\/\/nts.com.vn\/quy-ho-tro-giao-duc\" target=\"_blank\" rel=\"noopener\">Qu\u1ef9 h\u1ed7 tr\u1ee3 gi\u00e1o d\u1ee5c NTS Kaspersky<\/a>, ho\u1ea1t \u0111\u1ed9ng \u0111\u00e3 \u0111\u01b0\u1ee3c 10 n\u0103m mang \u0111\u1ebfn cho c\u00e1c em h\u1ecdc sinh c\u00f3 ho\u00e0n c\u1ea3nh kh\u00f3 kh\u0103n v\u01b0\u01a1n l\u00ean, v\u01b0\u1ee3t kh\u00f3 h\u1ecdc gi\u1ecfi b\u1eb1ng nh\u1eefng ph\u1ea7n qu\u00e0 \u0111\u1ed9ng vi\u00ean v\u00e0 h\u1ecdc b\u1ed5ng h\u1ed7 tr\u1ee3. Qu\u1ef9 NTS Kaspersky l\u00e0 \u0111\u1ed1i t\u00e1c c\u1ee7a \u0110o\u00e0n Thanh Ni\u00ean tri\u1ec3n khai c\u00e1c chi\u1ebfn d\u1ecbch t\u1eeb thi\u1ec7n Xu\u00e2n bi\u00ean gi\u1edbi cho tr\u1ebb em ngh\u00e8o, M\u00f9a H\u00e8 Xanh \u0111\u1ebfn c\u00e1c v\u00f9ng qu\u00ea \u2026<\/p>\n<p style=\"text-align: justify;\">Vi\u1ec7c \u0111\u1ed3ng h\u00e0nh c\u00f9ng IBI School | Vi\u1ec7t Nam kh\u1eb3ng \u0111\u1ecbnh h\u01a1n n\u1eeda n\u1ed5 l\u1ef1c c\u1ee7a \u00f4ng trong \u0111\u1ed1i v\u1edbi s\u1ef1 nghi\u1ec7p gi\u00e1o d\u1ee5c.<\/p>\n<\/td>\n<\/tr>\n<tr>\n<td style=\"text-align: center; vertical-align: middle;\"><img loading=\"lazy\" decoding=\"async\" class=\"aligncenter size-thumbnail wp-image-594\" src=\"https:\/\/school.ibi-global.com\/wp-content\/uploads\/2023\/03\/Katie-Nguyen2-280x280.jpg\" alt=\"\" width=\"280\" height=\"280\" srcset=\"https:\/\/school.ibi-global.com\/wp-content\/uploads\/2023\/03\/Katie-Nguyen2-280x280.jpg 280w, https:\/\/school.ibi-global.com\/wp-content\/uploads\/2023\/03\/Katie-Nguyen2-300x300.jpg 300w, https:\/\/school.ibi-global.com\/wp-content\/uploads\/2023\/03\/Katie-Nguyen2-100x100.jpg 100w\" sizes=\"auto, (max-width: 280px) 100vw, 280px\" \/><\/p>\n<p><strong>Katie Nguyen<\/strong><\/p>\n<p>\u0110\u1ed3ng S\u00e1ng L\u1eadp\u00a0IBI School | Vi\u1ec7t Nam<\/p>\n<\/td>\n<td>\n<p style=\"text-align: justify;\">L\u00e0 qu\u1ea3n l\u00fd c\u1ea5p cao c\u1ee7a nhi\u1ec1u t\u1eadp \u0111o\u00e0n gi\u00e1o d\u1ee5c qu\u1ed1c t\u1ebf l\u1edbn t\u1ea1i Vi\u1ec7t Nam. C\u00f4 Katie Nguyen c\u00f3 \u0111\u01b0\u1ee3c <strong>s\u1ef1 \u0111\u00e0o t\u1ea1o b\u00e0i b\u1ea3n v\u00e0 am hi\u1ec3u ng\u00e0nh gi\u00e1o d\u1ee5c trong v\u00e0 ngo\u00e0i n\u01b0\u1edbc<\/strong>, \u0111\u1eb7c bi\u1ec7t trong vi\u1ec7c \u0111\u00e0o t\u1ea1o tr\u1ebb em v\u00e0 thi\u1ebfu ni\u00ean.<\/p>\n<p style=\"text-align: justify;\">Vi\u1ec7c c\u00f4 tham gia gia \u0111\u00ecnh IBI School | Vi\u1ec7t Nam s\u1ebd gi\u00fap ph\u1ee5 huynh hi\u1ec3u r\u00f5 h\u01a1n c\u00e1c m\u00f4 h\u00ecnh \u0111\u00e0o t\u1ea1o t\u1eeb \u0111\u00f3 c\u00f3 ch\u1ecdn l\u1ef1a t\u1ed1t nh\u1ea5t cho con c\u1ee7a m\u00ecnh.<\/p>\n<\/td>\n<\/tr>\n<tr>\n<td style=\"text-align: center; vertical-align: middle;\"><img decoding=\"async\" src=\"https:\/\/school.ibi-global.com\/wp-content\/uploads\/2023\/03\/Silvia.jpg\" alt=\"\" \/><\/p>\n<p><strong>Silvia Buonpadre\u00a0<\/strong><\/p>\n<p>Gi\u00e1m \u0110\u1ed1c H\u1ecdc V\u1ee5 IBI School | Vi\u1ec7t Nam<\/p>\n<\/td>\n<td>\n<p style=\"text-align: justify;\">L\u00e0 gi\u00e1o vi\u00ean t\u00e0i n\u0103ng v\u00e0 qu\u1ea3n l\u00fd c\u1ea5p trung t\u1ea1i c\u00e1c tr\u01b0\u1eddng c\u00f4ng l\u1eadp \u1edf Anh v\u00e0 \u00dac. \u0110\u1eb7c bi\u1ec7t v\u1edbi kinh nghi\u1ec7m gi\u1ea3ng d\u1ea1y h\u01a1n 10\u00a0n\u0103m t\u1ea1i Vi\u1ec7t Nam. C\u00f4 Silvia l\u00e0 ng\u01b0\u1eddi r\u1ea5t\u00a0<strong>th\u1ea5u hi\u1ec3u h\u1ecdc vi\u00ean, \u0111\u1eb7c bi\u1ec7t c\u00f4 r\u1ea5t y\u00eau tr\u1ebb em v\u00e0 y\u00eau ngh\u1ec1.\u00a0<\/strong><\/p>\n<p style=\"text-align: justify;\">\u0110\u1ed1i v\u1edbi c\u00f4, \u0111\u1ecdc s\u00e1ch, gi\u1ea3ng d\u1ea1y v\u00e0 vi\u1ebft l\u00e1ch l\u00e0 \u0111i\u1ec1u kh\u00f4ng th\u1ec3 t\u00e1ch r\u1eddi trong cu\u1ed9c s\u1ed1ng c\u1ee7a c\u00f4.<\/p>\n<p style=\"text-align: justify;\">Vi\u1ec7c c\u00f4 g\u1eafn b\u00f3 v\u1edbi IBI School | Vi\u1ec7t Nam s\u1ebd gi\u00fap h\u00e0nh tr\u00ecnh h\u1ecdc t\u1eadp c\u1ee7a h\u1ecdc vi\u00ean \u0111\u01b0\u1ee3c thi\u1ebft k\u1ebf hi\u1ec7u qu\u1ea3 v\u00e0 truy\u1ec1n c\u1ea3m h\u1ee9ng.<\/p>\n<\/td>\n<\/tr>\n<\/tbody>\n<\/table>\n<p style=\"text-align: center;\">\u00a0<\/p>\n<\/div>\n","protected":false},"excerpt":{"rendered":"<p>S\u00e1ng l\u1eadp vi\u00ean Th\u00f4ng \u0111i\u1ec7p t\u1eeb nh\u1eefng nh\u00e0 s\u00e1ng l\u1eadp Qu\u00fd Ph\u1ee5 Huynh th\u00e2n m\u1ebfn, Tr\u1ea3i qua h\u01a1n 20 n\u0103m th\u0103ng tr\u1ea7m, m\u00f4 h\u00ecnh l\u1edbp h\u1ecdc \u0111\u1ea3o ng\u01b0\u1ee3c b\u1eaft \u0111\u1ea7u kh\u1eb3ng \u0111\u1ecbnh t\u00ednh \u01b0u vi\u1ec7t!\u00a0V\u1edbi s\u1ef1 h\u1ed7 tr\u1ee3 t\u1eeb c\u00f4ng ngh\u1ec7 ti\u00ean ti\u1ebfn, l\u1edbp h\u1ecdc \u0111\u1ea3o ng\u01b0\u1ee3c \u0111ang \u0111\u01b0\u1ee3c \u1ee9ng d\u1ee5ng r\u1ed9ng r\u00e3i h\u01a1n v\u00e0.. [&#8230;]\n","protected":false},"author":1,"featured_media":0,"parent":0,"menu_order":0,"comment_status":"closed","ping_status":"closed","template":"","meta":{"footnotes":""},"class_list":["post-290","page","type-page","status-publish","hentry"],"yoast_head":"<!-- This site is optimized with the Yoast SEO plugin v20.2.1 - https:\/\/yoast.com\/wordpress\/plugins\/seo\/ -->\n<title>S\u00e1ng l\u1eadp vi\u00ean<\/title>\n<meta name=\"description\" content=\"Gi\u00e1 tr\u1ecb c\u1ed1t l\u00f5i c\u1ee7a m\u00f4 h\u00ecnh h\u1ecdc \u0111\u1ea3o ng\u01b0\u1ee3c IBI l\u00e0 chuy\u1ec3n h\u1ecdc vi\u00ean th\u00e0nh trung t\u00e2m c\u1ee7a qu\u00e1 tr\u00ecnh h\u1ecdc v\u00e0 r\u00e8n luy\u1ec7n n\u0103ng l\u1ef1c t\u1ef1 h\u1ecdc cho h\u1ecdc vi\u00ean.\" \/>\n<meta name=\"robots\" content=\"index, follow, max-snippet:-1, max-image-preview:large, max-video-preview:-1\" \/>\n<link rel=\"canonical\" href=\"https:\/\/school.ibi-global.com\/vi\/sang-lap-vien\/\" \/>\n<meta property=\"og:locale\" content=\"vi_VN\" \/>\n<meta property=\"og:type\" content=\"article\" \/>\n<meta property=\"og:title\" content=\"S\u00e1ng l\u1eadp vi\u00ean\" \/>\n<meta property=\"og:description\" content=\"Gi\u00e1 tr\u1ecb c\u1ed1t l\u00f5i c\u1ee7a m\u00f4 h\u00ecnh h\u1ecdc \u0111\u1ea3o ng\u01b0\u1ee3c IBI l\u00e0 chuy\u1ec3n h\u1ecdc vi\u00ean th\u00e0nh trung t\u00e2m c\u1ee7a qu\u00e1 tr\u00ecnh h\u1ecdc v\u00e0 r\u00e8n luy\u1ec7n n\u0103ng l\u1ef1c t\u1ef1 h\u1ecdc cho h\u1ecdc vi\u00ean.\" \/>\n<meta property=\"og:url\" content=\"https:\/\/school.ibi-global.com\/vi\/sang-lap-vien\/\" \/>\n<meta property=\"og:site_name\" content=\"IBI School - Vietnam\" \/>\n<meta property=\"article:publisher\" content=\"https:\/\/www.facebook.com\/ibischool.vietnam\" \/>\n<meta property=\"article:modified_time\" content=\"2025-10-25T03:31:40+00:00\" \/>\n<meta property=\"og:image\" content=\"https:\/\/school.ibi-global.com\/wp-content\/uploads\/2023\/03\/Robin-Nguyen.jpg\" \/>\n<meta name=\"twitter:card\" content=\"summary_large_image\" \/>\n<meta name=\"twitter:site\" content=\"@flipped_ibi\" \/>\n<meta name=\"twitter:label1\" content=\"Est. reading time\" \/>\n\t<meta name=\"twitter:data1\" content=\"6 minutes\" \/>\n<script type=\"application\/ld+json\" class=\"yoast-schema-graph\">{\"@context\":\"https:\/\/schema.org\",\"@graph\":[{\"@type\":\"WebPage\",\"@id\":\"https:\/\/school.ibi-global.com\/vi\/sang-lap-vien\/\",\"url\":\"https:\/\/school.ibi-global.com\/vi\/sang-lap-vien\/\",\"name\":\"S\u00e1ng l\u1eadp vi\u00ean\",\"isPartOf\":{\"@id\":\"https:\/\/school.ibi-global.com\/vi\/#website\"},\"datePublished\":\"2023-03-07T05:00:06+00:00\",\"dateModified\":\"2025-10-25T03:31:40+00:00\",\"description\":\"Gi\u00e1 tr\u1ecb c\u1ed1t l\u00f5i c\u1ee7a m\u00f4 h\u00ecnh h\u1ecdc \u0111\u1ea3o ng\u01b0\u1ee3c IBI l\u00e0 chuy\u1ec3n h\u1ecdc vi\u00ean th\u00e0nh trung t\u00e2m c\u1ee7a qu\u00e1 tr\u00ecnh h\u1ecdc v\u00e0 r\u00e8n luy\u1ec7n n\u0103ng l\u1ef1c t\u1ef1 h\u1ecdc cho h\u1ecdc vi\u00ean.\",\"breadcrumb\":{\"@id\":\"https:\/\/school.ibi-global.com\/vi\/sang-lap-vien\/#breadcrumb\"},\"inLanguage\":\"vi-VN\",\"potentialAction\":[{\"@type\":\"ReadAction\",\"target\":[\"https:\/\/school.ibi-global.com\/vi\/sang-lap-vien\/\"]}]},{\"@type\":\"BreadcrumbList\",\"@id\":\"https:\/\/school.ibi-global.com\/vi\/sang-lap-vien\/#breadcrumb\",\"itemListElement\":[{\"@type\":\"ListItem\",\"position\":1,\"name\":\"Home\",\"item\":\"https:\/\/school.ibi-global.com\/vi\/\"},{\"@type\":\"ListItem\",\"position\":2,\"name\":\"S\u00e1ng l\u1eadp vi\u00ean\"}]},{\"@type\":\"WebSite\",\"@id\":\"https:\/\/school.ibi-global.com\/vi\/#website\",\"url\":\"https:\/\/school.ibi-global.com\/vi\/\",\"name\":\"IBI School\",\"description\":\"L\u1edbp H\u1ecdc \u0110\u1ea3o Ng\u01b0\u1ee3c Ti\u1ebfng Anh Cho Tr\u1ebb V\u00e0 Thi\u1ebfu Ni\u00ean\",\"publisher\":{\"@id\":\"https:\/\/school.ibi-global.com\/vi\/#organization\"},\"potentialAction\":[{\"@type\":\"SearchAction\",\"target\":{\"@type\":\"EntryPoint\",\"urlTemplate\":\"https:\/\/school.ibi-global.com\/vi\/?s={search_term_string}\"},\"query-input\":\"required name=search_term_string\"}],\"inLanguage\":\"vi-VN\"},{\"@type\":\"Organization\",\"@id\":\"https:\/\/school.ibi-global.com\/vi\/#organization\",\"name\":\"IBI School\",\"url\":\"https:\/\/school.ibi-global.com\/vi\/\",\"logo\":{\"@type\":\"ImageObject\",\"inLanguage\":\"vi-VN\",\"@id\":\"https:\/\/school.ibi-global.com\/vi\/#\/schema\/logo\/image\/\",\"url\":\"https:\/\/school.ibi-global.com\/wp-content\/uploads\/2023\/03\/ibi-school-logo-9168.png\",\"contentUrl\":\"https:\/\/school.ibi-global.com\/wp-content\/uploads\/2023\/03\/ibi-school-logo-9168.png\",\"width\":500,\"height\":435,\"caption\":\"IBI School\"},\"image\":{\"@id\":\"https:\/\/school.ibi-global.com\/vi\/#\/schema\/logo\/image\/\"},\"sameAs\":[\"https:\/\/www.facebook.com\/ibischool.vietnam\",\"https:\/\/twitter.com\/flipped_ibi\",\"https:\/\/vn.linkedin.com\/company\/ibi-school\",\"https:\/\/www.youtube.com\/channel\/UClAXxp1l9MgKTQiwyGKT8QA\"]}]}<\/script>\n<!-- \/ Yoast SEO plugin. -->","yoast_head_json":{"title":"S\u00e1ng l\u1eadp vi\u00ean","description":"Gi\u00e1 tr\u1ecb c\u1ed1t l\u00f5i c\u1ee7a m\u00f4 h\u00ecnh h\u1ecdc \u0111\u1ea3o ng\u01b0\u1ee3c IBI l\u00e0 chuy\u1ec3n h\u1ecdc vi\u00ean th\u00e0nh trung t\u00e2m c\u1ee7a qu\u00e1 tr\u00ecnh h\u1ecdc v\u00e0 r\u00e8n luy\u1ec7n n\u0103ng l\u1ef1c t\u1ef1 h\u1ecdc cho h\u1ecdc vi\u00ean.","robots":{"index":"index","follow":"follow","max-snippet":"max-snippet:-1","max-image-preview":"max-image-preview:large","max-video-preview":"max-video-preview:-1"},"canonical":"https:\/\/school.ibi-global.com\/vi\/sang-lap-vien\/","og_locale":"vi_VN","og_type":"article","og_title":"S\u00e1ng l\u1eadp vi\u00ean","og_description":"Gi\u00e1 tr\u1ecb c\u1ed1t l\u00f5i c\u1ee7a m\u00f4 h\u00ecnh h\u1ecdc \u0111\u1ea3o ng\u01b0\u1ee3c IBI l\u00e0 chuy\u1ec3n h\u1ecdc vi\u00ean th\u00e0nh trung t\u00e2m c\u1ee7a qu\u00e1 tr\u00ecnh h\u1ecdc v\u00e0 r\u00e8n luy\u1ec7n n\u0103ng l\u1ef1c t\u1ef1 h\u1ecdc cho h\u1ecdc vi\u00ean.","og_url":"https:\/\/school.ibi-global.com\/vi\/sang-lap-vien\/","og_site_name":"IBI School - Vietnam","article_publisher":"https:\/\/www.facebook.com\/ibischool.vietnam","article_modified_time":"2025-10-25T03:31:40+00:00","og_image":[{"url":"https:\/\/school.ibi-global.com\/wp-content\/uploads\/2023\/03\/Robin-Nguyen.jpg"}],"twitter_card":"summary_large_image","twitter_site":"@flipped_ibi","twitter_misc":{"Est. reading time":"6 minutes"},"schema":{"@context":"https:\/\/schema.org","@graph":[{"@type":"WebPage","@id":"https:\/\/school.ibi-global.com\/vi\/sang-lap-vien\/","url":"https:\/\/school.ibi-global.com\/vi\/sang-lap-vien\/","name":"S\u00e1ng l\u1eadp vi\u00ean","isPartOf":{"@id":"https:\/\/school.ibi-global.com\/vi\/#website"},"datePublished":"2023-03-07T05:00:06+00:00","dateModified":"2025-10-25T03:31:40+00:00","description":"Gi\u00e1 tr\u1ecb c\u1ed1t l\u00f5i c\u1ee7a m\u00f4 h\u00ecnh h\u1ecdc \u0111\u1ea3o ng\u01b0\u1ee3c IBI l\u00e0 chuy\u1ec3n h\u1ecdc vi\u00ean th\u00e0nh trung t\u00e2m c\u1ee7a qu\u00e1 tr\u00ecnh h\u1ecdc v\u00e0 r\u00e8n luy\u1ec7n n\u0103ng l\u1ef1c t\u1ef1 h\u1ecdc cho h\u1ecdc vi\u00ean.","breadcrumb":{"@id":"https:\/\/school.ibi-global.com\/vi\/sang-lap-vien\/#breadcrumb"},"inLanguage":"vi-VN","potentialAction":[{"@type":"ReadAction","target":["https:\/\/school.ibi-global.com\/vi\/sang-lap-vien\/"]}]},{"@type":"BreadcrumbList","@id":"https:\/\/school.ibi-global.com\/vi\/sang-lap-vien\/#breadcrumb","itemListElement":[{"@type":"ListItem","position":1,"name":"Home","item":"https:\/\/school.ibi-global.com\/vi\/"},{"@type":"ListItem","position":2,"name":"S\u00e1ng l\u1eadp vi\u00ean"}]},{"@type":"WebSite","@id":"https:\/\/school.ibi-global.com\/vi\/#website","url":"https:\/\/school.ibi-global.com\/vi\/","name":"IBI School","description":"L\u1edbp H\u1ecdc \u0110\u1ea3o Ng\u01b0\u1ee3c Ti\u1ebfng Anh Cho Tr\u1ebb V\u00e0 Thi\u1ebfu Ni\u00ean","publisher":{"@id":"https:\/\/school.ibi-global.com\/vi\/#organization"},"potentialAction":[{"@type":"SearchAction","target":{"@type":"EntryPoint","urlTemplate":"https:\/\/school.ibi-global.com\/vi\/?s={search_term_string}"},"query-input":"required name=search_term_string"}],"inLanguage":"vi-VN"},{"@type":"Organization","@id":"https:\/\/school.ibi-global.com\/vi\/#organization","name":"IBI School","url":"https:\/\/school.ibi-global.com\/vi\/","logo":{"@type":"ImageObject","inLanguage":"vi-VN","@id":"https:\/\/school.ibi-global.com\/vi\/#\/schema\/logo\/image\/","url":"https:\/\/school.ibi-global.com\/wp-content\/uploads\/2023\/03\/ibi-school-logo-9168.png","contentUrl":"https:\/\/school.ibi-global.com\/wp-content\/uploads\/2023\/03\/ibi-school-logo-9168.png","width":500,"height":435,"caption":"IBI School"},"image":{"@id":"https:\/\/school.ibi-global.com\/vi\/#\/schema\/logo\/image\/"},"sameAs":["https:\/\/www.facebook.com\/ibischool.vietnam","https:\/\/twitter.com\/flipped_ibi","https:\/\/vn.linkedin.com\/company\/ibi-school","https:\/\/www.youtube.com\/channel\/UClAXxp1l9MgKTQiwyGKT8QA"]}]}},"_links":{"self":[{"href":"https:\/\/school.ibi-global.com\/vi\/wp-json\/wp\/v2\/pages\/290","targetHints":{"allow":["GET"]}}],"collection":[{"href":"https:\/\/school.ibi-global.com\/vi\/wp-json\/wp\/v2\/pages"}],"about":[{"href":"https:\/\/school.ibi-global.com\/vi\/wp-json\/wp\/v2\/types\/page"}],"author":[{"embeddable":true,"href":"https:\/\/school.ibi-global.com\/vi\/wp-json\/wp\/v2\/users\/1"}],"replies":[{"embeddable":true,"href":"https:\/\/school.ibi-global.com\/vi\/wp-json\/wp\/v2\/comments?post=290"}],"version-history":[{"count":23,"href":"https:\/\/school.ibi-global.com\/vi\/wp-json\/wp\/v2\/pages\/290\/revisions"}],"predecessor-version":[{"id":3276,"href":"https:\/\/school.ibi-global.com\/vi\/wp-json\/wp\/v2\/pages\/290\/revisions\/3276"}],"wp:attachment":[{"href":"https:\/\/school.ibi-global.com\/vi\/wp-json\/wp\/v2\/media?parent=290"}],"curies":[{"name":"wp","href":"https:\/\/api.w.org\/{rel}","templated":true}]}}