{"id":3244,"date":"2025-10-15T09:45:31","date_gmt":"2025-10-15T02:45:31","guid":{"rendered":"https:\/\/school.ibi-global.com\/?page_id=3244"},"modified":"2026-03-09T08:56:56","modified_gmt":"2026-03-09T01:56:56","slug":"we-give-2","status":"publish","type":"page","link":"https:\/\/school.ibi-global.com\/vi\/we-give-2\/","title":{"rendered":"we GIVE"},"content":{"rendered":"<p>\u00a0<\/p>\n<h3 style=\"text-align: justify;\">S\u00e1ng Ki\u1ebfn T\u1eeb Thi\u1ec7n \u201cWe Give\u201d<\/h3>\n<p>\u00a0<\/p>\n<blockquote>\n<p style=\"text-align: justify;\">M\u1ed7i \u0111\u1ee9a tr\u1ebb \u0111\u1ec1u x\u1ee9ng \u0111\u00e1ng \u0111\u01b0\u1ee3c \u201cnh\u1eadn\u201d nh\u1eefng \u0111i\u1ec1u t\u1ed1t \u0111\u1eb9p v\u00e0 \u0111\u1ec3 l\u00e0m \u0111\u01b0\u1ee3c \u0111i\u1ec1u \u0111\u00f3, m\u1ed7i ch\u00fang ta c\u1ea7n h\u1ecdc c\u00e1ch \u201ccho \u0111i\u201d. T\u1ea1i IBI, ch\u00fang t\u00f4i tin r\u1eb1ng \u201ccho \u0111i\u201d l\u00e0 m\u1ed9t trong nh\u1eefng v\u0169 kh\u00ed m\u1ea1nh m\u1ebd \u0111\u1ec3 gi\u1ea3m b\u1ea5t b\u00ecnh \u0111\u1eb3ng ng\u00e0y c\u00e0ng gia t\u0103ng trong th\u1ebf gi\u1edbi hi\u1ec7n nay. \u0110\u00e2y c\u0169ng l\u00e0 m\u1ed9t trong nh\u1eefng c\u00e1ch t\u1ed1t nh\u1ea5t \u0111\u1ec3 d\u1ea1y h\u1ecdc vi\u00ean c\u1ee7a ch\u00fang t\u00f4i c\u0169ng nh\u01b0 tr\u1ebb em n\u00f3i chung v\u1ec1 t\u1ea7m quan tr\u1ecdng c\u1ee7a s\u1ef1 chia s\u1ebd.<\/p>\n<p style=\"text-align: justify;\"><strong>\u00a0<\/strong><\/p>\n<\/blockquote>\n<table style=\"height: 100%; width: 100%; border-collapse: collapse; background-color: #f2c4f5;\">\n<tbody>\n<tr>\n<td style=\"width: 100%;\">\n<p style=\"text-align: justify;\"><span style=\"color: #00aae7; font-size: 120%;\"><strong>C\u00e2u Chuy\u1ec7n T\u1eeb Ng\u01b0\u1eddi S\u00e1ng L\u1eadp<\/strong><\/span><\/p>\n<p>\u00a0<\/p>\n<p style=\"text-align: justify;\">\u00a0 \u00a0M\u1ed7i l\u1ea7n t\u00f4i \u0111i \u0111\u1ebfn c\u00e1c v\u00f9ng n\u00f4ng th\u00f4n \u1edf Vi\u1ec7t Nam v\u00e0 nhi\u1ec1u qu\u1ed1c gia kh\u00e1c, t\u00f4i \u0111\u1ec1u b\u1ecb cu\u1ed1n h\u00fat b\u1edfi \u0111\u00f4i m\u1eaft ng\u00e2y th\u01a1 trong s\u00e1ng c\u1ee7a nh\u1eefng \u0111\u1ee9a tr\u1ebb t\u00f4i g\u1eb7p. C\u00e1c em nh\u00ecn t\u00f4i \u0111\u1ea7y t\u00f2 m\u00f2. Khi t\u00f4i n\u00f3i <em>\u201chello\u201d<\/em>, c\u00e1c em ng\u1eadp ng\u1eebng \u0111\u00e1p l\u1ea1i <em>\u201chello\u201d<\/em> r\u1ed3i ch\u1ea1y \u0111i. N\u1ebfu t\u00f4i h\u1ecfi <em>\u201cWhat\u2019s your name?\u201d,<\/em> c\u00e1c em th\u01b0\u1eddng ch\u1ec9 nh\u00ecn t\u00f4i m\u1ed9t l\u00fac r\u1ed3i l\u1ea1i ng\u1ea1i ng\u00f9ng b\u1ecf ch\u1ea1y. T\u00f4i lu\u00f4n nh\u1edb kho\u1ea3nh kh\u1eafc \u0111\u00f3, n\u00f3 \u0111\u01a1n s\u01a1 nh\u01b0ng g\u1ea7n g\u1ee7i!<\/p>\n<p style=\"text-align: justify;\"><strong>\u00a0 \u00a0Ng\u00e0y nay, ti\u1ebfng Anh v\u1eabn l\u00e0 m\u1ed9t \u0111\u1eb7c quy\u1ec1n ch\u1ee7 y\u1ebfu d\u00e0nh cho tr\u1ebb em \u1edf c\u00e1c th\u00e0nh ph\u1ed1 l\u1edbn. Ngay c\u1ea3 \u1edf \u0111\u00f3, kh\u1ea3 n\u0103ng th\u00e0nh th\u1ea1o ti\u1ebfng Anh th\u01b0\u1eddng ch\u1ec9 gi\u1edbi h\u1ea1n trong nh\u1eefng gia \u0111\u00ecnh c\u00f3 \u0111i\u1ec1u ki\u1ec7n cho con h\u1ecdc tr\u01b0\u1eddng t\u1ea1i c\u00e1c tr\u01b0\u1eddng ho\u1eb7c trung t\u00e2m c\u00f3 ch\u1ea5t l\u01b0\u1ee3ng.<\/strong> Trong khi \u0111\u00f3\u00a0 \u1edf c\u00e1c t\u1ec9nh v\u00e0 th\u00e0nh ph\u1ed1 nh\u1ecf h\u01a1n, vi\u1ec7c ti\u1ebfp c\u1eadn trung t\u00e2m ti\u1ebfng Anh chuy\u00ean nghi\u1ec7p hay h\u1ecdc v\u1edbi gi\u00e1o vi\u00ean gi\u1ecfi l\u1ea1i l\u00e0 \u0111i\u1ec1u hi\u1ebfm hoi.<\/p>\n<p style=\"text-align: justify;\"><strong>T\u00f4i nh\u00ecn th\u1ea5y ti\u1ebfng Anh c\u00f3 th\u1ec3 thay \u0111\u1ed5i cu\u1ed9c \u0111\u1eddi c\u1ee7a nhi\u1ec1u ng\u01b0\u1eddi nh\u01b0 th\u1ebf n\u00e0o\u2014\u0111\u1eb7c bi\u1ec7t \u1edf n\u00f4ng th\u00f4n ch\u00e2u \u00c1, n\u01a1i du l\u1ecbch mang l\u1ea1i nhi\u1ec1u c\u01a1 h\u1ed9i.<\/strong> Nh\u1eefng \u0111\u1ee9a tr\u1ebb bi\u1ebft d\u00f9 ch\u1ec9 ti\u1ebfng Anh c\u01a1 b\u1ea3n c\u0169ng tr\u1edf n\u00ean t\u1ef1 tin v\u00e0 giao ti\u1ebfp t\u1ed1t h\u01a1n. \u0110\u1eb7c bi\u1ec7t, khi c\u00f3 c\u01a1 h\u1ed9i h\u1ecdc v\u00e0 kh\u00edch l\u1ec7 t\u1eeb th\u1ea7y c\u00f4 gi\u1ecfi, s\u1ef1 truy\u1ec1n c\u1ea3m h\u1ee9ng \u0111\u1ea7u ti\u00ean \u1ea5y c\u00f3 th\u1ec3 gi\u00fap tr\u1ebb y\u00eau th\u00edch m\u00f4n ti\u1ebfng Anh, t\u1eeb \u0111\u00f3 h\u00ecnh m\u1edf ra c\u00e1nh c\u1eeda cho c\u00e1c em b\u01b0\u1edbc v\u00e0o th\u1ebf gi\u1edbi.<\/p>\n<p style=\"text-align: justify;\">\u00a0 \u00a0T\u00f4i nh\u1edb khi h\u1ecdc l\u1edbp 7, t\u00f4i l\u00e0 h\u1ecdc sinh k\u00e9m nh\u1ea5t l\u1edbp m\u00f4n ti\u1ebfng Anh. R\u1ed3i m\u1ed9t ng\u00e0y, t\u00f4i t\u00ecm th\u1ea5y m\u1ed9t cu\u1ed1n s\u00e1ch ti\u1ebfng Anh c\u0169 m\u00e0 m\u1eb9 t\u00f4i t\u1eebng h\u1ecdc nhi\u1ec1u n\u0103m tr\u01b0\u1edbc. Cu\u1ed1n s\u00e1ch \u1ea5y \u0111\u00e3 truy\u1ec1n c\u1ea3m h\u1ee9ng cho t\u00f4i. T\u00f4i d\u00e0nh tr\u1ecdn ba th\u00e1ng h\u00e8 \u0111\u1ec3 t\u1ef1 h\u1ecdc ti\u1ebfng Anh. \u0110\u1ebfn cu\u1ed1i h\u00e8, t\u00f4i \u0111\u00e3 tr\u1edf th\u00e0nh h\u1ecdc sinh gi\u1ecfi nh\u1ea5t l\u1edbp. Tr\u1ea3i nghi\u1ec7m \u0111\u00f3 gi\u00fap t\u00f4i hi\u1ec3u \u0111\u01b0\u1ee3c s\u1ee9c m\u1ea1nh c\u1ee7a vi\u1ec7c truy\u1ec1n c\u1ea3m h\u1ee9ng.<\/p>\n<p style=\"text-align: justify;\"><strong>\u00a0 \u00a0\u0110\u00f3 l\u00e0 l\u00fd do ch\u00fang t\u00f4i x\u00e2y d\u1ef1ng ch\u01b0\u01a1ng tr\u00ecnh \u201cWe Give\u201d v\u1edbi m\u1ee5c \u0111\u00edch \u201ccho \u0111i\u201d m\u1ed9t kh\u00f3a h\u1ecdc giao ti\u1ebfp mi\u1ec5n ph\u00ed k\u00e9o d\u00e0i ba th\u00e1ng cho tr\u1ebb em h\u1ecdc gi\u1ecfi c\u00f3 ho\u00e0n c\u1ea3nh kh\u00f3 kh\u0103n.<\/strong> Ba th\u00e1ng c\u00f3 th\u1ec3 ch\u01b0a \u0111\u1ee7 \u0111\u1ec3 c\u00e1c em l\u00e0m ch\u1ee7 m\u1ed9t ng\u00f4n ng\u1eef, nh\u01b0ng \u0111\u1ee7 \u0111\u1ec3 kh\u01a1i d\u1eady c\u1ea3m h\u1ee9ng! T\u1ea1i IBI, t\u00f4i \u0111\u00e3 ch\u1ee9ng ki\u1ebfn nhi\u1ec1u h\u1ecdc sinh ban \u0111\u1ea7u kh\u00e1 \u201cs\u1ee3\u201d h\u1ecdc ti\u1ebfng Anh, sau v\u00e0i kho\u00e1 h\u1ecdc \u0111\u00e3 tr\u1edf th\u00e0nh nh\u1eefng h\u1ecdc vi\u00ean y\u00eau th\u00edch ng\u00f4n ng\u1eef h\u1ecdc ng\u00f4n ng\u1eef n\u00e0y khi \u0111\u01b0\u1ee3c h\u1ecdc v\u1edbi gi\u00e1o vi\u00ean y\u00eau tr\u00e8 v\u00e0 ph\u01b0\u01a1ng ph\u00e1p hi\u1ec7u qu\u1ea3.<\/p>\n<p style=\"text-align: justify;\">\u00a0 \u00a0T\u00f4i hy v\u1ecdng ch\u01b0\u01a1ng tr\u00ecnh \u201cWe Give\u201d s\u1ebd nh\u01b0 m\u1ed9t l\u00e0n gi\u00f3 m\u1edbi, lan t\u1ecfa t\u00ecnh y\u00eau ng\u00f4n ng\u1eef \u0111\u1ebfn m\u1ecdi \u0111\u1ee9a tr\u1ebb v\u00e0 gi\u00fap c\u00e1c em tin v\u00e0o ti\u1ec1m n\u0103ng c\u1ee7a ch\u00ednh m\u00ecnh.<\/p>\n<p style=\"text-align: justify;\"><strong>\u00a0<\/strong><\/p>\n<p style=\"text-align: justify;\"><strong>Robin Nguyen<\/strong><\/p>\n<\/td>\n<\/tr>\n<\/tbody>\n<\/table>\n<p>\u00a0<\/p>\n<p style=\"text-align: justify;\"><span style=\"color: #00aae7;\"><strong>C\u00e1ch Ch\u00fang T\u00f4i Cho \u0110i<\/strong><\/span><\/p>\n<ul>\n<li style=\"list-style-type: none;\">\n<ul style=\"text-align: justify;\">\n<li>Ch\u00fang t\u00f4i kh\u00f4ng ch\u1ec9 trao t\u1eb7ng v\u1eadt ch\u1ea5t \u2014 <strong>ch\u00fang t\u00f4i l\u00e0m gi\u00e0u cu\u1ed9c s\u1ed1ng b\u1eb1ng tri th\u1ee9c.<\/strong><\/li>\n<li><strong>Ch\u00fang t\u00f4i kh\u00f4ng cho \u0111i m\u1ed9t m\u00ecnh<\/strong> \u2014 ch\u00fang t\u00f4i khuy\u1ebfn kh\u00edch m\u1ecdi ng\u01b0\u1eddi c\u00f9ng tham gia.<\/li>\n<li><strong>Ch\u00fang t\u00f4i truy\u1ec1n c\u1ea3m h\u1ee9ng<\/strong> cho c\u1ed9ng \u0111\u1ed3ng \u0111\u1ecba ph\u01b0\u01a1ng th\u00f4ng qua ch\u01b0\u01a1ng tr\u00ecnh t\u1eeb thi\u1ec7n v\u1edbi t\u1ea7m nh\u00ecn to\u00e0n c\u1ea7u.<\/li>\n<\/ul>\n<\/li>\n<\/ul>\n<p style=\"text-align: justify; padding-left: 40px;\"><strong>\u00a0<\/strong><\/p>\n<p style=\"text-align: justify;\"><span style=\"color: #00aae7;\"><strong>Ch\u01b0\u01a1ng Tr\u00ecnh C\u1ee7a Ch\u00fang T\u00f4i<\/strong><\/span><\/p>\n<p style=\"text-align: justify;\">IBI s\u1ebd cung c\u1ea5p m\u1ed9t ch\u01b0\u01a1ng tr\u00ecnh ti\u1ebfng Anh tr\u1ef1c tuy\u1ebfn mi\u1ec5n ph\u00ed k\u00e9o d\u00e0i 12 tu\u1ea7n cho tr\u1ebb em c\u00f3 ho\u00e0n c\u1ea3nh kh\u00f3 kh\u0103n t\u1eeb 7\u201312 tu\u1ed5i (t\u1eeb l\u1edbp 2) kh\u1eafp m\u1ecdi n\u01a1i. Ch\u01b0\u01a1ng tr\u00ecnh t\u1eadp trung v\u00e0o vi\u1ec7c x\u00e2y d\u1ef1ng k\u1ef9 n\u0103ng giao ti\u1ebfp ti\u1ebfng Anh c\u01a1 b\u1ea3n cho c\u00e1c em nh\u01b0 sau:<\/p>\n<ul>\n<li style=\"list-style-type: none;\">\n<ul style=\"text-align: justify;\">\n<li>C\u00e1c tr\u01b0\u1eddng c\u00f4ng\/ t\u1ed5 ch\u1ee9c t\u1eeb thi\u1ec7n\/ nh\u00e0 v\u0103n ho\u00e1\u2026t\u1ea1i c\u00e1c th\u00e0nh ph\u1ed1 v\u00e0 c\u00e1c t\u1ec9nh c\u00f3 th\u1ec3 \u0111\u0103ng k\u00fd m\u1ed9t nh\u00f3m h\u1ecdc sinh do tr\u01b0\u1eddng m\u00ecnh l\u1ef1a ch\u1ecdn.<\/li>\n<li>IBI s\u1ebd t\u1ed5 ch\u1ee9c c\u00e1c l\u1edbp h\u1ecdc tr\u1ef1c tuy\u1ebfn cho nh\u1eefng h\u1ecdc sinh n\u00e0y, v\u1edbi s\u0129 s\u1ed1 nh\u1ecf t\u1eeb 9\u201312 em c\u00f3 c\u00f9ng tr\u00ecnh \u0111\u1ed9 ti\u1ebfng Anh.<\/li>\n<li>H\u1ecdc sinh s\u1ebd \u0111\u01b0\u1ee3c gi\u1ea3ng d\u1ea1y b\u1edfi c\u00e1c gi\u00e1o vi\u00ean ti\u1ebfng Anh \u0111\u1ee7 ti\u00eau chu\u1ea9n do IBI l\u1ef1a ch\u1ecdn, bao g\u1ed3m sinh vi\u00ean t\u1eeb c\u00e1c tr\u01b0\u1eddng qu\u1ed1c t\u1ebf v\u00e0 sinh vi\u00ean t\u1eeb ch\u01b0\u01a1ng tr\u00ecnh trao \u0111\u1ed5i sinh vi\u00ean qu\u1ed1c t\u1ebf.<\/li>\n<\/ul>\n<\/li>\n<\/ul>\n<p style=\"text-align: justify;\"><span style=\"color: #282828;\"><strong>\u0110\u0103ng k\u00fd tham gia:<\/strong> <\/span>C\u00e1c t\u1ed5 ch\u1ee9c t\u1eeb thi\u1ec7n, qu\u1ef9, v\u00e0 tr\u01b0\u1eddng h\u1ecdc quan t\u00e2m c\u00f3 th\u1ec3 \u0111\u0103ng k\u00fd t\u1ea1i info@ibi-global.com<\/p>\n<p>\u00a0<\/p>\n<p style=\"text-align: justify;\"><span style=\"color: #00aae7;\"><strong>C\u01a1 H\u1ed9i T\u00ecnh Nguy\u1ec7n<\/strong><\/span><\/p>\n<p style=\"text-align: justify;\">Ch\u00fang t\u00f4i c\u0169ng ch\u00e0o \u0111\u00f3n c\u00e1c b\u1ea1n h\u1ecdc sinh v\u00e0 sinh vi\u00ean t\u1eeb nh\u1eefng tr\u01b0\u1eddng trung h\u1ecdc qu\u1ed1c t\u1ebf, v\u00e0 c\u00e1c ch\u01b0\u01a1ng tr\u00ecnh trao \u0111\u1ed5i qu\u1ed1c t\u1ebf tham gia t\u00ecnh nguy\u1ec7n v\u1edbi vai tr\u00f2 gi\u1ea3ng vi\u00ean ho\u1eb7c tr\u1ee3 gi\u1ea3ng cho ch\u01b0\u01a1ng tr\u00ecnh \u201cWe Give\u201d.<\/p>\n<p style=\"text-align: justify;\">\ud83d\udc49 <strong>Tr\u1edf Th\u00e0nh T\u00ecnh Nguy\u1ec7n Vi\u00ean:<\/strong> Vui l\u00f2ng li\u00ean h\u1ec7 v\u1edbi c\u00f4 Katie qua email <strong>katie@ibi-global.com<\/strong>\u00a0\u0111\u1ec3 bi\u1ebft th\u00eam chi ti\u1ebft.<\/p>\n<p>\u00a0<\/p>\n<p>\u00a0<\/p>\n","protected":false},"excerpt":{"rendered":"<p>\u00a0 S\u00e1ng Ki\u1ebfn T\u1eeb Thi\u1ec7n \u201cWe Give\u201d \u00a0 M\u1ed7i \u0111\u1ee9a tr\u1ebb \u0111\u1ec1u x\u1ee9ng \u0111\u00e1ng \u0111\u01b0\u1ee3c \u201cnh\u1eadn\u201d nh\u1eefng \u0111i\u1ec1u t\u1ed1t \u0111\u1eb9p v\u00e0 \u0111\u1ec3 l\u00e0m \u0111\u01b0\u1ee3c \u0111i\u1ec1u \u0111\u00f3, m\u1ed7i ch\u00fang ta c\u1ea7n h\u1ecdc c\u00e1ch \u201ccho \u0111i\u201d. T\u1ea1i IBI, ch\u00fang t\u00f4i tin r\u1eb1ng \u201ccho \u0111i\u201d l\u00e0 m\u1ed9t trong nh\u1eefng v\u0169 kh\u00ed m\u1ea1nh m\u1ebd \u0111\u1ec3 gi\u1ea3m b\u1ea5t b\u00ecnh \u0111\u1eb3ng.. [&#8230;]\n","protected":false},"author":2,"featured_media":0,"parent":0,"menu_order":0,"comment_status":"closed","ping_status":"closed","template":"","meta":{"footnotes":""},"class_list":["post-3244","page","type-page","status-publish","hentry"],"yoast_head":"<!-- This site is optimized with the Yoast SEO plugin v20.2.1 - https:\/\/yoast.com\/wordpress\/plugins\/seo\/ -->\n<title>we GIVE - IBI School - Vietnam<\/title>\n<meta name=\"robots\" content=\"index, follow, max-snippet:-1, max-image-preview:large, max-video-preview:-1\" \/>\n<link rel=\"canonical\" href=\"https:\/\/school.ibi-global.com\/vi\/we-give-2\/\" \/>\n<meta property=\"og:locale\" content=\"vi_VN\" \/>\n<meta property=\"og:type\" content=\"article\" \/>\n<meta property=\"og:title\" content=\"we GIVE - IBI School - Vietnam\" \/>\n<meta property=\"og:description\" content=\"\u00a0 S\u00e1ng Ki\u1ebfn T\u1eeb Thi\u1ec7n \u201cWe Give\u201d \u00a0 M\u1ed7i \u0111\u1ee9a tr\u1ebb \u0111\u1ec1u x\u1ee9ng \u0111\u00e1ng \u0111\u01b0\u1ee3c \u201cnh\u1eadn\u201d nh\u1eefng \u0111i\u1ec1u t\u1ed1t \u0111\u1eb9p v\u00e0 \u0111\u1ec3 l\u00e0m \u0111\u01b0\u1ee3c \u0111i\u1ec1u \u0111\u00f3, m\u1ed7i ch\u00fang ta c\u1ea7n h\u1ecdc c\u00e1ch \u201ccho \u0111i\u201d. T\u1ea1i IBI, ch\u00fang t\u00f4i tin r\u1eb1ng \u201ccho \u0111i\u201d l\u00e0 m\u1ed9t trong nh\u1eefng v\u0169 kh\u00ed m\u1ea1nh m\u1ebd \u0111\u1ec3 gi\u1ea3m b\u1ea5t b\u00ecnh \u0111\u1eb3ng.. [...]\" \/>\n<meta property=\"og:url\" content=\"https:\/\/school.ibi-global.com\/vi\/we-give-2\/\" \/>\n<meta property=\"og:site_name\" content=\"IBI School - Vietnam\" \/>\n<meta property=\"article:publisher\" content=\"https:\/\/www.facebook.com\/ibischool.vietnam\" \/>\n<meta property=\"article:modified_time\" content=\"2026-03-09T01:56:56+00:00\" \/>\n<meta name=\"twitter:card\" content=\"summary_large_image\" \/>\n<meta name=\"twitter:site\" content=\"@flipped_ibi\" \/>\n<meta name=\"twitter:label1\" content=\"Est. reading time\" \/>\n\t<meta name=\"twitter:data1\" content=\"4 minutes\" \/>\n<script type=\"application\/ld+json\" class=\"yoast-schema-graph\">{\"@context\":\"https:\/\/schema.org\",\"@graph\":[{\"@type\":\"WebPage\",\"@id\":\"https:\/\/school.ibi-global.com\/vi\/we-give-2\/\",\"url\":\"https:\/\/school.ibi-global.com\/vi\/we-give-2\/\",\"name\":\"we GIVE - IBI School - Vietnam\",\"isPartOf\":{\"@id\":\"https:\/\/school.ibi-global.com\/vi\/#website\"},\"datePublished\":\"2025-10-15T02:45:31+00:00\",\"dateModified\":\"2026-03-09T01:56:56+00:00\",\"breadcrumb\":{\"@id\":\"https:\/\/school.ibi-global.com\/vi\/we-give-2\/#breadcrumb\"},\"inLanguage\":\"vi-VN\",\"potentialAction\":[{\"@type\":\"ReadAction\",\"target\":[\"https:\/\/school.ibi-global.com\/vi\/we-give-2\/\"]}]},{\"@type\":\"BreadcrumbList\",\"@id\":\"https:\/\/school.ibi-global.com\/vi\/we-give-2\/#breadcrumb\",\"itemListElement\":[{\"@type\":\"ListItem\",\"position\":1,\"name\":\"Home\",\"item\":\"https:\/\/school.ibi-global.com\/vi\/\"},{\"@type\":\"ListItem\",\"position\":2,\"name\":\"we GIVE\"}]},{\"@type\":\"WebSite\",\"@id\":\"https:\/\/school.ibi-global.com\/vi\/#website\",\"url\":\"https:\/\/school.ibi-global.com\/vi\/\",\"name\":\"IBI School\",\"description\":\"L\u1edbp H\u1ecdc \u0110\u1ea3o Ng\u01b0\u1ee3c Ti\u1ebfng Anh Cho Tr\u1ebb V\u00e0 Thi\u1ebfu Ni\u00ean\",\"publisher\":{\"@id\":\"https:\/\/school.ibi-global.com\/vi\/#organization\"},\"potentialAction\":[{\"@type\":\"SearchAction\",\"target\":{\"@type\":\"EntryPoint\",\"urlTemplate\":\"https:\/\/school.ibi-global.com\/vi\/?s={search_term_string}\"},\"query-input\":\"required name=search_term_string\"}],\"inLanguage\":\"vi-VN\"},{\"@type\":\"Organization\",\"@id\":\"https:\/\/school.ibi-global.com\/vi\/#organization\",\"name\":\"IBI School\",\"url\":\"https:\/\/school.ibi-global.com\/vi\/\",\"logo\":{\"@type\":\"ImageObject\",\"inLanguage\":\"vi-VN\",\"@id\":\"https:\/\/school.ibi-global.com\/vi\/#\/schema\/logo\/image\/\",\"url\":\"https:\/\/school.ibi-global.com\/wp-content\/uploads\/2023\/03\/ibi-school-logo-9168.png\",\"contentUrl\":\"https:\/\/school.ibi-global.com\/wp-content\/uploads\/2023\/03\/ibi-school-logo-9168.png\",\"width\":500,\"height\":435,\"caption\":\"IBI School\"},\"image\":{\"@id\":\"https:\/\/school.ibi-global.com\/vi\/#\/schema\/logo\/image\/\"},\"sameAs\":[\"https:\/\/www.facebook.com\/ibischool.vietnam\",\"https:\/\/twitter.com\/flipped_ibi\",\"https:\/\/vn.linkedin.com\/company\/ibi-school\",\"https:\/\/www.youtube.com\/channel\/UClAXxp1l9MgKTQiwyGKT8QA\"]}]}<\/script>\n<!-- \/ Yoast SEO plugin. -->","yoast_head_json":{"title":"we GIVE - IBI School - Vietnam","robots":{"index":"index","follow":"follow","max-snippet":"max-snippet:-1","max-image-preview":"max-image-preview:large","max-video-preview":"max-video-preview:-1"},"canonical":"https:\/\/school.ibi-global.com\/vi\/we-give-2\/","og_locale":"vi_VN","og_type":"article","og_title":"we GIVE - IBI School - Vietnam","og_description":"\u00a0 S\u00e1ng Ki\u1ebfn T\u1eeb Thi\u1ec7n \u201cWe Give\u201d \u00a0 M\u1ed7i \u0111\u1ee9a tr\u1ebb \u0111\u1ec1u x\u1ee9ng \u0111\u00e1ng \u0111\u01b0\u1ee3c \u201cnh\u1eadn\u201d nh\u1eefng \u0111i\u1ec1u t\u1ed1t \u0111\u1eb9p v\u00e0 \u0111\u1ec3 l\u00e0m \u0111\u01b0\u1ee3c \u0111i\u1ec1u \u0111\u00f3, m\u1ed7i ch\u00fang ta c\u1ea7n h\u1ecdc c\u00e1ch \u201ccho \u0111i\u201d. T\u1ea1i IBI, ch\u00fang t\u00f4i tin r\u1eb1ng \u201ccho \u0111i\u201d l\u00e0 m\u1ed9t trong nh\u1eefng v\u0169 kh\u00ed m\u1ea1nh m\u1ebd \u0111\u1ec3 gi\u1ea3m b\u1ea5t b\u00ecnh \u0111\u1eb3ng.. [...]","og_url":"https:\/\/school.ibi-global.com\/vi\/we-give-2\/","og_site_name":"IBI School - Vietnam","article_publisher":"https:\/\/www.facebook.com\/ibischool.vietnam","article_modified_time":"2026-03-09T01:56:56+00:00","twitter_card":"summary_large_image","twitter_site":"@flipped_ibi","twitter_misc":{"Est. reading time":"4 minutes"},"schema":{"@context":"https:\/\/schema.org","@graph":[{"@type":"WebPage","@id":"https:\/\/school.ibi-global.com\/vi\/we-give-2\/","url":"https:\/\/school.ibi-global.com\/vi\/we-give-2\/","name":"we GIVE - IBI School - Vietnam","isPartOf":{"@id":"https:\/\/school.ibi-global.com\/vi\/#website"},"datePublished":"2025-10-15T02:45:31+00:00","dateModified":"2026-03-09T01:56:56+00:00","breadcrumb":{"@id":"https:\/\/school.ibi-global.com\/vi\/we-give-2\/#breadcrumb"},"inLanguage":"vi-VN","potentialAction":[{"@type":"ReadAction","target":["https:\/\/school.ibi-global.com\/vi\/we-give-2\/"]}]},{"@type":"BreadcrumbList","@id":"https:\/\/school.ibi-global.com\/vi\/we-give-2\/#breadcrumb","itemListElement":[{"@type":"ListItem","position":1,"name":"Home","item":"https:\/\/school.ibi-global.com\/vi\/"},{"@type":"ListItem","position":2,"name":"we GIVE"}]},{"@type":"WebSite","@id":"https:\/\/school.ibi-global.com\/vi\/#website","url":"https:\/\/school.ibi-global.com\/vi\/","name":"IBI School","description":"L\u1edbp H\u1ecdc \u0110\u1ea3o Ng\u01b0\u1ee3c Ti\u1ebfng Anh Cho Tr\u1ebb V\u00e0 Thi\u1ebfu Ni\u00ean","publisher":{"@id":"https:\/\/school.ibi-global.com\/vi\/#organization"},"potentialAction":[{"@type":"SearchAction","target":{"@type":"EntryPoint","urlTemplate":"https:\/\/school.ibi-global.com\/vi\/?s={search_term_string}"},"query-input":"required name=search_term_string"}],"inLanguage":"vi-VN"},{"@type":"Organization","@id":"https:\/\/school.ibi-global.com\/vi\/#organization","name":"IBI School","url":"https:\/\/school.ibi-global.com\/vi\/","logo":{"@type":"ImageObject","inLanguage":"vi-VN","@id":"https:\/\/school.ibi-global.com\/vi\/#\/schema\/logo\/image\/","url":"https:\/\/school.ibi-global.com\/wp-content\/uploads\/2023\/03\/ibi-school-logo-9168.png","contentUrl":"https:\/\/school.ibi-global.com\/wp-content\/uploads\/2023\/03\/ibi-school-logo-9168.png","width":500,"height":435,"caption":"IBI School"},"image":{"@id":"https:\/\/school.ibi-global.com\/vi\/#\/schema\/logo\/image\/"},"sameAs":["https:\/\/www.facebook.com\/ibischool.vietnam","https:\/\/twitter.com\/flipped_ibi","https:\/\/vn.linkedin.com\/company\/ibi-school","https:\/\/www.youtube.com\/channel\/UClAXxp1l9MgKTQiwyGKT8QA"]}]}},"_links":{"self":[{"href":"https:\/\/school.ibi-global.com\/vi\/wp-json\/wp\/v2\/pages\/3244","targetHints":{"allow":["GET"]}}],"collection":[{"href":"https:\/\/school.ibi-global.com\/vi\/wp-json\/wp\/v2\/pages"}],"about":[{"href":"https:\/\/school.ibi-global.com\/vi\/wp-json\/wp\/v2\/types\/page"}],"author":[{"embeddable":true,"href":"https:\/\/school.ibi-global.com\/vi\/wp-json\/wp\/v2\/users\/2"}],"replies":[{"embeddable":true,"href":"https:\/\/school.ibi-global.com\/vi\/wp-json\/wp\/v2\/comments?post=3244"}],"version-history":[{"count":7,"href":"https:\/\/school.ibi-global.com\/vi\/wp-json\/wp\/v2\/pages\/3244\/revisions"}],"predecessor-version":[{"id":3464,"href":"https:\/\/school.ibi-global.com\/vi\/wp-json\/wp\/v2\/pages\/3244\/revisions\/3464"}],"wp:attachment":[{"href":"https:\/\/school.ibi-global.com\/vi\/wp-json\/wp\/v2\/media?parent=3244"}],"curies":[{"name":"wp","href":"https:\/\/api.w.org\/{rel}","templated":true}]}}