{"id":392,"date":"2023-03-07T23:53:22","date_gmt":"2023-03-07T16:53:22","guid":{"rendered":"http:\/\/school.sunshinevn.com\/?page_id=392"},"modified":"2024-07-09T11:29:37","modified_gmt":"2024-07-09T04:29:37","slug":"luyen-thi-ielts-online","status":"publish","type":"page","link":"https:\/\/school.ibi-global.com\/vi\/khoa-hoc\/luyen-thi-ielts-online\/","title":{"rendered":"Luy\u1ec7n thi IELTS online"},"content":{"rendered":"<p><span style=\"color: #00aae7; font-size: 150%;\"><strong>ePrep | Luy\u1ec7n thi IELTS online<\/strong><\/span><\/p>\n<div class=\"wysiwyg\">\n<p style=\"text-align: justify;\">H\u1ecdc vi\u00ean t\u1ea1i IBI School \u0111\u01b0\u1ee3c h\u1ecdc theo m\u1ed9t l\u1ed9 tr\u00ecnh b\u00e0i b\u1ea3n gi\u00fap c\u00e1c em c\u00f3 <strong>n\u1ec1n t\u1ea3ng t\u1ed1t t\u1ea5t c\u1ea3 c\u00e1c k\u1ef9 n\u0103ng ti\u1ebfng Anh: Nghe, N\u00f3i, \u0110\u1ecdc, Vi\u1ebft, Ph\u00e1t \u00e2m v\u00e0 V\u0103n ph\u1ea1m.<\/strong> \u0110i\u1ec1u n\u00e0y gi\u00fap h\u1ecdc vi\u00ean t\u1ef1 tin h\u1ecdc c\u00e1c l\u1edbp <strong>ePrep | Luy\u1ec7n thi IELTS online<\/strong> hi\u1ec7u qu\u1ea3 h\u01a1n, t\u1eeb \u0111\u00f3 h\u1ecdc vi\u00ean kh\u00f4ng ch\u1ec9 d\u1eebng \u1edf vi\u1ec7c luy\u1ec7n v\u00e0 thi IELTS m\u00e0 c\u00f2n ph\u00e1t tri\u1ec3n thu\u1ea7n th\u1ee5c c\u00e1c k\u1ef9 n\u0103ng ti\u1ebfng Anh v\u00e0 ki\u1ebfn th\u1ee9c c\u1ea7n thi\u1ebft trong vi\u1ec7c:<\/p>\n<ul>\n<li>T\u1ef1 tin ph\u1ecfng v\u1ea5n du h\u1ecdc b\u1eb1ng ti\u1ebfng Anh<\/li>\n<li>T\u1ef1 tin\u00a0h\u1ecdc t\u1ea1i gi\u1ea3ng \u0111\u01b0\u1eddng \u0111\u1ea1i h\u1ecdc t\u1ea1i n\u01b0\u1edbc du h\u1ecdc<\/li>\n<li>T\u1ef1 tin h\u00f2a nh\u1eadp cu\u1ed9c s\u1ed1ng t\u1ea1i n\u01b0\u1edbc du h\u1ecdc<\/li>\n<\/ul>\n<p><span style=\"color: #00aae7;\"><strong>L\u1ed9 tr\u00ecnh ch\u01b0\u01a1ng tr\u00ecnh luy\u1ec7n thi IELTS t\u1ea1i IBI School:\u00a0<\/strong><\/span><\/p>\n<table border=\"1\" cellspacing=\"1\" cellpadding=\"1\" align=\"left\">\n<tbody>\n<tr>\n<td>\u00a0<strong>IELTS 4.0 &#8211; 5.0<\/strong><\/td>\n<td>\n<ul>\n<li>L\u00e0m quen v\u1edbi b\u00e0i thi IELTS<\/li>\n<li>Trau d\u1ed3i v\u00e0 m\u1edf r\u1ed9ng v\u1ed1n t\u1eeb v\u1ef1ng ti\u1ebfng Anh trong nhi\u1ec1u l\u0129nh v\u1ef1c kh\u00e1c nhau.<\/li>\n<li>Hi\u1ec3u c\u00e1c k\u1ef9 thu\u1eadt l\u00e0m b\u00e0i<\/li>\n<li>R\u00e8n luy\u1ec7n kh\u1ea3 n\u0103ng giao ti\u1ebfp v\u00e0 di\u1ec5n gi\u1ea3i theo ch\u1ee7 \u0111\u1ec1<\/li>\n<li>X\u00e2y d\u1ef1ng k\u1ef9 n\u0103ng vi\u1ebft b\u00e0i lu\u1eadn c\u01a1 b\u1ea3n<\/li>\n<\/ul>\n<p>\u00a0<\/p>\n<\/td>\n<\/tr>\n<tr>\n<td><strong>\u00a0IELTS 5.0 &#8211; 6.0<\/strong><\/td>\n<td>\n<ul>\n<li>Th\u1ef1c t\u1eadp l\u00e0m b\u00e0i thi IELTS<\/li>\n<li>M\u1edf r\u1ed9ng v\u00e0 chuy\u00ean s\u00e2u v\u1ed1n t\u1eeb v\u1ef1ng v\u00e0 ki\u1ebfn th\u1ee9c ti\u1ebfng Anh trong nhi\u1ec1u l\u0129nh v\u1ef1c kh\u00e1c nhau.<\/li>\n<li>N\u1eafm b\u1eaft k\u1ef9 thu\u1eadt l\u00e0m b\u00e0i hi\u1ec7u qu\u1ea3<\/li>\n<li>R\u00e8n luy\u1ec7n kh\u1ea3 n\u0103ng tr\u00ecnh b\u00e0y theo ch\u1ee7 \u0111\u1ec1<\/li>\n<li>Luy\u1ec7n t\u1eadp vi\u1ebft b\u00e0i lu\u1eadn<\/li>\n<li>R\u00e8n ly\u1ec7n kh\u1ea3 ph\u1ea3n bi\u1ec7n b\u1eb1ng ti\u1ebfng Anh<\/li>\n<li>H\u1ecdc c\u00e1ch ph\u00e2n t\u00edch v\u00e0 di\u1ec5n gi\u1ea3i th\u00f4ng tin<\/li>\n<\/ul>\n<\/td>\n<\/tr>\n<tr>\n<td>\u00a0<strong>IELTS 6.0 &#8211; 7.0<\/strong><\/td>\n<td>\n<ul>\n<li>Th\u1ef1c t\u1eadp l\u00e0m b\u00e0i thi IELTS<\/li>\n<li>M\u1edf r\u1ed9ng v\u00e0 chuy\u00ean s\u00e2u v\u1ed1n t\u1eeb v\u1ef1ng v\u00e0 ki\u1ebfn th\u1ee9c ti\u1ebfng Anh trong nhi\u1ec1u l\u0129nh v\u1ef1c kh\u00e1c nhau.<\/li>\n<li>N\u1eafm v\u1eefng\u00a0k\u1ef9 thu\u1eadt l\u00e0m b\u00e0i hi\u1ec7u qu\u1ea3<\/li>\n<li>R\u00e8n luy\u1ec7n kh\u1ea3 n\u0103ng tr\u00ecnh b\u00e0y theo ch\u1ee7 \u0111\u1ec1<\/li>\n<li>Luy\u1ec7n t\u1eadp vi\u1ebft b\u00e0i lu\u1eadn s\u00fac t\u00edch<\/li>\n<li>R\u00e8n ly\u1ec7n kh\u1ea3 ph\u1ea3n bi\u1ec7n b\u1eb1ng ti\u1ebfng Anh t\u1ef1 tin<\/li>\n<li>Luy\u1ec7n c\u00e1ch ph\u00e2n t\u00edch v\u00e0 di\u1ec5n gi\u1ea3i th\u00f4ng tin<\/li>\n<li>Hi\u1ec3u r\u00f5 c\u00e1c th\u1eed th\u00e1ch \u0111\u1ea1t \u0111i\u1ec3m cao trong IELTS<\/li>\n<\/ul>\n<\/td>\n<\/tr>\n<\/tbody>\n<\/table>\n<\/div>\n<p>\u00a0<\/p>\n","protected":false},"excerpt":{"rendered":"<p>ePrep | Luy\u1ec7n thi IELTS online H\u1ecdc vi\u00ean t\u1ea1i IBI School \u0111\u01b0\u1ee3c h\u1ecdc theo m\u1ed9t l\u1ed9 tr\u00ecnh b\u00e0i b\u1ea3n gi\u00fap c\u00e1c em c\u00f3 n\u1ec1n t\u1ea3ng t\u1ed1t t\u1ea5t c\u1ea3 c\u00e1c k\u1ef9 n\u0103ng ti\u1ebfng Anh: Nghe, N\u00f3i, \u0110\u1ecdc, Vi\u1ebft, Ph\u00e1t \u00e2m v\u00e0 V\u0103n ph\u1ea1m. \u0110i\u1ec1u n\u00e0y gi\u00fap h\u1ecdc vi\u00ean t\u1ef1 tin h\u1ecdc c\u00e1c l\u1edbp ePrep | Luy\u1ec7n.. [&#8230;]\n","protected":false},"author":1,"featured_media":0,"parent":382,"menu_order":0,"comment_status":"closed","ping_status":"closed","template":"","meta":{"footnotes":""},"class_list":["post-392","page","type-page","status-publish","hentry"],"yoast_head":"<!-- This site is optimized with the Yoast SEO plugin v20.2.1 - https:\/\/yoast.com\/wordpress\/plugins\/seo\/ -->\n<title>Luy\u1ec7n thi IELTS online<\/title>\n<meta name=\"description\" content=\"Luy\u1ec7n thi IELTS kh\u00f4ng ch\u1ec9 d\u1eebng \u1edf vi\u1ec7c luy\u1ec7n v\u00e0 thi IELTS m\u00e0 c\u00f2n ph\u00e1t tri\u1ec3n thu\u1ea7n th\u1ee5c c\u00e1c k\u1ef9 n\u0103ng ti\u1ebfng Anh v\u00e0 ki\u1ebfn th\u1ee9c c\u1ea7n thi\u1ebft trong vi\u1ec7c.\" \/>\n<meta name=\"robots\" content=\"index, follow, max-snippet:-1, max-image-preview:large, max-video-preview:-1\" \/>\n<link rel=\"canonical\" href=\"https:\/\/school.ibi-global.com\/vi\/khoa-hoc\/luyen-thi-ielts-online\/\" \/>\n<meta property=\"og:locale\" content=\"vi_VN\" \/>\n<meta property=\"og:type\" content=\"article\" \/>\n<meta property=\"og:title\" content=\"Luy\u1ec7n thi IELTS online\" \/>\n<meta property=\"og:description\" content=\"Luy\u1ec7n thi IELTS kh\u00f4ng ch\u1ec9 d\u1eebng \u1edf vi\u1ec7c luy\u1ec7n v\u00e0 thi IELTS m\u00e0 c\u00f2n ph\u00e1t tri\u1ec3n thu\u1ea7n th\u1ee5c c\u00e1c k\u1ef9 n\u0103ng ti\u1ebfng Anh v\u00e0 ki\u1ebfn th\u1ee9c c\u1ea7n thi\u1ebft trong vi\u1ec7c.\" \/>\n<meta property=\"og:url\" content=\"https:\/\/school.ibi-global.com\/vi\/khoa-hoc\/luyen-thi-ielts-online\/\" \/>\n<meta property=\"og:site_name\" content=\"IBI School - Vietnam\" \/>\n<meta property=\"article:publisher\" content=\"https:\/\/www.facebook.com\/ibischool.vietnam\" \/>\n<meta property=\"article:modified_time\" content=\"2024-07-09T04:29:37+00:00\" \/>\n<meta name=\"twitter:card\" content=\"summary_large_image\" \/>\n<meta name=\"twitter:site\" content=\"@flipped_ibi\" \/>\n<meta name=\"twitter:label1\" content=\"Est. reading time\" \/>\n\t<meta name=\"twitter:data1\" content=\"2 minutes\" \/>\n<script type=\"application\/ld+json\" class=\"yoast-schema-graph\">{\"@context\":\"https:\/\/schema.org\",\"@graph\":[{\"@type\":\"WebPage\",\"@id\":\"https:\/\/school.ibi-global.com\/vi\/khoa-hoc\/luyen-thi-ielts-online\/\",\"url\":\"https:\/\/school.ibi-global.com\/vi\/khoa-hoc\/luyen-thi-ielts-online\/\",\"name\":\"Luy\u1ec7n thi IELTS online\",\"isPartOf\":{\"@id\":\"https:\/\/school.ibi-global.com\/vi\/#website\"},\"datePublished\":\"2023-03-07T16:53:22+00:00\",\"dateModified\":\"2024-07-09T04:29:37+00:00\",\"description\":\"Luy\u1ec7n thi IELTS kh\u00f4ng ch\u1ec9 d\u1eebng \u1edf vi\u1ec7c luy\u1ec7n v\u00e0 thi IELTS m\u00e0 c\u00f2n ph\u00e1t tri\u1ec3n thu\u1ea7n th\u1ee5c c\u00e1c k\u1ef9 n\u0103ng ti\u1ebfng Anh v\u00e0 ki\u1ebfn th\u1ee9c c\u1ea7n thi\u1ebft trong vi\u1ec7c.\",\"breadcrumb\":{\"@id\":\"https:\/\/school.ibi-global.com\/vi\/khoa-hoc\/luyen-thi-ielts-online\/#breadcrumb\"},\"inLanguage\":\"vi-VN\",\"potentialAction\":[{\"@type\":\"ReadAction\",\"target\":[\"https:\/\/school.ibi-global.com\/vi\/khoa-hoc\/luyen-thi-ielts-online\/\"]}]},{\"@type\":\"BreadcrumbList\",\"@id\":\"https:\/\/school.ibi-global.com\/vi\/khoa-hoc\/luyen-thi-ielts-online\/#breadcrumb\",\"itemListElement\":[{\"@type\":\"ListItem\",\"position\":1,\"name\":\"Home\",\"item\":\"https:\/\/school.ibi-global.com\/vi\/\"},{\"@type\":\"ListItem\",\"position\":2,\"name\":\"Kh\u00f3a h\u1ecdc\",\"item\":\"https:\/\/school.ibi-global.com\/vi\/khoa-hoc\/\"},{\"@type\":\"ListItem\",\"position\":3,\"name\":\"Luy\u1ec7n thi IELTS online\"}]},{\"@type\":\"WebSite\",\"@id\":\"https:\/\/school.ibi-global.com\/vi\/#website\",\"url\":\"https:\/\/school.ibi-global.com\/vi\/\",\"name\":\"IBI School\",\"description\":\"L\u1edbp H\u1ecdc \u0110\u1ea3o Ng\u01b0\u1ee3c Ti\u1ebfng Anh Cho Tr\u1ebb V\u00e0 Thi\u1ebfu Ni\u00ean\",\"publisher\":{\"@id\":\"https:\/\/school.ibi-global.com\/vi\/#organization\"},\"potentialAction\":[{\"@type\":\"SearchAction\",\"target\":{\"@type\":\"EntryPoint\",\"urlTemplate\":\"https:\/\/school.ibi-global.com\/vi\/?s={search_term_string}\"},\"query-input\":\"required name=search_term_string\"}],\"inLanguage\":\"vi-VN\"},{\"@type\":\"Organization\",\"@id\":\"https:\/\/school.ibi-global.com\/vi\/#organization\",\"name\":\"IBI School\",\"url\":\"https:\/\/school.ibi-global.com\/vi\/\",\"logo\":{\"@type\":\"ImageObject\",\"inLanguage\":\"vi-VN\",\"@id\":\"https:\/\/school.ibi-global.com\/vi\/#\/schema\/logo\/image\/\",\"url\":\"https:\/\/school.ibi-global.com\/wp-content\/uploads\/2023\/03\/ibi-school-logo-9168.png\",\"contentUrl\":\"https:\/\/school.ibi-global.com\/wp-content\/uploads\/2023\/03\/ibi-school-logo-9168.png\",\"width\":500,\"height\":435,\"caption\":\"IBI School\"},\"image\":{\"@id\":\"https:\/\/school.ibi-global.com\/vi\/#\/schema\/logo\/image\/\"},\"sameAs\":[\"https:\/\/www.facebook.com\/ibischool.vietnam\",\"https:\/\/twitter.com\/flipped_ibi\",\"https:\/\/vn.linkedin.com\/company\/ibi-school\",\"https:\/\/www.youtube.com\/channel\/UClAXxp1l9MgKTQiwyGKT8QA\"]}]}<\/script>\n<!-- \/ Yoast SEO plugin. -->","yoast_head_json":{"title":"Luy\u1ec7n thi IELTS online","description":"Luy\u1ec7n thi IELTS kh\u00f4ng ch\u1ec9 d\u1eebng \u1edf vi\u1ec7c luy\u1ec7n v\u00e0 thi IELTS m\u00e0 c\u00f2n ph\u00e1t tri\u1ec3n thu\u1ea7n th\u1ee5c c\u00e1c k\u1ef9 n\u0103ng ti\u1ebfng Anh v\u00e0 ki\u1ebfn th\u1ee9c c\u1ea7n thi\u1ebft trong vi\u1ec7c.","robots":{"index":"index","follow":"follow","max-snippet":"max-snippet:-1","max-image-preview":"max-image-preview:large","max-video-preview":"max-video-preview:-1"},"canonical":"https:\/\/school.ibi-global.com\/vi\/khoa-hoc\/luyen-thi-ielts-online\/","og_locale":"vi_VN","og_type":"article","og_title":"Luy\u1ec7n thi IELTS online","og_description":"Luy\u1ec7n thi IELTS kh\u00f4ng ch\u1ec9 d\u1eebng \u1edf vi\u1ec7c luy\u1ec7n v\u00e0 thi IELTS m\u00e0 c\u00f2n ph\u00e1t tri\u1ec3n thu\u1ea7n th\u1ee5c c\u00e1c k\u1ef9 n\u0103ng ti\u1ebfng Anh v\u00e0 ki\u1ebfn th\u1ee9c c\u1ea7n thi\u1ebft trong vi\u1ec7c.","og_url":"https:\/\/school.ibi-global.com\/vi\/khoa-hoc\/luyen-thi-ielts-online\/","og_site_name":"IBI School - Vietnam","article_publisher":"https:\/\/www.facebook.com\/ibischool.vietnam","article_modified_time":"2024-07-09T04:29:37+00:00","twitter_card":"summary_large_image","twitter_site":"@flipped_ibi","twitter_misc":{"Est. reading time":"2 minutes"},"schema":{"@context":"https:\/\/schema.org","@graph":[{"@type":"WebPage","@id":"https:\/\/school.ibi-global.com\/vi\/khoa-hoc\/luyen-thi-ielts-online\/","url":"https:\/\/school.ibi-global.com\/vi\/khoa-hoc\/luyen-thi-ielts-online\/","name":"Luy\u1ec7n thi IELTS online","isPartOf":{"@id":"https:\/\/school.ibi-global.com\/vi\/#website"},"datePublished":"2023-03-07T16:53:22+00:00","dateModified":"2024-07-09T04:29:37+00:00","description":"Luy\u1ec7n thi IELTS kh\u00f4ng ch\u1ec9 d\u1eebng \u1edf vi\u1ec7c luy\u1ec7n v\u00e0 thi IELTS m\u00e0 c\u00f2n ph\u00e1t tri\u1ec3n thu\u1ea7n th\u1ee5c c\u00e1c k\u1ef9 n\u0103ng ti\u1ebfng Anh v\u00e0 ki\u1ebfn th\u1ee9c c\u1ea7n thi\u1ebft trong vi\u1ec7c.","breadcrumb":{"@id":"https:\/\/school.ibi-global.com\/vi\/khoa-hoc\/luyen-thi-ielts-online\/#breadcrumb"},"inLanguage":"vi-VN","potentialAction":[{"@type":"ReadAction","target":["https:\/\/school.ibi-global.com\/vi\/khoa-hoc\/luyen-thi-ielts-online\/"]}]},{"@type":"BreadcrumbList","@id":"https:\/\/school.ibi-global.com\/vi\/khoa-hoc\/luyen-thi-ielts-online\/#breadcrumb","itemListElement":[{"@type":"ListItem","position":1,"name":"Home","item":"https:\/\/school.ibi-global.com\/vi\/"},{"@type":"ListItem","position":2,"name":"Kh\u00f3a h\u1ecdc","item":"https:\/\/school.ibi-global.com\/vi\/khoa-hoc\/"},{"@type":"ListItem","position":3,"name":"Luy\u1ec7n thi IELTS online"}]},{"@type":"WebSite","@id":"https:\/\/school.ibi-global.com\/vi\/#website","url":"https:\/\/school.ibi-global.com\/vi\/","name":"IBI School","description":"L\u1edbp H\u1ecdc \u0110\u1ea3o Ng\u01b0\u1ee3c Ti\u1ebfng Anh Cho Tr\u1ebb V\u00e0 Thi\u1ebfu Ni\u00ean","publisher":{"@id":"https:\/\/school.ibi-global.com\/vi\/#organization"},"potentialAction":[{"@type":"SearchAction","target":{"@type":"EntryPoint","urlTemplate":"https:\/\/school.ibi-global.com\/vi\/?s={search_term_string}"},"query-input":"required name=search_term_string"}],"inLanguage":"vi-VN"},{"@type":"Organization","@id":"https:\/\/school.ibi-global.com\/vi\/#organization","name":"IBI School","url":"https:\/\/school.ibi-global.com\/vi\/","logo":{"@type":"ImageObject","inLanguage":"vi-VN","@id":"https:\/\/school.ibi-global.com\/vi\/#\/schema\/logo\/image\/","url":"https:\/\/school.ibi-global.com\/wp-content\/uploads\/2023\/03\/ibi-school-logo-9168.png","contentUrl":"https:\/\/school.ibi-global.com\/wp-content\/uploads\/2023\/03\/ibi-school-logo-9168.png","width":500,"height":435,"caption":"IBI School"},"image":{"@id":"https:\/\/school.ibi-global.com\/vi\/#\/schema\/logo\/image\/"},"sameAs":["https:\/\/www.facebook.com\/ibischool.vietnam","https:\/\/twitter.com\/flipped_ibi","https:\/\/vn.linkedin.com\/company\/ibi-school","https:\/\/www.youtube.com\/channel\/UClAXxp1l9MgKTQiwyGKT8QA"]}]}},"_links":{"self":[{"href":"https:\/\/school.ibi-global.com\/vi\/wp-json\/wp\/v2\/pages\/392","targetHints":{"allow":["GET"]}}],"collection":[{"href":"https:\/\/school.ibi-global.com\/vi\/wp-json\/wp\/v2\/pages"}],"about":[{"href":"https:\/\/school.ibi-global.com\/vi\/wp-json\/wp\/v2\/types\/page"}],"author":[{"embeddable":true,"href":"https:\/\/school.ibi-global.com\/vi\/wp-json\/wp\/v2\/users\/1"}],"replies":[{"embeddable":true,"href":"https:\/\/school.ibi-global.com\/vi\/wp-json\/wp\/v2\/comments?post=392"}],"version-history":[{"count":9,"href":"https:\/\/school.ibi-global.com\/vi\/wp-json\/wp\/v2\/pages\/392\/revisions"}],"predecessor-version":[{"id":2493,"href":"https:\/\/school.ibi-global.com\/vi\/wp-json\/wp\/v2\/pages\/392\/revisions\/2493"}],"up":[{"embeddable":true,"href":"https:\/\/school.ibi-global.com\/vi\/wp-json\/wp\/v2\/pages\/382"}],"wp:attachment":[{"href":"https:\/\/school.ibi-global.com\/vi\/wp-json\/wp\/v2\/media?parent=392"}],"curies":[{"name":"wp","href":"https:\/\/api.w.org\/{rel}","templated":true}]}}