{"id":404,"date":"2023-03-08T00:05:22","date_gmt":"2023-03-07T17:05:22","guid":{"rendered":"http:\/\/school.sunshinevn.com\/?page_id=404"},"modified":"2024-07-09T12:55:28","modified_gmt":"2024-07-09T05:55:28","slug":"econversations-lop-hoc-live","status":"publish","type":"page","link":"https:\/\/school.ibi-global.com\/vi\/mo-hinh-hoc\/econversations-lop-hoc-live\/","title":{"rendered":"eConversations | L\u1edbp h\u1ecdc live"},"content":{"rendered":"<h2 class=\"news-detail-title\">eConversations | L\u1edbp h\u1ecdc live<\/h2>\n<div class=\"wysiwyg\">\n<p style=\"text-align: justify;\"><strong>eConversations <\/strong>l\u00e0 h\u1ec7 th\u1ed1ng l\u1edbp h\u1ecdc live classroom \u0111\u01b0\u1ee3c ph\u1ed1i h\u1ee3p m\u1ed9t c\u00e1ch khoa h\u1ecdc v\u1edbi ch\u01b0\u01a1ng tr\u00ecnh eClasses nh\u1eb1m gi\u00fap h\u1ecdc vi\u00ean ph\u00e1t tri\u1ec3n to\u00e0n di\u1ec7n c\u00e1c k\u1ef9 n\u0103ng ti\u1ebfng Anh v\u00e0 k\u1ef9 n\u0103ng kinh doanh m\u00e0 kh\u00f4ng c\u1ea7n \u0111\u1ebfn tr\u01b0\u1eddng. \u0110\u00e2y m\u00f4 h\u00ecnh l\u1edbp h\u1ecdc tr\u1ef1c tuy\u1ebfn ti\u00ean ti\u1ebfn tr\u00ean th\u1ebf gi\u1edbi hi\u1ec7n nay, h\u1ec7 th\u1ed1ng \u0111\u01b0\u1ee3c trang b\u1ecb nh\u01b0 m\u1ed9t l\u1edbp h\u1ecdc th\u1ef1c bao g\u1ed3m ph\u1ea7n m\u1ec1m b\u1ea3ng tr\u1eafng, th\u1ea3o lu\u1eadn nh\u00f3m, tr\u00ecnh b\u00e0y v\u00e0 c\u00e1c c\u00f4ng c\u1ee5 l\u00e0m b\u00e0i t\u1eadp kh\u00e1c\u2026 gi\u00fap h\u1ecdc vi\u00ean v\u00e0 gi\u00e1o vi\u00ean th\u1ec3 hi\u1ec7n t\u1ed1t nh\u1ea5t b\u00e0i h\u1ecdc c\u1ee7a m\u00ecnh v\u00e0 \u0111\u1ea1t \u0111\u01b0\u1ee3c hi\u1ec7u qu\u1ea3 nh\u01b0 trong l\u1edbp h\u1ecdc th\u1ef1c.<\/p>\n<p style=\"text-align: justify;\">L\u1edbp h\u1ecdc tr\u1ef1c tuy\u1ebfn n\u00e0y gi\u00fap b\u1ea1n t\u01b0\u01a1ng t\u00e1c tr\u1ef1c ti\u1ebfp v\u1edbi \u0111\u1ed9i ng\u0169 gi\u00e1o vi\u00ean IBI School v\u00e0 b\u1ea1n h\u1ecdc c\u00f9ng l\u1edbp online. B\u1ea1n s\u1ebd tr\u1ea3i nghi\u1ec7m l\u1edbp h\u1ecdc online n\u00e0y nh\u01b0 tr\u00ean m\u1ed9t l\u1edbp h\u1ecdc th\u1ef1c, th\u1ea3o lu\u1eadn theo ch\u1ee7 v\u1edbi Th\u1ea7y C\u00f4, b\u1ea1n b\u00e8 v\u00e0 tr\u00ecnh b\u00e0y nh\u01b0 tr\u00ean m\u1ed9t l\u1edbp h\u1ecdc th\u1ef1c truy\u1ec1n th\u1ed1ng.<\/p>\n<\/div>\n<p style=\"text-align: center;\"><strong>L\u1edbp h\u1ecdc Demo eConversations eKids V &#8211; Lesson 1<\/strong><\/p>\n<p style=\"text-align: center;\">(T\u01b0\u01a1ng \u0111\u01b0\u01a1ng \u0111\u1ea7u Movers)<\/p>\n<p style=\"text-align: center;\"><iframe loading=\"lazy\" title=\"YouTube video player\" src=\"https:\/\/www.youtube.com\/embed\/YDRxjQVIgu8\" width=\"560\" height=\"315\" frameborder=\"0\" allowfullscreen=\"allowfullscreen\"><\/iframe><\/p>\n<div class=\"wysiwyg\">\n<p style=\"text-align: justify;\"><img decoding=\"async\" src=\"https:\/\/school.ibi-global.com\/userfiles\/kcfinder\/images\/Step%203%20-%20eConversations.jpg\" alt=\"\" \/>Th\u1ea7y Gavin Sealy, qu\u1ed1c t\u1ecbch Anh, t\u1ed1t nghi\u1ec7p \u0111\u1ea1i h\u1ecdc Southampton Solent chuy\u00ean ng\u00e0nh t\u00e2m l\u00fd v\u00e0 v\u0103n h\u00f3a. Th\u1ea7y c\u00f3 nhi\u1ec1u n\u0103m gi\u1ea3ng d\u1ea1y t\u1ea1i Th\u00e1i Lan, Trung Qu\u1ed1c v\u00e0 Vi\u1ec7t Nam. Th\u1ea7y l\u00e0 m\u1ed9t gi\u00e1o vi\u00ean n\u0103ng \u0111\u1ed9ng, nhi\u1ec7t t\u00ecnh v\u00e0 t\u00e2m huy\u1ebft v\u1edbi ngh\u1ec1.<\/p>\n<\/div>\n<p style=\"text-align: center;\"><span style=\"color: #00aae7;\"><strong>Video m\u1ed9t s\u1ed1 l\u1edbp h\u1ecdc th\u1ef1c t\u1ebf\u00a0<\/strong><\/span><\/p>\n<p style=\"text-align: center;\"><video controls=\"controls\" width=\"300\" height=\"150\"><source src=\"https:\/\/school.ibi-global.com\/wp-content\/uploads\/2023\/07\/eConversations-eKids-I.mp4\" type=\"video\/mp4\" \/><\/video><\/p>\n<p style=\"text-align: center;\"><video controls=\"controls\" width=\"300\" height=\"150\"><source src=\"https:\/\/school.ibi-global.com\/wp-content\/uploads\/2023\/07\/eConversations-eKids-I.mp4\" type=\"video\/mp4\" \/><\/video><\/p>\n<p style=\"text-align: center;\">\u00a0<\/p>\n","protected":false},"excerpt":{"rendered":"<p>eConversations | L\u1edbp h\u1ecdc live eConversations l\u00e0 h\u1ec7 th\u1ed1ng l\u1edbp h\u1ecdc live classroom \u0111\u01b0\u1ee3c ph\u1ed1i h\u1ee3p m\u1ed9t c\u00e1ch khoa h\u1ecdc v\u1edbi ch\u01b0\u01a1ng tr\u00ecnh eClasses nh\u1eb1m gi\u00fap h\u1ecdc vi\u00ean ph\u00e1t tri\u1ec3n to\u00e0n di\u1ec7n c\u00e1c k\u1ef9 n\u0103ng ti\u1ebfng Anh v\u00e0 k\u1ef9 n\u0103ng kinh doanh m\u00e0 kh\u00f4ng c\u1ea7n \u0111\u1ebfn tr\u01b0\u1eddng. \u0110\u00e2y m\u00f4 h\u00ecnh l\u1edbp h\u1ecdc tr\u1ef1c tuy\u1ebfn ti\u00ean.. [&#8230;]\n","protected":false},"author":1,"featured_media":0,"parent":399,"menu_order":0,"comment_status":"closed","ping_status":"closed","template":"","meta":{"footnotes":""},"class_list":["post-404","page","type-page","status-publish","hentry"],"yoast_head":"<!-- This site is optimized with the Yoast SEO plugin v20.2.1 - https:\/\/yoast.com\/wordpress\/plugins\/seo\/ -->\n<title>eConversations | L\u1edbp h\u1ecdc live<\/title>\n<meta name=\"description\" content=\"L\u1edbp h\u1ecdc tr\u1ef1c tuy\u1ebfn n\u00e0y gi\u00fap b\u1ea1n t\u01b0\u01a1ng t\u00e1c tr\u1ef1c ti\u1ebfp v\u1edbi \u0111\u1ed9i ng\u0169 gi\u00e1o vi\u00ean IBI School v\u00e0 b\u1ea1n h\u1ecdc c\u00f9ng l\u1edbp online.\" \/>\n<meta name=\"robots\" content=\"index, follow, max-snippet:-1, max-image-preview:large, max-video-preview:-1\" \/>\n<link rel=\"canonical\" href=\"https:\/\/school.ibi-global.com\/vi\/mo-hinh-hoc\/econversations-lop-hoc-live\/\" \/>\n<meta property=\"og:locale\" content=\"vi_VN\" \/>\n<meta property=\"og:type\" content=\"article\" \/>\n<meta property=\"og:title\" content=\"eConversations | L\u1edbp h\u1ecdc live\" \/>\n<meta property=\"og:description\" content=\"L\u1edbp h\u1ecdc tr\u1ef1c tuy\u1ebfn n\u00e0y gi\u00fap b\u1ea1n t\u01b0\u01a1ng t\u00e1c tr\u1ef1c ti\u1ebfp v\u1edbi \u0111\u1ed9i ng\u0169 gi\u00e1o vi\u00ean IBI School v\u00e0 b\u1ea1n h\u1ecdc c\u00f9ng l\u1edbp online.\" \/>\n<meta property=\"og:url\" content=\"https:\/\/school.ibi-global.com\/vi\/mo-hinh-hoc\/econversations-lop-hoc-live\/\" \/>\n<meta property=\"og:site_name\" content=\"IBI School - Vietnam\" \/>\n<meta property=\"article:publisher\" content=\"https:\/\/www.facebook.com\/ibischool.vietnam\" \/>\n<meta property=\"article:modified_time\" content=\"2024-07-09T05:55:28+00:00\" \/>\n<meta property=\"og:image\" content=\"https:\/\/school.ibi-global.com\/userfiles\/kcfinder\/images\/Step%203%20-%20eConversations.jpg\" \/>\n<meta name=\"twitter:card\" content=\"summary_large_image\" \/>\n<meta name=\"twitter:site\" content=\"@flipped_ibi\" \/>\n<meta name=\"twitter:label1\" content=\"Est. reading time\" \/>\n\t<meta name=\"twitter:data1\" content=\"2 minutes\" \/>\n<script type=\"application\/ld+json\" class=\"yoast-schema-graph\">{\"@context\":\"https:\/\/schema.org\",\"@graph\":[{\"@type\":\"WebPage\",\"@id\":\"https:\/\/school.ibi-global.com\/vi\/mo-hinh-hoc\/econversations-lop-hoc-live\/\",\"url\":\"https:\/\/school.ibi-global.com\/vi\/mo-hinh-hoc\/econversations-lop-hoc-live\/\",\"name\":\"eConversations | L\u1edbp h\u1ecdc live\",\"isPartOf\":{\"@id\":\"https:\/\/school.ibi-global.com\/vi\/#website\"},\"datePublished\":\"2023-03-07T17:05:22+00:00\",\"dateModified\":\"2024-07-09T05:55:28+00:00\",\"description\":\"L\u1edbp h\u1ecdc tr\u1ef1c tuy\u1ebfn n\u00e0y gi\u00fap b\u1ea1n t\u01b0\u01a1ng t\u00e1c tr\u1ef1c ti\u1ebfp v\u1edbi \u0111\u1ed9i ng\u0169 gi\u00e1o vi\u00ean IBI School v\u00e0 b\u1ea1n h\u1ecdc c\u00f9ng l\u1edbp online.\",\"breadcrumb\":{\"@id\":\"https:\/\/school.ibi-global.com\/vi\/mo-hinh-hoc\/econversations-lop-hoc-live\/#breadcrumb\"},\"inLanguage\":\"vi-VN\",\"potentialAction\":[{\"@type\":\"ReadAction\",\"target\":[\"https:\/\/school.ibi-global.com\/vi\/mo-hinh-hoc\/econversations-lop-hoc-live\/\"]}]},{\"@type\":\"BreadcrumbList\",\"@id\":\"https:\/\/school.ibi-global.com\/vi\/mo-hinh-hoc\/econversations-lop-hoc-live\/#breadcrumb\",\"itemListElement\":[{\"@type\":\"ListItem\",\"position\":1,\"name\":\"Home\",\"item\":\"https:\/\/school.ibi-global.com\/vi\/\"},{\"@type\":\"ListItem\",\"position\":2,\"name\":\"M\u00f4 h\u00ecnh h\u1ecdc\",\"item\":\"https:\/\/school.ibi-global.com\/vi\/mo-hinh-hoc\/\"},{\"@type\":\"ListItem\",\"position\":3,\"name\":\"eConversations | L\u1edbp h\u1ecdc live\"}]},{\"@type\":\"WebSite\",\"@id\":\"https:\/\/school.ibi-global.com\/vi\/#website\",\"url\":\"https:\/\/school.ibi-global.com\/vi\/\",\"name\":\"IBI School\",\"description\":\"L\u1edbp H\u1ecdc \u0110\u1ea3o Ng\u01b0\u1ee3c Ti\u1ebfng Anh Cho Tr\u1ebb V\u00e0 Thi\u1ebfu Ni\u00ean\",\"publisher\":{\"@id\":\"https:\/\/school.ibi-global.com\/vi\/#organization\"},\"potentialAction\":[{\"@type\":\"SearchAction\",\"target\":{\"@type\":\"EntryPoint\",\"urlTemplate\":\"https:\/\/school.ibi-global.com\/vi\/?s={search_term_string}\"},\"query-input\":\"required name=search_term_string\"}],\"inLanguage\":\"vi-VN\"},{\"@type\":\"Organization\",\"@id\":\"https:\/\/school.ibi-global.com\/vi\/#organization\",\"name\":\"IBI School\",\"url\":\"https:\/\/school.ibi-global.com\/vi\/\",\"logo\":{\"@type\":\"ImageObject\",\"inLanguage\":\"vi-VN\",\"@id\":\"https:\/\/school.ibi-global.com\/vi\/#\/schema\/logo\/image\/\",\"url\":\"https:\/\/school.ibi-global.com\/wp-content\/uploads\/2023\/03\/ibi-school-logo-9168.png\",\"contentUrl\":\"https:\/\/school.ibi-global.com\/wp-content\/uploads\/2023\/03\/ibi-school-logo-9168.png\",\"width\":500,\"height\":435,\"caption\":\"IBI School\"},\"image\":{\"@id\":\"https:\/\/school.ibi-global.com\/vi\/#\/schema\/logo\/image\/\"},\"sameAs\":[\"https:\/\/www.facebook.com\/ibischool.vietnam\",\"https:\/\/twitter.com\/flipped_ibi\",\"https:\/\/vn.linkedin.com\/company\/ibi-school\",\"https:\/\/www.youtube.com\/channel\/UClAXxp1l9MgKTQiwyGKT8QA\"]}]}<\/script>\n<!-- \/ Yoast SEO plugin. -->","yoast_head_json":{"title":"eConversations | L\u1edbp h\u1ecdc live","description":"L\u1edbp h\u1ecdc tr\u1ef1c tuy\u1ebfn n\u00e0y gi\u00fap b\u1ea1n t\u01b0\u01a1ng t\u00e1c tr\u1ef1c ti\u1ebfp v\u1edbi \u0111\u1ed9i ng\u0169 gi\u00e1o vi\u00ean IBI School v\u00e0 b\u1ea1n h\u1ecdc c\u00f9ng l\u1edbp online.","robots":{"index":"index","follow":"follow","max-snippet":"max-snippet:-1","max-image-preview":"max-image-preview:large","max-video-preview":"max-video-preview:-1"},"canonical":"https:\/\/school.ibi-global.com\/vi\/mo-hinh-hoc\/econversations-lop-hoc-live\/","og_locale":"vi_VN","og_type":"article","og_title":"eConversations | L\u1edbp h\u1ecdc live","og_description":"L\u1edbp h\u1ecdc tr\u1ef1c tuy\u1ebfn n\u00e0y gi\u00fap b\u1ea1n t\u01b0\u01a1ng t\u00e1c tr\u1ef1c ti\u1ebfp v\u1edbi \u0111\u1ed9i ng\u0169 gi\u00e1o vi\u00ean IBI School v\u00e0 b\u1ea1n h\u1ecdc c\u00f9ng l\u1edbp online.","og_url":"https:\/\/school.ibi-global.com\/vi\/mo-hinh-hoc\/econversations-lop-hoc-live\/","og_site_name":"IBI School - Vietnam","article_publisher":"https:\/\/www.facebook.com\/ibischool.vietnam","article_modified_time":"2024-07-09T05:55:28+00:00","og_image":[{"url":"https:\/\/school.ibi-global.com\/userfiles\/kcfinder\/images\/Step%203%20-%20eConversations.jpg"}],"twitter_card":"summary_large_image","twitter_site":"@flipped_ibi","twitter_misc":{"Est. reading time":"2 minutes"},"schema":{"@context":"https:\/\/schema.org","@graph":[{"@type":"WebPage","@id":"https:\/\/school.ibi-global.com\/vi\/mo-hinh-hoc\/econversations-lop-hoc-live\/","url":"https:\/\/school.ibi-global.com\/vi\/mo-hinh-hoc\/econversations-lop-hoc-live\/","name":"eConversations | L\u1edbp h\u1ecdc live","isPartOf":{"@id":"https:\/\/school.ibi-global.com\/vi\/#website"},"datePublished":"2023-03-07T17:05:22+00:00","dateModified":"2024-07-09T05:55:28+00:00","description":"L\u1edbp h\u1ecdc tr\u1ef1c tuy\u1ebfn n\u00e0y gi\u00fap b\u1ea1n t\u01b0\u01a1ng t\u00e1c tr\u1ef1c ti\u1ebfp v\u1edbi \u0111\u1ed9i ng\u0169 gi\u00e1o vi\u00ean IBI School v\u00e0 b\u1ea1n h\u1ecdc c\u00f9ng l\u1edbp online.","breadcrumb":{"@id":"https:\/\/school.ibi-global.com\/vi\/mo-hinh-hoc\/econversations-lop-hoc-live\/#breadcrumb"},"inLanguage":"vi-VN","potentialAction":[{"@type":"ReadAction","target":["https:\/\/school.ibi-global.com\/vi\/mo-hinh-hoc\/econversations-lop-hoc-live\/"]}]},{"@type":"BreadcrumbList","@id":"https:\/\/school.ibi-global.com\/vi\/mo-hinh-hoc\/econversations-lop-hoc-live\/#breadcrumb","itemListElement":[{"@type":"ListItem","position":1,"name":"Home","item":"https:\/\/school.ibi-global.com\/vi\/"},{"@type":"ListItem","position":2,"name":"M\u00f4 h\u00ecnh h\u1ecdc","item":"https:\/\/school.ibi-global.com\/vi\/mo-hinh-hoc\/"},{"@type":"ListItem","position":3,"name":"eConversations | L\u1edbp h\u1ecdc live"}]},{"@type":"WebSite","@id":"https:\/\/school.ibi-global.com\/vi\/#website","url":"https:\/\/school.ibi-global.com\/vi\/","name":"IBI School","description":"L\u1edbp H\u1ecdc \u0110\u1ea3o Ng\u01b0\u1ee3c Ti\u1ebfng Anh Cho Tr\u1ebb V\u00e0 Thi\u1ebfu Ni\u00ean","publisher":{"@id":"https:\/\/school.ibi-global.com\/vi\/#organization"},"potentialAction":[{"@type":"SearchAction","target":{"@type":"EntryPoint","urlTemplate":"https:\/\/school.ibi-global.com\/vi\/?s={search_term_string}"},"query-input":"required name=search_term_string"}],"inLanguage":"vi-VN"},{"@type":"Organization","@id":"https:\/\/school.ibi-global.com\/vi\/#organization","name":"IBI School","url":"https:\/\/school.ibi-global.com\/vi\/","logo":{"@type":"ImageObject","inLanguage":"vi-VN","@id":"https:\/\/school.ibi-global.com\/vi\/#\/schema\/logo\/image\/","url":"https:\/\/school.ibi-global.com\/wp-content\/uploads\/2023\/03\/ibi-school-logo-9168.png","contentUrl":"https:\/\/school.ibi-global.com\/wp-content\/uploads\/2023\/03\/ibi-school-logo-9168.png","width":500,"height":435,"caption":"IBI School"},"image":{"@id":"https:\/\/school.ibi-global.com\/vi\/#\/schema\/logo\/image\/"},"sameAs":["https:\/\/www.facebook.com\/ibischool.vietnam","https:\/\/twitter.com\/flipped_ibi","https:\/\/vn.linkedin.com\/company\/ibi-school","https:\/\/www.youtube.com\/channel\/UClAXxp1l9MgKTQiwyGKT8QA"]}]}},"_links":{"self":[{"href":"https:\/\/school.ibi-global.com\/vi\/wp-json\/wp\/v2\/pages\/404","targetHints":{"allow":["GET"]}}],"collection":[{"href":"https:\/\/school.ibi-global.com\/vi\/wp-json\/wp\/v2\/pages"}],"about":[{"href":"https:\/\/school.ibi-global.com\/vi\/wp-json\/wp\/v2\/types\/page"}],"author":[{"embeddable":true,"href":"https:\/\/school.ibi-global.com\/vi\/wp-json\/wp\/v2\/users\/1"}],"replies":[{"embeddable":true,"href":"https:\/\/school.ibi-global.com\/vi\/wp-json\/wp\/v2\/comments?post=404"}],"version-history":[{"count":15,"href":"https:\/\/school.ibi-global.com\/vi\/wp-json\/wp\/v2\/pages\/404\/revisions"}],"predecessor-version":[{"id":2520,"href":"https:\/\/school.ibi-global.com\/vi\/wp-json\/wp\/v2\/pages\/404\/revisions\/2520"}],"up":[{"embeddable":true,"href":"https:\/\/school.ibi-global.com\/vi\/wp-json\/wp\/v2\/pages\/399"}],"wp:attachment":[{"href":"https:\/\/school.ibi-global.com\/vi\/wp-json\/wp\/v2\/media?parent=404"}],"curies":[{"name":"wp","href":"https:\/\/api.w.org\/{rel}","templated":true}]}}