{"id":416,"date":"2023-03-08T00:21:43","date_gmt":"2023-03-07T17:21:43","guid":{"rendered":"http:\/\/school.sunshinevn.com\/?page_id=416"},"modified":"2025-09-22T09:41:06","modified_gmt":"2025-09-22T02:41:06","slug":"quan-tri-tu-dong-hoa","status":"publish","type":"page","link":"https:\/\/school.ibi-global.com\/vi\/nen-tang\/quan-tri-tu-dong-hoa\/","title":{"rendered":"Qu\u1ea3n tr\u1ecb t\u1ef1 \u0111\u1ed9ng h\u00f3a"},"content":{"rendered":"<h2>\u00a0<\/h2>\n<h2 class=\"news-detail-title\">C\u00f4ng ngh\u1ec7 qu\u1ea3n tr\u1ecb AI (Tr\u00ed tu\u1ec7 nh\u00e2n t\u1ea1o)<\/h2>\n<div class=\"wysiwyg\">\n<p style=\"text-align: justify;\">Qu\u1ea3n tr\u1ecb t\u1ef1 \u0111\u1ed9ng h\u00f3a gi\u00fap IBI School t\u1ed1i \u0111a t\u1ef1 \u0111\u1ed9ng h\u00f3a c\u00e1c quy tr\u00ecnh c\u1ee7a m\u1ed9t tr\u01b0\u1eddng h\u1ecdc ti\u1ebfng Anh t\u1eeb quy tr\u00ecnh ghi danh, qu\u1ea3n l\u00fd h\u1ecdc vi\u00ean, qu\u1ea3n l\u00fd gi\u00e1o vi\u00ean \u0111\u1ebfn quy tr\u00ecnh ki\u1ec3m tra v\u00e0 b\u00e1o c\u00e1o h\u1ecdc t\u1eadp. \u0110\u1eb7c bi\u1ec7t c\u00e1c <a href=\"https:\/\/school.ibi-global.com\/hop-tac\/\">\u0111\u1ed1i t\u00e1c IBI School<\/a> \u0111\u01b0\u1ee3c ph\u00e2n quy\u1ec1n th\u1ef1c hi\u1ec7n \u0111\u1ed9c l\u1eadp c\u00e1c quy tr\u00ecnh n\u00e0y. H\u1ec7 th\u1ed1ng bao g\u1ed3m c\u00e1c t\u00ednh n\u0103ng sau:<\/p>\n<p><strong>1. H\u1ec7 th\u1ed1ng ghi danh v\u00e0 qu\u1ea3n tr\u1ecb h\u1ecdc vi\u00ean v\u1edbi c\u00e1c t\u00ednh n\u0103ng sau:\u00a0<\/strong><\/p>\n<ul>\n<li style=\"list-style-type: none;\">\n<ul>\n<li>eEnrollment<\/li>\n<li>Student management<\/li>\n<\/ul>\n<\/li>\n<\/ul>\n<p><strong>2. H\u1ec7 th\u1ed1ng qu\u1ea3n l\u00fd h\u1ecdc v\u1ee5 v\u00e0 gi\u00e1o vi\u00ean v\u1edbi c\u00e1c t\u00ednh n\u0103ng sau:<\/strong><\/p>\n<ul>\n<li style=\"list-style-type: none;\">\n<ul>\n<li>Teacher registration<\/li>\n<li><span style=\"color: #333333;\">Teacher management<\/span><\/li>\n<li><span style=\"color: #333333;\">eScheduling<\/span><\/li>\n<li>Class management<\/li>\n<li>eAssessment<\/li>\n<li>eBadges<\/li>\n<li>eReport<\/li>\n<\/ul>\n<\/li>\n<\/ul>\n<p><strong>3. H\u1ec7 th\u1ed1ng ch\u0103m s\u00f3c h\u1ecdc vi\u00ean v\u1edbi c\u00e1c t\u00ednh n\u0103ng sau:<\/strong><\/p>\n<ul>\n<li style=\"list-style-type: none;\">\n<ul>\n<li>eAttendance<\/li>\n<li>eReminder<\/li>\n<li>eTracking<\/li>\n<\/ul>\n<\/li>\n<\/ul>\n<p style=\"text-align: justify;\"><strong style=\"font-size: 110%;\">&gt;&gt;T\u00ecm hi\u1ec3u chi ti\u1ebft <a href=\"https:\/\/school.ibi-global.com\/automated-school\/\" target=\"_blank\" rel=\"noopener\">t\u1ea1i \u0111\u00e2y<\/a>.<\/strong><\/p>\n<\/div>\n<p>\u00a0<\/p>\n","protected":false},"excerpt":{"rendered":"<p>\u00a0 C\u00f4ng ngh\u1ec7 qu\u1ea3n tr\u1ecb AI (Tr\u00ed tu\u1ec7 nh\u00e2n t\u1ea1o) Qu\u1ea3n tr\u1ecb t\u1ef1 \u0111\u1ed9ng h\u00f3a gi\u00fap IBI School t\u1ed1i \u0111a t\u1ef1 \u0111\u1ed9ng h\u00f3a c\u00e1c quy tr\u00ecnh c\u1ee7a m\u1ed9t tr\u01b0\u1eddng h\u1ecdc ti\u1ebfng Anh t\u1eeb quy tr\u00ecnh ghi danh, qu\u1ea3n l\u00fd h\u1ecdc vi\u00ean, qu\u1ea3n l\u00fd gi\u00e1o vi\u00ean \u0111\u1ebfn quy tr\u00ecnh ki\u1ec3m tra v\u00e0 b\u00e1o c\u00e1o h\u1ecdc t\u1eadp&#8230; [&#8230;]\n","protected":false},"author":1,"featured_media":0,"parent":414,"menu_order":0,"comment_status":"closed","ping_status":"closed","template":"","meta":{"footnotes":""},"class_list":["post-416","page","type-page","status-publish","hentry"],"yoast_head":"<!-- This site is optimized with the Yoast SEO plugin v20.2.1 - https:\/\/yoast.com\/wordpress\/plugins\/seo\/ -->\n<title>Qu\u1ea3n tr\u1ecb t\u1ef1 \u0111\u1ed9ng h\u00f3a<\/title>\n<meta name=\"description\" content=\"Qu\u1ea3n tr\u1ecb t\u1ef1 \u0111\u1ed9ng h\u00f3a gi\u00fap IBI School t\u1ed1i \u0111a t\u1ef1 \u0111\u1ed9ng h\u00f3a c\u00e1c quy tr\u00ecnh c\u1ee7a m\u1ed9t tr\u01b0\u1eddng h\u1ecdc ti\u1ebfng Anh t\u1eeb quy tr\u00ecnh ghi danh, qu\u1ea3n l\u00fd h\u1ecdc vi\u00ean...\" \/>\n<meta name=\"robots\" content=\"index, follow, max-snippet:-1, max-image-preview:large, max-video-preview:-1\" \/>\n<link rel=\"canonical\" href=\"https:\/\/school.ibi-global.com\/vi\/nen-tang\/quan-tri-tu-dong-hoa\/\" \/>\n<meta property=\"og:locale\" content=\"vi_VN\" \/>\n<meta property=\"og:type\" content=\"article\" \/>\n<meta property=\"og:title\" content=\"Qu\u1ea3n tr\u1ecb t\u1ef1 \u0111\u1ed9ng h\u00f3a\" \/>\n<meta property=\"og:description\" content=\"Qu\u1ea3n tr\u1ecb t\u1ef1 \u0111\u1ed9ng h\u00f3a gi\u00fap IBI School t\u1ed1i \u0111a t\u1ef1 \u0111\u1ed9ng h\u00f3a c\u00e1c quy tr\u00ecnh c\u1ee7a m\u1ed9t tr\u01b0\u1eddng h\u1ecdc ti\u1ebfng Anh t\u1eeb quy tr\u00ecnh ghi danh, qu\u1ea3n l\u00fd h\u1ecdc vi\u00ean...\" \/>\n<meta property=\"og:url\" content=\"https:\/\/school.ibi-global.com\/vi\/nen-tang\/quan-tri-tu-dong-hoa\/\" \/>\n<meta property=\"og:site_name\" content=\"IBI School - Vietnam\" \/>\n<meta property=\"article:publisher\" content=\"https:\/\/www.facebook.com\/ibischool.vietnam\" \/>\n<meta property=\"article:modified_time\" content=\"2025-09-22T02:41:06+00:00\" \/>\n<meta name=\"twitter:card\" content=\"summary_large_image\" \/>\n<meta name=\"twitter:site\" content=\"@flipped_ibi\" \/>\n<meta name=\"twitter:label1\" content=\"Est. reading time\" \/>\n\t<meta name=\"twitter:data1\" content=\"2 minutes\" \/>\n<script type=\"application\/ld+json\" class=\"yoast-schema-graph\">{\"@context\":\"https:\/\/schema.org\",\"@graph\":[{\"@type\":\"WebPage\",\"@id\":\"https:\/\/school.ibi-global.com\/vi\/nen-tang\/quan-tri-tu-dong-hoa\/\",\"url\":\"https:\/\/school.ibi-global.com\/vi\/nen-tang\/quan-tri-tu-dong-hoa\/\",\"name\":\"Qu\u1ea3n tr\u1ecb t\u1ef1 \u0111\u1ed9ng h\u00f3a\",\"isPartOf\":{\"@id\":\"https:\/\/school.ibi-global.com\/vi\/#website\"},\"datePublished\":\"2023-03-07T17:21:43+00:00\",\"dateModified\":\"2025-09-22T02:41:06+00:00\",\"description\":\"Qu\u1ea3n tr\u1ecb t\u1ef1 \u0111\u1ed9ng h\u00f3a gi\u00fap IBI School t\u1ed1i \u0111a t\u1ef1 \u0111\u1ed9ng h\u00f3a c\u00e1c quy tr\u00ecnh c\u1ee7a m\u1ed9t tr\u01b0\u1eddng h\u1ecdc ti\u1ebfng Anh t\u1eeb quy tr\u00ecnh ghi danh, qu\u1ea3n l\u00fd h\u1ecdc vi\u00ean...\",\"breadcrumb\":{\"@id\":\"https:\/\/school.ibi-global.com\/vi\/nen-tang\/quan-tri-tu-dong-hoa\/#breadcrumb\"},\"inLanguage\":\"vi-VN\",\"potentialAction\":[{\"@type\":\"ReadAction\",\"target\":[\"https:\/\/school.ibi-global.com\/vi\/nen-tang\/quan-tri-tu-dong-hoa\/\"]}]},{\"@type\":\"BreadcrumbList\",\"@id\":\"https:\/\/school.ibi-global.com\/vi\/nen-tang\/quan-tri-tu-dong-hoa\/#breadcrumb\",\"itemListElement\":[{\"@type\":\"ListItem\",\"position\":1,\"name\":\"Home\",\"item\":\"https:\/\/school.ibi-global.com\/vi\/\"},{\"@type\":\"ListItem\",\"position\":2,\"name\":\"N\u1ec1n t\u1ea3ng\",\"item\":\"https:\/\/school.ibi-global.com\/vi\/nen-tang\/\"},{\"@type\":\"ListItem\",\"position\":3,\"name\":\"Qu\u1ea3n tr\u1ecb t\u1ef1 \u0111\u1ed9ng h\u00f3a\"}]},{\"@type\":\"WebSite\",\"@id\":\"https:\/\/school.ibi-global.com\/vi\/#website\",\"url\":\"https:\/\/school.ibi-global.com\/vi\/\",\"name\":\"IBI School\",\"description\":\"L\u1edbp H\u1ecdc \u0110\u1ea3o Ng\u01b0\u1ee3c Ti\u1ebfng Anh Cho Tr\u1ebb V\u00e0 Thi\u1ebfu Ni\u00ean\",\"publisher\":{\"@id\":\"https:\/\/school.ibi-global.com\/vi\/#organization\"},\"potentialAction\":[{\"@type\":\"SearchAction\",\"target\":{\"@type\":\"EntryPoint\",\"urlTemplate\":\"https:\/\/school.ibi-global.com\/vi\/?s={search_term_string}\"},\"query-input\":\"required name=search_term_string\"}],\"inLanguage\":\"vi-VN\"},{\"@type\":\"Organization\",\"@id\":\"https:\/\/school.ibi-global.com\/vi\/#organization\",\"name\":\"IBI School\",\"url\":\"https:\/\/school.ibi-global.com\/vi\/\",\"logo\":{\"@type\":\"ImageObject\",\"inLanguage\":\"vi-VN\",\"@id\":\"https:\/\/school.ibi-global.com\/vi\/#\/schema\/logo\/image\/\",\"url\":\"https:\/\/school.ibi-global.com\/wp-content\/uploads\/2023\/03\/ibi-school-logo-9168.png\",\"contentUrl\":\"https:\/\/school.ibi-global.com\/wp-content\/uploads\/2023\/03\/ibi-school-logo-9168.png\",\"width\":500,\"height\":435,\"caption\":\"IBI School\"},\"image\":{\"@id\":\"https:\/\/school.ibi-global.com\/vi\/#\/schema\/logo\/image\/\"},\"sameAs\":[\"https:\/\/www.facebook.com\/ibischool.vietnam\",\"https:\/\/twitter.com\/flipped_ibi\",\"https:\/\/vn.linkedin.com\/company\/ibi-school\",\"https:\/\/www.youtube.com\/channel\/UClAXxp1l9MgKTQiwyGKT8QA\"]}]}<\/script>\n<!-- \/ Yoast SEO plugin. -->","yoast_head_json":{"title":"Qu\u1ea3n tr\u1ecb t\u1ef1 \u0111\u1ed9ng h\u00f3a","description":"Qu\u1ea3n tr\u1ecb t\u1ef1 \u0111\u1ed9ng h\u00f3a gi\u00fap IBI School t\u1ed1i \u0111a t\u1ef1 \u0111\u1ed9ng h\u00f3a c\u00e1c quy tr\u00ecnh c\u1ee7a m\u1ed9t tr\u01b0\u1eddng h\u1ecdc ti\u1ebfng Anh t\u1eeb quy tr\u00ecnh ghi danh, qu\u1ea3n l\u00fd h\u1ecdc vi\u00ean...","robots":{"index":"index","follow":"follow","max-snippet":"max-snippet:-1","max-image-preview":"max-image-preview:large","max-video-preview":"max-video-preview:-1"},"canonical":"https:\/\/school.ibi-global.com\/vi\/nen-tang\/quan-tri-tu-dong-hoa\/","og_locale":"vi_VN","og_type":"article","og_title":"Qu\u1ea3n tr\u1ecb t\u1ef1 \u0111\u1ed9ng h\u00f3a","og_description":"Qu\u1ea3n tr\u1ecb t\u1ef1 \u0111\u1ed9ng h\u00f3a gi\u00fap IBI School t\u1ed1i \u0111a t\u1ef1 \u0111\u1ed9ng h\u00f3a c\u00e1c quy tr\u00ecnh c\u1ee7a m\u1ed9t tr\u01b0\u1eddng h\u1ecdc ti\u1ebfng Anh t\u1eeb quy tr\u00ecnh ghi danh, qu\u1ea3n l\u00fd h\u1ecdc vi\u00ean...","og_url":"https:\/\/school.ibi-global.com\/vi\/nen-tang\/quan-tri-tu-dong-hoa\/","og_site_name":"IBI School - Vietnam","article_publisher":"https:\/\/www.facebook.com\/ibischool.vietnam","article_modified_time":"2025-09-22T02:41:06+00:00","twitter_card":"summary_large_image","twitter_site":"@flipped_ibi","twitter_misc":{"Est. reading time":"2 minutes"},"schema":{"@context":"https:\/\/schema.org","@graph":[{"@type":"WebPage","@id":"https:\/\/school.ibi-global.com\/vi\/nen-tang\/quan-tri-tu-dong-hoa\/","url":"https:\/\/school.ibi-global.com\/vi\/nen-tang\/quan-tri-tu-dong-hoa\/","name":"Qu\u1ea3n tr\u1ecb t\u1ef1 \u0111\u1ed9ng h\u00f3a","isPartOf":{"@id":"https:\/\/school.ibi-global.com\/vi\/#website"},"datePublished":"2023-03-07T17:21:43+00:00","dateModified":"2025-09-22T02:41:06+00:00","description":"Qu\u1ea3n tr\u1ecb t\u1ef1 \u0111\u1ed9ng h\u00f3a gi\u00fap IBI School t\u1ed1i \u0111a t\u1ef1 \u0111\u1ed9ng h\u00f3a c\u00e1c quy tr\u00ecnh c\u1ee7a m\u1ed9t tr\u01b0\u1eddng h\u1ecdc ti\u1ebfng Anh t\u1eeb quy tr\u00ecnh ghi danh, qu\u1ea3n l\u00fd h\u1ecdc vi\u00ean...","breadcrumb":{"@id":"https:\/\/school.ibi-global.com\/vi\/nen-tang\/quan-tri-tu-dong-hoa\/#breadcrumb"},"inLanguage":"vi-VN","potentialAction":[{"@type":"ReadAction","target":["https:\/\/school.ibi-global.com\/vi\/nen-tang\/quan-tri-tu-dong-hoa\/"]}]},{"@type":"BreadcrumbList","@id":"https:\/\/school.ibi-global.com\/vi\/nen-tang\/quan-tri-tu-dong-hoa\/#breadcrumb","itemListElement":[{"@type":"ListItem","position":1,"name":"Home","item":"https:\/\/school.ibi-global.com\/vi\/"},{"@type":"ListItem","position":2,"name":"N\u1ec1n t\u1ea3ng","item":"https:\/\/school.ibi-global.com\/vi\/nen-tang\/"},{"@type":"ListItem","position":3,"name":"Qu\u1ea3n tr\u1ecb t\u1ef1 \u0111\u1ed9ng h\u00f3a"}]},{"@type":"WebSite","@id":"https:\/\/school.ibi-global.com\/vi\/#website","url":"https:\/\/school.ibi-global.com\/vi\/","name":"IBI School","description":"L\u1edbp H\u1ecdc \u0110\u1ea3o Ng\u01b0\u1ee3c Ti\u1ebfng Anh Cho Tr\u1ebb V\u00e0 Thi\u1ebfu Ni\u00ean","publisher":{"@id":"https:\/\/school.ibi-global.com\/vi\/#organization"},"potentialAction":[{"@type":"SearchAction","target":{"@type":"EntryPoint","urlTemplate":"https:\/\/school.ibi-global.com\/vi\/?s={search_term_string}"},"query-input":"required name=search_term_string"}],"inLanguage":"vi-VN"},{"@type":"Organization","@id":"https:\/\/school.ibi-global.com\/vi\/#organization","name":"IBI School","url":"https:\/\/school.ibi-global.com\/vi\/","logo":{"@type":"ImageObject","inLanguage":"vi-VN","@id":"https:\/\/school.ibi-global.com\/vi\/#\/schema\/logo\/image\/","url":"https:\/\/school.ibi-global.com\/wp-content\/uploads\/2023\/03\/ibi-school-logo-9168.png","contentUrl":"https:\/\/school.ibi-global.com\/wp-content\/uploads\/2023\/03\/ibi-school-logo-9168.png","width":500,"height":435,"caption":"IBI School"},"image":{"@id":"https:\/\/school.ibi-global.com\/vi\/#\/schema\/logo\/image\/"},"sameAs":["https:\/\/www.facebook.com\/ibischool.vietnam","https:\/\/twitter.com\/flipped_ibi","https:\/\/vn.linkedin.com\/company\/ibi-school","https:\/\/www.youtube.com\/channel\/UClAXxp1l9MgKTQiwyGKT8QA"]}]}},"_links":{"self":[{"href":"https:\/\/school.ibi-global.com\/vi\/wp-json\/wp\/v2\/pages\/416","targetHints":{"allow":["GET"]}}],"collection":[{"href":"https:\/\/school.ibi-global.com\/vi\/wp-json\/wp\/v2\/pages"}],"about":[{"href":"https:\/\/school.ibi-global.com\/vi\/wp-json\/wp\/v2\/types\/page"}],"author":[{"embeddable":true,"href":"https:\/\/school.ibi-global.com\/vi\/wp-json\/wp\/v2\/users\/1"}],"replies":[{"embeddable":true,"href":"https:\/\/school.ibi-global.com\/vi\/wp-json\/wp\/v2\/comments?post=416"}],"version-history":[{"count":13,"href":"https:\/\/school.ibi-global.com\/vi\/wp-json\/wp\/v2\/pages\/416\/revisions"}],"predecessor-version":[{"id":3063,"href":"https:\/\/school.ibi-global.com\/vi\/wp-json\/wp\/v2\/pages\/416\/revisions\/3063"}],"up":[{"embeddable":true,"href":"https:\/\/school.ibi-global.com\/vi\/wp-json\/wp\/v2\/pages\/414"}],"wp:attachment":[{"href":"https:\/\/school.ibi-global.com\/vi\/wp-json\/wp\/v2\/media?parent=416"}],"curies":[{"name":"wp","href":"https:\/\/api.w.org\/{rel}","templated":true}]}}