{"id":419,"date":"2023-03-08T00:24:20","date_gmt":"2023-03-07T17:24:20","guid":{"rendered":"http:\/\/school.sunshinevn.com\/?page_id=419"},"modified":"2024-07-09T11:35:27","modified_gmt":"2024-07-09T04:35:27","slug":"cong-nghe","status":"publish","type":"page","link":"https:\/\/school.ibi-global.com\/vi\/nen-tang\/cong-nghe\/","title":{"rendered":"C\u00f4ng ngh\u1ec7"},"content":{"rendered":"<h3 class=\"news-detail-title\"><span style=\"color: #00aae7;\">C\u00f4ng Ngh\u1ec7<\/span><\/h3>\n<div class=\"wysiwyg\">\n<p>N\u1ec1n t\u1ea3ng c\u00f4ng ngh\u1ec7 IBI \u0111\u01b0\u1ee3c thi\u1ebft k\u1ebf b\u1edfi c\u00e1c chuy\u00ean gia h\u00e0ng \u0111\u1ea7u c\u1ee7a Israel v\u00e0 \u0111\u01b0\u1ee3c x\u00e2y d\u1ef1ng b\u1edfi \u0111\u1ed9i ng\u0169 k\u1ef9 s\u01b0 c\u00f4ng ngh\u1ec7 trong v\u00e0 ngo\u00e0i n\u01b0\u1edbc (ch\u00fang t\u00f4i kh\u00f4ng th\u00f4ng qua c\u00f4ng ngh\u1ec7 c\u1ee7a b\u1ea5t k\u1ef3 m\u1ed9t b\u00ean th\u1ee9 3 n\u00e0o). IBI l\u00e0 m\u1ed9t h\u1ec7 th\u1ed1ng t\u00edch h\u1ee3p c\u00e1c n\u1ec1n t\u1ea3ng quan tr\u1ecdng mang l\u1ea1i hi\u1ec7u qu\u1ea3 t\u1ed1t nh\u1ea5t cho h\u1ecdc vi\u00ean v\u00e0 gi\u00e1o vi\u00ean.\u00a0<strong>H\u1ee3p t\u00e1c c\u00f9ng IBI ngay h\u00f4m nay! <\/strong>Tham kh\u1ea3o<a href=\"https:\/\/school.ibi-global.com\/hop-tac\/\"> <strong>&#8220;C\u01a1 h\u1ed9i h\u1ee3p t\u00e1c&#8221;<\/strong><\/a><\/p>\n<div class=\"wysiwyg\">\n<p><strong>1. \u00a0Supported Learning Types<\/strong><\/p>\n<ul>\n<li>\u00a0Asyncronous Self-paced<\/li>\n<li>\u00a0Asyncronous Instructor-led<\/li>\n<li>\u00a0Synchronous Virtual Classroom<\/li>\n<li>\u00a0Blended Learning<\/li>\n<\/ul>\n<p><strong>2. \u00a0User Accounts\u00a0<\/strong><\/p>\n<ul>\n<li>Browse list of users<\/li>\n<li>Bulk User Actions<\/li>\n<li>Add a new user<\/li>\n<li>Custom\/Mandatory User profile fields<\/li>\n<li>Upload users<\/li>\n<li>Archive users<\/li>\n<\/ul>\n<p><strong>3. \u00a0User Roles<\/strong><\/p>\n<ul>\n<li>\u00a0Define roles<\/li>\n<li>\u00a0Role Assignment<\/li>\n<li>\u00a0System Permissions per role<\/li>\n<li>\u00a0Teams and Team Hierarchies<\/li>\n<\/ul>\n<p><strong>4. \u00a0User Authentication<\/strong><\/p>\n<ul>\n<li>\u00a0Self-Registration<\/li>\n<li>\u00a0 Manual Accounts<\/li>\n<li>\u00a0Active Directory\/LDAP Integration<\/li>\n<li>\u00a0Custom User login page<\/li>\n<\/ul>\n<p><strong>5. \u00a0User Enrollment<\/strong><\/p>\n<ul>\n<li>\u00a0Course\u00a0based enrollment<\/li>\n<li>\u00a0Self-enrollment<\/li>\n<li>\u00a0Self-enrollment (with a PIN #)<\/li>\n<li>\u00a0Survey enrollment (based on a response)<\/li>\n<li>\u00a0Automated Enrollment (based on User data)<\/li>\n<li>\u00a0Attendance Tracking<\/li>\n<\/ul>\n<p><strong>6. \u00a0Course Creation<\/strong><\/p>\n<ul>\n<li>\u00a0Built-In Authoring Tool<\/li>\n<li>\u00a0Changing Course default settings<\/li>\n<li>\u00a0Upload courses<\/li>\n<li>\u00a0Can reuse PPTs, PDFs, Videos<\/li>\n<li>\u00a0Consume online video content<\/li>\n<li>\u00a0Tests Engine<\/li>\n<li>\u00a0Survey Engine<\/li>\n<li>\u00a0Assignments Engine<\/li>\n<li>\u00a0Course backup Options<\/li>\n<li>\u00a0Scheduling LIVE events<\/li>\n<li>\u00a0Learning Paths (Curriculums)<\/li>\n<\/ul>\n<p><strong>7. \u00a0Course Categories<\/strong><\/p>\n<ul>\n<li>\u00a0Create new Categories<\/li>\n<li>\u00a0Assign Courses to categories<\/li>\n<li>\u00a0Manage Categories<\/li>\n<\/ul>\n<p><strong>8. Course Format<\/strong><\/p>\n<ul>\n<li>\u00a0Social Format<\/li>\n<li>\u00a0Topics Format<\/li>\n<li>\u00a0Gamification<\/li>\n<li>\u00a0LIVE Videoconferencing<\/li>\n<li>\u00a0LIVE Chat Option<\/li>\n<li>\u00a0Course Discussions<\/li>\n<li>\u00a0Learner Upload<\/li>\n<\/ul>\n<p><strong>9. \u00a0Activity Grading<\/strong><\/p>\n<ul>\n<li>\u00a0Gradebook<\/li>\n<li>\u00a0Gradebook comments<\/li>\n<li>\u00a0Multiple grading scales<\/li>\n<li>\u00a0Course History<\/li>\n<\/ul>\n<p><strong>10. Gamification<\/strong><\/p>\n<ul>\n<li>\u00a0Badges<\/li>\n<li>\u00a0Badge customization<\/li>\n<li>\u00a0Points<\/li>\n<li>\u00a0Rewards<\/li>\n<li>\u00a0Levels<\/li>\n<li>\u00a0Customize Gamification mechanics<\/li>\n<\/ul>\n<p><strong>11. Reports<\/strong><\/p>\n<ul>\n<li>\u00a0Grading Report Settings<\/li>\n<li>\u00a0Training Record Maintenance<\/li>\n<li>\u00a0Exporting Reports in variety of formats<\/li>\n<li>\u00a0Automated Report Scheduling<\/li>\n<li>\u00a0Dashboards and Graphic Reports<\/li>\n<\/ul>\n<p><strong>12. Customization<\/strong><\/p>\n<ul>\n<li>\u00a0Personalized views<\/li>\n<li>\u00a0Mobile Learning Support<\/li>\n<\/ul>\n<p><strong>13. \u00a0Shopping Cart<\/strong><\/p>\n<ul>\n<li>\u00a0Built-In Shopping Cart<\/li>\n<li>\u00a0Shopping Cart as Plug-In<\/li>\n<\/ul>\n<p><strong>14. System Reports<\/strong><\/p>\n<ul>\n<li>\u00a0Live Logs<\/li>\n<li>\u00a0Email notification settings<\/li>\n<li>\u00a0Automatic email reports in predefined intervals<\/li>\n<\/ul>\n<p><strong>15. \u00a0Security<\/strong><\/p>\n<ul>\n<li>\u00a0IP Blocker<\/li>\n<li>\u00a0Anti-spam<\/li>\n<li>\u00a0Anti-virus<\/li>\n<li>\u00a0Strong Passwords<\/li>\n<li>\u00a0Restrict registration to specific domains<\/li>\n<\/ul>\n<p><strong>and unique features&#8230;<\/strong><\/p>\n<\/div>\n<\/div>\n","protected":false},"excerpt":{"rendered":"<p>C\u00f4ng Ngh\u1ec7 N\u1ec1n t\u1ea3ng c\u00f4ng ngh\u1ec7 IBI \u0111\u01b0\u1ee3c thi\u1ebft k\u1ebf b\u1edfi c\u00e1c chuy\u00ean gia h\u00e0ng \u0111\u1ea7u c\u1ee7a Israel v\u00e0 \u0111\u01b0\u1ee3c x\u00e2y d\u1ef1ng b\u1edfi \u0111\u1ed9i ng\u0169 k\u1ef9 s\u01b0 c\u00f4ng ngh\u1ec7 trong v\u00e0 ngo\u00e0i n\u01b0\u1edbc (ch\u00fang t\u00f4i kh\u00f4ng th\u00f4ng qua c\u00f4ng ngh\u1ec7 c\u1ee7a b\u1ea5t k\u1ef3 m\u1ed9t b\u00ean th\u1ee9 3 n\u00e0o). IBI l\u00e0 m\u1ed9t h\u1ec7 th\u1ed1ng t\u00edch h\u1ee3p.. [&#8230;]\n","protected":false},"author":1,"featured_media":0,"parent":414,"menu_order":0,"comment_status":"closed","ping_status":"closed","template":"","meta":{"footnotes":""},"class_list":["post-419","page","type-page","status-publish","hentry"],"yoast_head":"<!-- This site is optimized with the Yoast SEO plugin v20.2.1 - https:\/\/yoast.com\/wordpress\/plugins\/seo\/ -->\n<title>C\u00f4ng ngh\u1ec7<\/title>\n<meta name=\"description\" content=\"N\u1ec1n t\u1ea3ng c\u00f4ng ngh\u1ec7 IBI \u0111\u01b0\u1ee3c thi\u1ebft k\u1ebf b\u1edfi c\u00e1c chuy\u00ean gia h\u00e0ng \u0111\u1ea7u c\u1ee7a Israel v\u00e0 \u0111\u01b0\u1ee3c x\u00e2y d\u1ef1ng b\u1edfi \u0111\u1ed9i ng\u0169 k\u1ef9 s\u01b0 c\u00f4ng ngh\u1ec7 trong v\u00e0 ngo\u00e0i n\u01b0\u1edbc.\" \/>\n<meta name=\"robots\" content=\"index, follow, max-snippet:-1, max-image-preview:large, max-video-preview:-1\" \/>\n<link rel=\"canonical\" href=\"https:\/\/school.ibi-global.com\/vi\/nen-tang\/cong-nghe\/\" \/>\n<meta property=\"og:locale\" content=\"vi_VN\" \/>\n<meta property=\"og:type\" content=\"article\" \/>\n<meta property=\"og:title\" content=\"C\u00f4ng ngh\u1ec7\" \/>\n<meta property=\"og:description\" content=\"N\u1ec1n t\u1ea3ng c\u00f4ng ngh\u1ec7 IBI \u0111\u01b0\u1ee3c thi\u1ebft k\u1ebf b\u1edfi c\u00e1c chuy\u00ean gia h\u00e0ng \u0111\u1ea7u c\u1ee7a Israel v\u00e0 \u0111\u01b0\u1ee3c x\u00e2y d\u1ef1ng b\u1edfi \u0111\u1ed9i ng\u0169 k\u1ef9 s\u01b0 c\u00f4ng ngh\u1ec7 trong v\u00e0 ngo\u00e0i n\u01b0\u1edbc.\" \/>\n<meta property=\"og:url\" content=\"https:\/\/school.ibi-global.com\/vi\/nen-tang\/cong-nghe\/\" \/>\n<meta property=\"og:site_name\" content=\"IBI School - Vietnam\" \/>\n<meta property=\"article:publisher\" content=\"https:\/\/www.facebook.com\/ibischool.vietnam\" \/>\n<meta property=\"article:modified_time\" content=\"2024-07-09T04:35:27+00:00\" \/>\n<meta name=\"twitter:card\" content=\"summary_large_image\" \/>\n<meta name=\"twitter:site\" content=\"@flipped_ibi\" \/>\n<meta name=\"twitter:label1\" content=\"Est. reading time\" \/>\n\t<meta name=\"twitter:data1\" content=\"2 minutes\" \/>\n<script type=\"application\/ld+json\" class=\"yoast-schema-graph\">{\"@context\":\"https:\/\/schema.org\",\"@graph\":[{\"@type\":\"WebPage\",\"@id\":\"https:\/\/school.ibi-global.com\/vi\/nen-tang\/cong-nghe\/\",\"url\":\"https:\/\/school.ibi-global.com\/vi\/nen-tang\/cong-nghe\/\",\"name\":\"C\u00f4ng ngh\u1ec7\",\"isPartOf\":{\"@id\":\"https:\/\/school.ibi-global.com\/vi\/#website\"},\"datePublished\":\"2023-03-07T17:24:20+00:00\",\"dateModified\":\"2024-07-09T04:35:27+00:00\",\"description\":\"N\u1ec1n t\u1ea3ng c\u00f4ng ngh\u1ec7 IBI \u0111\u01b0\u1ee3c thi\u1ebft k\u1ebf b\u1edfi c\u00e1c chuy\u00ean gia h\u00e0ng \u0111\u1ea7u c\u1ee7a Israel v\u00e0 \u0111\u01b0\u1ee3c x\u00e2y d\u1ef1ng b\u1edfi \u0111\u1ed9i ng\u0169 k\u1ef9 s\u01b0 c\u00f4ng ngh\u1ec7 trong v\u00e0 ngo\u00e0i n\u01b0\u1edbc.\",\"breadcrumb\":{\"@id\":\"https:\/\/school.ibi-global.com\/vi\/nen-tang\/cong-nghe\/#breadcrumb\"},\"inLanguage\":\"vi-VN\",\"potentialAction\":[{\"@type\":\"ReadAction\",\"target\":[\"https:\/\/school.ibi-global.com\/vi\/nen-tang\/cong-nghe\/\"]}]},{\"@type\":\"BreadcrumbList\",\"@id\":\"https:\/\/school.ibi-global.com\/vi\/nen-tang\/cong-nghe\/#breadcrumb\",\"itemListElement\":[{\"@type\":\"ListItem\",\"position\":1,\"name\":\"Home\",\"item\":\"https:\/\/school.ibi-global.com\/vi\/\"},{\"@type\":\"ListItem\",\"position\":2,\"name\":\"N\u1ec1n t\u1ea3ng\",\"item\":\"https:\/\/school.ibi-global.com\/vi\/nen-tang\/\"},{\"@type\":\"ListItem\",\"position\":3,\"name\":\"C\u00f4ng ngh\u1ec7\"}]},{\"@type\":\"WebSite\",\"@id\":\"https:\/\/school.ibi-global.com\/vi\/#website\",\"url\":\"https:\/\/school.ibi-global.com\/vi\/\",\"name\":\"IBI School\",\"description\":\"L\u1edbp H\u1ecdc \u0110\u1ea3o Ng\u01b0\u1ee3c Ti\u1ebfng Anh Cho Tr\u1ebb V\u00e0 Thi\u1ebfu Ni\u00ean\",\"publisher\":{\"@id\":\"https:\/\/school.ibi-global.com\/vi\/#organization\"},\"potentialAction\":[{\"@type\":\"SearchAction\",\"target\":{\"@type\":\"EntryPoint\",\"urlTemplate\":\"https:\/\/school.ibi-global.com\/vi\/?s={search_term_string}\"},\"query-input\":\"required name=search_term_string\"}],\"inLanguage\":\"vi-VN\"},{\"@type\":\"Organization\",\"@id\":\"https:\/\/school.ibi-global.com\/vi\/#organization\",\"name\":\"IBI School\",\"url\":\"https:\/\/school.ibi-global.com\/vi\/\",\"logo\":{\"@type\":\"ImageObject\",\"inLanguage\":\"vi-VN\",\"@id\":\"https:\/\/school.ibi-global.com\/vi\/#\/schema\/logo\/image\/\",\"url\":\"https:\/\/school.ibi-global.com\/wp-content\/uploads\/2023\/03\/ibi-school-logo-9168.png\",\"contentUrl\":\"https:\/\/school.ibi-global.com\/wp-content\/uploads\/2023\/03\/ibi-school-logo-9168.png\",\"width\":500,\"height\":435,\"caption\":\"IBI School\"},\"image\":{\"@id\":\"https:\/\/school.ibi-global.com\/vi\/#\/schema\/logo\/image\/\"},\"sameAs\":[\"https:\/\/www.facebook.com\/ibischool.vietnam\",\"https:\/\/twitter.com\/flipped_ibi\",\"https:\/\/vn.linkedin.com\/company\/ibi-school\",\"https:\/\/www.youtube.com\/channel\/UClAXxp1l9MgKTQiwyGKT8QA\"]}]}<\/script>\n<!-- \/ Yoast SEO plugin. -->","yoast_head_json":{"title":"C\u00f4ng ngh\u1ec7","description":"N\u1ec1n t\u1ea3ng c\u00f4ng ngh\u1ec7 IBI \u0111\u01b0\u1ee3c thi\u1ebft k\u1ebf b\u1edfi c\u00e1c chuy\u00ean gia h\u00e0ng \u0111\u1ea7u c\u1ee7a Israel v\u00e0 \u0111\u01b0\u1ee3c x\u00e2y d\u1ef1ng b\u1edfi \u0111\u1ed9i ng\u0169 k\u1ef9 s\u01b0 c\u00f4ng ngh\u1ec7 trong v\u00e0 ngo\u00e0i n\u01b0\u1edbc.","robots":{"index":"index","follow":"follow","max-snippet":"max-snippet:-1","max-image-preview":"max-image-preview:large","max-video-preview":"max-video-preview:-1"},"canonical":"https:\/\/school.ibi-global.com\/vi\/nen-tang\/cong-nghe\/","og_locale":"vi_VN","og_type":"article","og_title":"C\u00f4ng ngh\u1ec7","og_description":"N\u1ec1n t\u1ea3ng c\u00f4ng ngh\u1ec7 IBI \u0111\u01b0\u1ee3c thi\u1ebft k\u1ebf b\u1edfi c\u00e1c chuy\u00ean gia h\u00e0ng \u0111\u1ea7u c\u1ee7a Israel v\u00e0 \u0111\u01b0\u1ee3c x\u00e2y d\u1ef1ng b\u1edfi \u0111\u1ed9i ng\u0169 k\u1ef9 s\u01b0 c\u00f4ng ngh\u1ec7 trong v\u00e0 ngo\u00e0i n\u01b0\u1edbc.","og_url":"https:\/\/school.ibi-global.com\/vi\/nen-tang\/cong-nghe\/","og_site_name":"IBI School - Vietnam","article_publisher":"https:\/\/www.facebook.com\/ibischool.vietnam","article_modified_time":"2024-07-09T04:35:27+00:00","twitter_card":"summary_large_image","twitter_site":"@flipped_ibi","twitter_misc":{"Est. reading time":"2 minutes"},"schema":{"@context":"https:\/\/schema.org","@graph":[{"@type":"WebPage","@id":"https:\/\/school.ibi-global.com\/vi\/nen-tang\/cong-nghe\/","url":"https:\/\/school.ibi-global.com\/vi\/nen-tang\/cong-nghe\/","name":"C\u00f4ng ngh\u1ec7","isPartOf":{"@id":"https:\/\/school.ibi-global.com\/vi\/#website"},"datePublished":"2023-03-07T17:24:20+00:00","dateModified":"2024-07-09T04:35:27+00:00","description":"N\u1ec1n t\u1ea3ng c\u00f4ng ngh\u1ec7 IBI \u0111\u01b0\u1ee3c thi\u1ebft k\u1ebf b\u1edfi c\u00e1c chuy\u00ean gia h\u00e0ng \u0111\u1ea7u c\u1ee7a Israel v\u00e0 \u0111\u01b0\u1ee3c x\u00e2y d\u1ef1ng b\u1edfi \u0111\u1ed9i ng\u0169 k\u1ef9 s\u01b0 c\u00f4ng ngh\u1ec7 trong v\u00e0 ngo\u00e0i n\u01b0\u1edbc.","breadcrumb":{"@id":"https:\/\/school.ibi-global.com\/vi\/nen-tang\/cong-nghe\/#breadcrumb"},"inLanguage":"vi-VN","potentialAction":[{"@type":"ReadAction","target":["https:\/\/school.ibi-global.com\/vi\/nen-tang\/cong-nghe\/"]}]},{"@type":"BreadcrumbList","@id":"https:\/\/school.ibi-global.com\/vi\/nen-tang\/cong-nghe\/#breadcrumb","itemListElement":[{"@type":"ListItem","position":1,"name":"Home","item":"https:\/\/school.ibi-global.com\/vi\/"},{"@type":"ListItem","position":2,"name":"N\u1ec1n t\u1ea3ng","item":"https:\/\/school.ibi-global.com\/vi\/nen-tang\/"},{"@type":"ListItem","position":3,"name":"C\u00f4ng ngh\u1ec7"}]},{"@type":"WebSite","@id":"https:\/\/school.ibi-global.com\/vi\/#website","url":"https:\/\/school.ibi-global.com\/vi\/","name":"IBI School","description":"L\u1edbp H\u1ecdc \u0110\u1ea3o Ng\u01b0\u1ee3c Ti\u1ebfng Anh Cho Tr\u1ebb V\u00e0 Thi\u1ebfu Ni\u00ean","publisher":{"@id":"https:\/\/school.ibi-global.com\/vi\/#organization"},"potentialAction":[{"@type":"SearchAction","target":{"@type":"EntryPoint","urlTemplate":"https:\/\/school.ibi-global.com\/vi\/?s={search_term_string}"},"query-input":"required name=search_term_string"}],"inLanguage":"vi-VN"},{"@type":"Organization","@id":"https:\/\/school.ibi-global.com\/vi\/#organization","name":"IBI School","url":"https:\/\/school.ibi-global.com\/vi\/","logo":{"@type":"ImageObject","inLanguage":"vi-VN","@id":"https:\/\/school.ibi-global.com\/vi\/#\/schema\/logo\/image\/","url":"https:\/\/school.ibi-global.com\/wp-content\/uploads\/2023\/03\/ibi-school-logo-9168.png","contentUrl":"https:\/\/school.ibi-global.com\/wp-content\/uploads\/2023\/03\/ibi-school-logo-9168.png","width":500,"height":435,"caption":"IBI School"},"image":{"@id":"https:\/\/school.ibi-global.com\/vi\/#\/schema\/logo\/image\/"},"sameAs":["https:\/\/www.facebook.com\/ibischool.vietnam","https:\/\/twitter.com\/flipped_ibi","https:\/\/vn.linkedin.com\/company\/ibi-school","https:\/\/www.youtube.com\/channel\/UClAXxp1l9MgKTQiwyGKT8QA"]}]}},"_links":{"self":[{"href":"https:\/\/school.ibi-global.com\/vi\/wp-json\/wp\/v2\/pages\/419","targetHints":{"allow":["GET"]}}],"collection":[{"href":"https:\/\/school.ibi-global.com\/vi\/wp-json\/wp\/v2\/pages"}],"about":[{"href":"https:\/\/school.ibi-global.com\/vi\/wp-json\/wp\/v2\/types\/page"}],"author":[{"embeddable":true,"href":"https:\/\/school.ibi-global.com\/vi\/wp-json\/wp\/v2\/users\/1"}],"replies":[{"embeddable":true,"href":"https:\/\/school.ibi-global.com\/vi\/wp-json\/wp\/v2\/comments?post=419"}],"version-history":[{"count":5,"href":"https:\/\/school.ibi-global.com\/vi\/wp-json\/wp\/v2\/pages\/419\/revisions"}],"predecessor-version":[{"id":2495,"href":"https:\/\/school.ibi-global.com\/vi\/wp-json\/wp\/v2\/pages\/419\/revisions\/2495"}],"up":[{"embeddable":true,"href":"https:\/\/school.ibi-global.com\/vi\/wp-json\/wp\/v2\/pages\/414"}],"wp:attachment":[{"href":"https:\/\/school.ibi-global.com\/vi\/wp-json\/wp\/v2\/media?parent=419"}],"curies":[{"name":"wp","href":"https:\/\/api.w.org\/{rel}","templated":true}]}}