{"id":424,"date":"2023-03-08T00:30:44","date_gmt":"2023-03-07T17:30:44","guid":{"rendered":"http:\/\/school.sunshinevn.com\/?page_id=424"},"modified":"2025-12-17T12:55:24","modified_gmt":"2025-12-17T05:55:24","slug":"hop-tac","status":"publish","type":"page","link":"https:\/\/school.ibi-global.com\/vi\/hop-tac\/","title":{"rendered":"H\u1ee3p t\u00e1c"},"content":{"rendered":"<h1>\u00a0<\/h1>\n<h1 class=\"news-detail-title\">H\u1ee3p T\u00e1c \u0110\u1ec3 Th\u00e0nh C\u00f4ng\u00a0<\/h1>\n<div class=\"wysiwyg\">\n<p style=\"text-align: justify;\">Gi\u00e1o d\u1ee5c v\u00e0 ph\u00e1t tri\u1ec3n th\u1ebf h\u1ec7 t\u01b0\u01a1ng lai l\u00e0 t\u00e2m nguy\u1ec7n c\u1ed1t l\u00f5i c\u1ee7a IBI School, v\u1edbi m\u00f4 h\u00ecnh gi\u1ea3ng d\u1ea1y \u0111\u1ea3o ng\u01b0\u1ee3c (Flipped learning) v\u00e0 c\u00f4ng ngh\u1ec7 ti\u00ean ti\u1ebfn \u0111\u01b0\u1ee3c c\u00f4ng nh\u1eadn to\u00e0n c\u1ea7u, ch\u00fang t\u00f4i mong mu\u1ed1n t\u00ecm ki\u1ebfm \u0111\u1ed1i t\u00e1c chung tay mang m\u00f4 h\u00ecnh h\u1ecdc t\u1eadp n\u00e0y \u0111\u1ebfn c\u00e1c h\u1ecdc vi\u00ean tr\u00ean c\u00e1c t\u1ec9nh th\u00e0nh, \u0111\u1eb7c bi\u1ec7t l\u00e0 nh\u1eefng n\u01a1i h\u1ecdc vi\u00ean \u00edt c\u01a1 h\u1ed9i ti\u1ebfp c\u1eadn v\u1edbi ph\u01b0\u01a1ng ph\u00e1p gi\u1ea3ng d\u1ea1y ngo\u1ea1i ng\u1eef hi\u1ec7u qu\u1ea3 v\u1edbi <a href=\"https:\/\/school.ibi-global.com\/vi\/giao-vien-ban-ngu\/\" target=\"_blank\" rel=\"noopener\">gi\u00e1o vi\u00ean b\u1ea3n ng\u1eef<\/a>.<\/p>\n<p><strong>&gt;&gt; Xem h\u1ecdc th\u1eed v\u00e0 demo <a href=\"https:\/\/elearning-ibi.com\/free-trial-ekids\/\" target=\"_blank\" rel=\"noopener\">t\u1ea1i \u0111\u00e2y.<\/a><\/strong><\/p>\n<p style=\"text-align: justify;\">IBI School &#8211; Vietnam ch\u1ee7 \u0111\u1ed9ng t\u00ecm ki\u1ebfm c\u00e1c \u0111\u1ed1i t\u00e1c c\u00f3 n\u0103ng l\u1ef1c v\u00e0 nguy\u1ec7n v\u1ecdng ph\u00e1t tri\u1ec3n gi\u00e1o d\u1ee5c chuy\u00ean nghi\u1ec7p t\u1ea1i Vi\u1ec7t Nam nh\u1eb1m mang m\u00f4 h\u00ecnh h\u1ecdc t\u1eadp ti\u00ean ti\u1ebfn <strong>\u0111\u01b0\u1ee3c th\u1ef1c hi\u1ec7n b\u1edfi \u0111\u1ed9i ng\u0169 gi\u00e1o vi\u00ean b\u1ea3n ng\u1eef ch\u1ea5t l\u01b0\u1ee3ng v\u1edbi h\u1ecdc ph\u00ed m\u1ec1m<\/strong> \u0111\u1ebfn c\u00e1c h\u1ecdc vi\u00ean tr\u00ean c\u00e1c t\u1ec9nh th\u00e0nh. H\u00ecnh th\u1ee9c h\u1ee3p t\u00e1c nh\u01b0 sau:<\/p>\n<ul>\n<li style=\"list-style-type: none;\">\n<ul>\n<li>\u0110\u1ed1i t\u00e1c t\u1eadn d\u1ee5ng v\u0103n ph\u00f2ng c\u1ee7a c\u00f4ng ty m\u00ecnh kh\u00f4ng s\u1eed d\u1ee5ng v\u00e0o th\u1ee9 b\u1ea3y\/ ch\u1ee7 nh\u1eadt.<\/li>\n<li>H\u1ee3p t\u00e1c v\u1edbi IBI School trong vi\u1ec7c tuy\u1ec3n sinh t\u1ea1i khu v\u1ef1c.<\/li>\n<li>Ho\u1ea1t \u0111\u1ed9ng marketing t\u1ea1i \u0111\u1ecba ph\u01b0\u01a1ng d\u1ef1a tr\u00ean \u0111\u1ecbnh h\u01b0\u1edbng v\u00e0 \u00fd t\u01b0\u1edfng marketing t\u1eeb IBI School.<\/li>\n<li>\u0110\u01b0\u1ee3c ph\u00e2n quy\u1ec1n \u0111\u1ed9c l\u1eadp s\u1eed d\u1ee5ng ch\u1ee9c n\u0103ng tuy\u1ec3n sinh v\u00e0 qu\u1ea3n l\u00fd h\u1ecdc vi\u00ean online.<\/li>\n<li>\u0110\u01b0\u1ee3c \u0111\u00e0o t\u1ea1o chuy\u00ean m\u00f4n v\u1ec1 m\u00f4 h\u00ecnh gi\u1ea3ng d\u1ea1y v\u00e0 c\u00f4ng ngh\u1ec7 qu\u1ea3n tr\u1ecb<\/li>\n<\/ul>\n<\/li>\n<\/ul>\n<p style=\"text-align: justify;\">Ngo\u00e0i ra, <a href=\"https:\/\/school.ibi-global.com\/vi\/nen-tang\/quan-tri-tu-dong-hoa\/\" target=\"_blank\" rel=\"noopener\"><strong>h\u1ec7 th\u1ed1ng \u0111i\u1ec1u h\u00e0nh tr\u1ef1c tuy\u1ebfn b\u1eb1ng c\u00f4ng ngh\u1ec7 AI<\/strong><\/a> gi\u00fap c\u00e1c \u0111\u1ed1i t\u00e1c \u0111\u1ed9c l\u1eadp qu\u1ea3n l\u00fd ch\u1ee9c n\u0103ng c\u1ee7a c\u00e1c ph\u00f2ng ban \u0111\u01a1n gi\u1ea3n v\u00e0 hi\u1ec7u qu\u1ea3 <strong>v\u1edbi 100% quy tr\u00ecnh \u0111\u01b0\u1ee3c t\u1ef1 \u0111\u1ed9ng h\u00f3a<\/strong> bao g\u1ed3m:<\/p>\n<p><span style=\"color: #00aae7;\"><strong>1. H\u1ec7 th\u1ed1ng ghi danh v\u00e0 qu\u1ea3n tr\u1ecb h\u1ecdc vi\u00ean v\u1edbi c\u00e1c t\u00ednh n\u0103ng sau:\u00a0<\/strong><\/span><\/p>\n<ul>\n<li style=\"list-style-type: none;\">\n<ul>\n<li>eEnrollment<\/li>\n<li>Student management<\/li>\n<\/ul>\n<\/li>\n<\/ul>\n<p><span style=\"color: #00aae7;\"><strong>2. H\u1ec7 th\u1ed1ng qu\u1ea3n l\u00fd h\u1ecdc v\u1ee5 v\u00e0 gi\u00e1o vi\u00ean v\u1edbi c\u00e1c t\u00ednh n\u0103ng sau:<\/strong><\/span><\/p>\n<ul>\n<li style=\"list-style-type: none;\">\n<ul>\n<li>Teacher registration<\/li>\n<li>Teacher management<\/li>\n<li>eScheduling<\/li>\n<li>Class management<\/li>\n<li>eAssessment<\/li>\n<li>eBadges<\/li>\n<li>eReport<\/li>\n<\/ul>\n<\/li>\n<\/ul>\n<p><span style=\"color: #00aae7;\"><strong>3. H\u1ec7 th\u1ed1ng ch\u0103m s\u00f3c h\u1ecdc vi\u00ean v\u1edbi c\u00e1c t\u00ednh n\u0103ng sau:<\/strong><\/span><\/p>\n<ul>\n<li style=\"list-style-type: none;\">\n<ul>\n<li>eAttendance<\/li>\n<li>eReminder<\/li>\n<li>eTracking<\/li>\n<\/ul>\n<\/li>\n<\/ul>\n<p style=\"text-align: justify;\">\u0110\u0103ng k\u00fd tham gia ch\u01b0\u01a1ng tr\u00ecnh \u0111\u1ed1i t\u00e1c qua email <strong>katie@ibi-global.com (Ms. Nhung).<\/strong><\/p>\n<\/div>\n","protected":false},"excerpt":{"rendered":"<p>\u00a0 H\u1ee3p T\u00e1c \u0110\u1ec3 Th\u00e0nh C\u00f4ng\u00a0 Gi\u00e1o d\u1ee5c v\u00e0 ph\u00e1t tri\u1ec3n th\u1ebf h\u1ec7 t\u01b0\u01a1ng lai l\u00e0 t\u00e2m nguy\u1ec7n c\u1ed1t l\u00f5i c\u1ee7a IBI School, v\u1edbi m\u00f4 h\u00ecnh gi\u1ea3ng d\u1ea1y \u0111\u1ea3o ng\u01b0\u1ee3c (Flipped learning) v\u00e0 c\u00f4ng ngh\u1ec7 ti\u00ean ti\u1ebfn \u0111\u01b0\u1ee3c c\u00f4ng nh\u1eadn to\u00e0n c\u1ea7u, ch\u00fang t\u00f4i mong mu\u1ed1n t\u00ecm ki\u1ebfm \u0111\u1ed1i t\u00e1c chung tay mang m\u00f4 h\u00ecnh.. [&#8230;]\n","protected":false},"author":1,"featured_media":0,"parent":0,"menu_order":0,"comment_status":"closed","ping_status":"closed","template":"","meta":{"footnotes":""},"class_list":["post-424","page","type-page","status-publish","hentry"],"yoast_head":"<!-- This site is optimized with the Yoast SEO plugin v20.2.1 - https:\/\/yoast.com\/wordpress\/plugins\/seo\/ -->\n<title>H\u1ee3p t\u00e1c - IBI School - Vietnam<\/title>\n<meta name=\"description\" content=\"IBI School \u0111ang ch\u1ee7 \u0111\u1ed9ng t\u00ecm ki\u1ebfm c\u00e1c \u0111\u1ed1i t\u00e1c c\u00f3 n\u0103ng l\u1ef1c t\u1ea1i Vi\u1ec7t Nam \u0111\u1ec3 mang m\u00f4 h\u00ecnh h\u1ecdc t\u1eadp ti\u00ean ti\u1ebfn \u0111\u1ebfn c\u00e1c h\u1ecdc vi\u00ean tr\u00ean c\u00e1c t\u1ec9nh th\u00e0nh.\" \/>\n<meta name=\"robots\" content=\"index, follow, max-snippet:-1, max-image-preview:large, max-video-preview:-1\" \/>\n<link rel=\"canonical\" href=\"https:\/\/school.ibi-global.com\/vi\/hop-tac\/\" \/>\n<meta property=\"og:locale\" content=\"vi_VN\" \/>\n<meta property=\"og:type\" content=\"article\" \/>\n<meta property=\"og:title\" content=\"H\u1ee3p t\u00e1c - IBI School - Vietnam\" \/>\n<meta property=\"og:description\" content=\"IBI School \u0111ang ch\u1ee7 \u0111\u1ed9ng t\u00ecm ki\u1ebfm c\u00e1c \u0111\u1ed1i t\u00e1c c\u00f3 n\u0103ng l\u1ef1c t\u1ea1i Vi\u1ec7t Nam \u0111\u1ec3 mang m\u00f4 h\u00ecnh h\u1ecdc t\u1eadp ti\u00ean ti\u1ebfn \u0111\u1ebfn c\u00e1c h\u1ecdc vi\u00ean tr\u00ean c\u00e1c t\u1ec9nh th\u00e0nh.\" \/>\n<meta property=\"og:url\" content=\"https:\/\/school.ibi-global.com\/vi\/hop-tac\/\" \/>\n<meta property=\"og:site_name\" content=\"IBI School - Vietnam\" \/>\n<meta property=\"article:publisher\" content=\"https:\/\/www.facebook.com\/ibischool.vietnam\" \/>\n<meta property=\"article:modified_time\" content=\"2025-12-17T05:55:24+00:00\" \/>\n<meta name=\"twitter:card\" content=\"summary_large_image\" \/>\n<meta name=\"twitter:site\" content=\"@flipped_ibi\" \/>\n<meta name=\"twitter:label1\" content=\"Est. reading time\" \/>\n\t<meta name=\"twitter:data1\" content=\"2 minutes\" \/>\n<script type=\"application\/ld+json\" class=\"yoast-schema-graph\">{\"@context\":\"https:\/\/schema.org\",\"@graph\":[{\"@type\":\"WebPage\",\"@id\":\"https:\/\/school.ibi-global.com\/vi\/hop-tac\/\",\"url\":\"https:\/\/school.ibi-global.com\/vi\/hop-tac\/\",\"name\":\"H\u1ee3p t\u00e1c - IBI School - Vietnam\",\"isPartOf\":{\"@id\":\"https:\/\/school.ibi-global.com\/vi\/#website\"},\"datePublished\":\"2023-03-07T17:30:44+00:00\",\"dateModified\":\"2025-12-17T05:55:24+00:00\",\"description\":\"IBI School \u0111ang ch\u1ee7 \u0111\u1ed9ng t\u00ecm ki\u1ebfm c\u00e1c \u0111\u1ed1i t\u00e1c c\u00f3 n\u0103ng l\u1ef1c t\u1ea1i Vi\u1ec7t Nam \u0111\u1ec3 mang m\u00f4 h\u00ecnh h\u1ecdc t\u1eadp ti\u00ean ti\u1ebfn \u0111\u1ebfn c\u00e1c h\u1ecdc vi\u00ean tr\u00ean c\u00e1c t\u1ec9nh th\u00e0nh.\",\"breadcrumb\":{\"@id\":\"https:\/\/school.ibi-global.com\/vi\/hop-tac\/#breadcrumb\"},\"inLanguage\":\"vi-VN\",\"potentialAction\":[{\"@type\":\"ReadAction\",\"target\":[\"https:\/\/school.ibi-global.com\/vi\/hop-tac\/\"]}]},{\"@type\":\"BreadcrumbList\",\"@id\":\"https:\/\/school.ibi-global.com\/vi\/hop-tac\/#breadcrumb\",\"itemListElement\":[{\"@type\":\"ListItem\",\"position\":1,\"name\":\"Home\",\"item\":\"https:\/\/school.ibi-global.com\/vi\/\"},{\"@type\":\"ListItem\",\"position\":2,\"name\":\"H\u1ee3p t\u00e1c\"}]},{\"@type\":\"WebSite\",\"@id\":\"https:\/\/school.ibi-global.com\/vi\/#website\",\"url\":\"https:\/\/school.ibi-global.com\/vi\/\",\"name\":\"IBI School\",\"description\":\"L\u1edbp H\u1ecdc \u0110\u1ea3o Ng\u01b0\u1ee3c Ti\u1ebfng Anh Cho Tr\u1ebb V\u00e0 Thi\u1ebfu Ni\u00ean\",\"publisher\":{\"@id\":\"https:\/\/school.ibi-global.com\/vi\/#organization\"},\"potentialAction\":[{\"@type\":\"SearchAction\",\"target\":{\"@type\":\"EntryPoint\",\"urlTemplate\":\"https:\/\/school.ibi-global.com\/vi\/?s={search_term_string}\"},\"query-input\":\"required name=search_term_string\"}],\"inLanguage\":\"vi-VN\"},{\"@type\":\"Organization\",\"@id\":\"https:\/\/school.ibi-global.com\/vi\/#organization\",\"name\":\"IBI School\",\"url\":\"https:\/\/school.ibi-global.com\/vi\/\",\"logo\":{\"@type\":\"ImageObject\",\"inLanguage\":\"vi-VN\",\"@id\":\"https:\/\/school.ibi-global.com\/vi\/#\/schema\/logo\/image\/\",\"url\":\"https:\/\/school.ibi-global.com\/wp-content\/uploads\/2023\/03\/ibi-school-logo-9168.png\",\"contentUrl\":\"https:\/\/school.ibi-global.com\/wp-content\/uploads\/2023\/03\/ibi-school-logo-9168.png\",\"width\":500,\"height\":435,\"caption\":\"IBI School\"},\"image\":{\"@id\":\"https:\/\/school.ibi-global.com\/vi\/#\/schema\/logo\/image\/\"},\"sameAs\":[\"https:\/\/www.facebook.com\/ibischool.vietnam\",\"https:\/\/twitter.com\/flipped_ibi\",\"https:\/\/vn.linkedin.com\/company\/ibi-school\",\"https:\/\/www.youtube.com\/channel\/UClAXxp1l9MgKTQiwyGKT8QA\"]}]}<\/script>\n<!-- \/ Yoast SEO plugin. -->","yoast_head_json":{"title":"H\u1ee3p t\u00e1c - IBI School - Vietnam","description":"IBI School \u0111ang ch\u1ee7 \u0111\u1ed9ng t\u00ecm ki\u1ebfm c\u00e1c \u0111\u1ed1i t\u00e1c c\u00f3 n\u0103ng l\u1ef1c t\u1ea1i Vi\u1ec7t Nam \u0111\u1ec3 mang m\u00f4 h\u00ecnh h\u1ecdc t\u1eadp ti\u00ean ti\u1ebfn \u0111\u1ebfn c\u00e1c h\u1ecdc vi\u00ean tr\u00ean c\u00e1c t\u1ec9nh th\u00e0nh.","robots":{"index":"index","follow":"follow","max-snippet":"max-snippet:-1","max-image-preview":"max-image-preview:large","max-video-preview":"max-video-preview:-1"},"canonical":"https:\/\/school.ibi-global.com\/vi\/hop-tac\/","og_locale":"vi_VN","og_type":"article","og_title":"H\u1ee3p t\u00e1c - IBI School - Vietnam","og_description":"IBI School \u0111ang ch\u1ee7 \u0111\u1ed9ng t\u00ecm ki\u1ebfm c\u00e1c \u0111\u1ed1i t\u00e1c c\u00f3 n\u0103ng l\u1ef1c t\u1ea1i Vi\u1ec7t Nam \u0111\u1ec3 mang m\u00f4 h\u00ecnh h\u1ecdc t\u1eadp ti\u00ean ti\u1ebfn \u0111\u1ebfn c\u00e1c h\u1ecdc vi\u00ean tr\u00ean c\u00e1c t\u1ec9nh th\u00e0nh.","og_url":"https:\/\/school.ibi-global.com\/vi\/hop-tac\/","og_site_name":"IBI School - Vietnam","article_publisher":"https:\/\/www.facebook.com\/ibischool.vietnam","article_modified_time":"2025-12-17T05:55:24+00:00","twitter_card":"summary_large_image","twitter_site":"@flipped_ibi","twitter_misc":{"Est. reading time":"2 minutes"},"schema":{"@context":"https:\/\/schema.org","@graph":[{"@type":"WebPage","@id":"https:\/\/school.ibi-global.com\/vi\/hop-tac\/","url":"https:\/\/school.ibi-global.com\/vi\/hop-tac\/","name":"H\u1ee3p t\u00e1c - IBI School - Vietnam","isPartOf":{"@id":"https:\/\/school.ibi-global.com\/vi\/#website"},"datePublished":"2023-03-07T17:30:44+00:00","dateModified":"2025-12-17T05:55:24+00:00","description":"IBI School \u0111ang ch\u1ee7 \u0111\u1ed9ng t\u00ecm ki\u1ebfm c\u00e1c \u0111\u1ed1i t\u00e1c c\u00f3 n\u0103ng l\u1ef1c t\u1ea1i Vi\u1ec7t Nam \u0111\u1ec3 mang m\u00f4 h\u00ecnh h\u1ecdc t\u1eadp ti\u00ean ti\u1ebfn \u0111\u1ebfn c\u00e1c h\u1ecdc vi\u00ean tr\u00ean c\u00e1c t\u1ec9nh th\u00e0nh.","breadcrumb":{"@id":"https:\/\/school.ibi-global.com\/vi\/hop-tac\/#breadcrumb"},"inLanguage":"vi-VN","potentialAction":[{"@type":"ReadAction","target":["https:\/\/school.ibi-global.com\/vi\/hop-tac\/"]}]},{"@type":"BreadcrumbList","@id":"https:\/\/school.ibi-global.com\/vi\/hop-tac\/#breadcrumb","itemListElement":[{"@type":"ListItem","position":1,"name":"Home","item":"https:\/\/school.ibi-global.com\/vi\/"},{"@type":"ListItem","position":2,"name":"H\u1ee3p t\u00e1c"}]},{"@type":"WebSite","@id":"https:\/\/school.ibi-global.com\/vi\/#website","url":"https:\/\/school.ibi-global.com\/vi\/","name":"IBI School","description":"L\u1edbp H\u1ecdc \u0110\u1ea3o Ng\u01b0\u1ee3c Ti\u1ebfng Anh Cho Tr\u1ebb V\u00e0 Thi\u1ebfu Ni\u00ean","publisher":{"@id":"https:\/\/school.ibi-global.com\/vi\/#organization"},"potentialAction":[{"@type":"SearchAction","target":{"@type":"EntryPoint","urlTemplate":"https:\/\/school.ibi-global.com\/vi\/?s={search_term_string}"},"query-input":"required name=search_term_string"}],"inLanguage":"vi-VN"},{"@type":"Organization","@id":"https:\/\/school.ibi-global.com\/vi\/#organization","name":"IBI School","url":"https:\/\/school.ibi-global.com\/vi\/","logo":{"@type":"ImageObject","inLanguage":"vi-VN","@id":"https:\/\/school.ibi-global.com\/vi\/#\/schema\/logo\/image\/","url":"https:\/\/school.ibi-global.com\/wp-content\/uploads\/2023\/03\/ibi-school-logo-9168.png","contentUrl":"https:\/\/school.ibi-global.com\/wp-content\/uploads\/2023\/03\/ibi-school-logo-9168.png","width":500,"height":435,"caption":"IBI School"},"image":{"@id":"https:\/\/school.ibi-global.com\/vi\/#\/schema\/logo\/image\/"},"sameAs":["https:\/\/www.facebook.com\/ibischool.vietnam","https:\/\/twitter.com\/flipped_ibi","https:\/\/vn.linkedin.com\/company\/ibi-school","https:\/\/www.youtube.com\/channel\/UClAXxp1l9MgKTQiwyGKT8QA"]}]}},"_links":{"self":[{"href":"https:\/\/school.ibi-global.com\/vi\/wp-json\/wp\/v2\/pages\/424","targetHints":{"allow":["GET"]}}],"collection":[{"href":"https:\/\/school.ibi-global.com\/vi\/wp-json\/wp\/v2\/pages"}],"about":[{"href":"https:\/\/school.ibi-global.com\/vi\/wp-json\/wp\/v2\/types\/page"}],"author":[{"embeddable":true,"href":"https:\/\/school.ibi-global.com\/vi\/wp-json\/wp\/v2\/users\/1"}],"replies":[{"embeddable":true,"href":"https:\/\/school.ibi-global.com\/vi\/wp-json\/wp\/v2\/comments?post=424"}],"version-history":[{"count":30,"href":"https:\/\/school.ibi-global.com\/vi\/wp-json\/wp\/v2\/pages\/424\/revisions"}],"predecessor-version":[{"id":3377,"href":"https:\/\/school.ibi-global.com\/vi\/wp-json\/wp\/v2\/pages\/424\/revisions\/3377"}],"wp:attachment":[{"href":"https:\/\/school.ibi-global.com\/vi\/wp-json\/wp\/v2\/media?parent=424"}],"curies":[{"name":"wp","href":"https:\/\/api.w.org\/{rel}","templated":true}]}}