{"id":427,"date":"2023-03-08T00:33:14","date_gmt":"2023-03-07T17:33:14","guid":{"rendered":"http:\/\/school.sunshinevn.com\/?page_id=427"},"modified":"2026-03-09T08:57:43","modified_gmt":"2026-03-09T01:57:43","slug":"lien-he","status":"publish","type":"page","link":"https:\/\/school.ibi-global.com\/vi\/lien-he\/","title":{"rendered":"Li\u00ean h\u1ec7"},"content":{"rendered":"<h2 class=\"news-detail-title\">Li\u00ean h\u1ec7<\/h2>\n<p style=\"text-align: center;\"><strong><em>&#8212;&#8212;&#8211; We listen &amp; care &#8212;&#8212;&#8211;<\/em><\/strong><\/p>\n<table border=\"1\" cellspacing=\"1\" cellpadding=\"1\">\n<tbody>\n<tr>\n<td><span style=\"color: #efbf04;\"><strong>IBI School &#8211; Vietnam | Kh\u1ed1i v\u0103n ph\u00f2ng (IT)<\/strong><\/span><\/p>\n<p><strong>\u0110C: <\/strong>356\/9 XVNT, Ph\u01b0\u1eddng 25, Qu\u1eadn B\u00ecnh Th\u1ea1nh, TP.HCM.<br \/><strong>Zalo: <\/strong>090.771.5835 | <strong>Email:<\/strong> info@ibi-global.com<\/p>\n<\/td>\n<\/tr>\n<tr>\n<td><span style=\"color: #efbf04;\"><strong>IBI School &#8211; Vietnam | Kh\u1ed1i v\u0103n ph\u00f2ng (\u0110i\u1ec1u h\u00e0nh)<\/strong><\/span><\/p>\n<p><strong>\u0110C:<\/strong> 55\/10 Tr\u1ea7n \u0110\u00ecnh Xu, Ph\u01b0\u1eddng C\u1ea7u Kho, Qu\u1eadn 1, TP.HCM.<br \/><strong>Email:<\/strong> info@ibi-global.com<\/p>\n<\/td>\n<\/tr>\n<tr>\n<td><span style=\"color: #efbf04;\"><strong>IBI School &#8211; Vietnam | Trung t\u00e2m tuy\u1ec3n sinh\u00a0<\/strong><\/span><\/p>\n<p><span style=\"color: #00aae7;\"><strong>Qu\u1eadn 3<\/strong><\/span><\/p>\n<p><strong>\u0110C:<\/strong> 188 V\u00f5 Th\u1ecb S\u00e1u.<br \/><strong>Zalo: <\/strong>090.771.5835 | <strong>Email:<\/strong> info@ibi-global.com<\/p>\n<p><span style=\"color: #ff6600;\"><strong>\u00a0<\/strong><\/span><\/p>\n<\/td>\n<\/tr>\n<\/tbody>\n<\/table>\n<p style=\"text-align: center;\">\u00a0<\/p>\n<p>\u00a0<\/p>\n<p>\u00a0<\/p>\n","protected":false},"excerpt":{"rendered":"<p>Li\u00ean h\u1ec7 &#8212;&#8212;&#8211; We listen &amp; care &#8212;&#8212;&#8211; IBI School &#8211; Vietnam | Kh\u1ed1i v\u0103n ph\u00f2ng (IT) \u0110C: 356\/9 XVNT, Ph\u01b0\u1eddng 25, Qu\u1eadn B\u00ecnh Th\u1ea1nh, TP.HCM.Zalo: 090.771.5835 | Email: info@ibi-global.com IBI School &#8211; Vietnam | Kh\u1ed1i v\u0103n ph\u00f2ng (\u0110i\u1ec1u h\u00e0nh) \u0110C: 55\/10 Tr\u1ea7n \u0110\u00ecnh Xu, Ph\u01b0\u1eddng C\u1ea7u Kho, Qu\u1eadn 1, TP.HCM.Email: info@ibi-global.com IBI School &#8211;.. [&#8230;]\n","protected":false},"author":1,"featured_media":0,"parent":0,"menu_order":0,"comment_status":"closed","ping_status":"closed","template":"","meta":{"footnotes":""},"class_list":["post-427","page","type-page","status-publish","hentry"],"yoast_head":"<!-- This site is optimized with the Yoast SEO plugin v20.2.1 - https:\/\/yoast.com\/wordpress\/plugins\/seo\/ -->\n<title>Li\u00ean h\u1ec7 - IBI School - Vietnam<\/title>\n<meta name=\"robots\" content=\"index, follow, max-snippet:-1, max-image-preview:large, max-video-preview:-1\" \/>\n<link rel=\"canonical\" href=\"https:\/\/school.ibi-global.com\/vi\/lien-he\/\" \/>\n<meta property=\"og:locale\" content=\"vi_VN\" \/>\n<meta property=\"og:type\" content=\"article\" \/>\n<meta property=\"og:title\" content=\"Li\u00ean h\u1ec7 - IBI School - Vietnam\" \/>\n<meta property=\"og:description\" content=\"Li\u00ean h\u1ec7 &#8212;&#8212;&#8211; We listen &amp; care &#8212;&#8212;&#8211; IBI School &#8211; Vietnam | Kh\u1ed1i v\u0103n ph\u00f2ng (IT) \u0110C: 356\/9 XVNT, Ph\u01b0\u1eddng 25, Qu\u1eadn B\u00ecnh Th\u1ea1nh, TP.HCM.Zalo: 090.771.5835 | Email: info@ibi-global.com IBI School &#8211; Vietnam | Kh\u1ed1i v\u0103n ph\u00f2ng (\u0110i\u1ec1u h\u00e0nh) \u0110C: 55\/10 Tr\u1ea7n \u0110\u00ecnh Xu, Ph\u01b0\u1eddng C\u1ea7u Kho, Qu\u1eadn 1, TP.HCM.Email: info@ibi-global.com IBI School &#8211;.. [...]\" \/>\n<meta property=\"og:url\" content=\"https:\/\/school.ibi-global.com\/vi\/lien-he\/\" \/>\n<meta property=\"og:site_name\" content=\"IBI School - Vietnam\" \/>\n<meta property=\"article:publisher\" content=\"https:\/\/www.facebook.com\/ibischool.vietnam\" \/>\n<meta property=\"article:modified_time\" content=\"2026-03-09T01:57:43+00:00\" \/>\n<meta name=\"twitter:card\" content=\"summary_large_image\" \/>\n<meta name=\"twitter:site\" content=\"@flipped_ibi\" \/>\n<meta name=\"twitter:label1\" content=\"Est. reading time\" \/>\n\t<meta name=\"twitter:data1\" content=\"1 minute\" \/>\n<script type=\"application\/ld+json\" class=\"yoast-schema-graph\">{\"@context\":\"https:\/\/schema.org\",\"@graph\":[{\"@type\":\"WebPage\",\"@id\":\"https:\/\/school.ibi-global.com\/vi\/lien-he\/\",\"url\":\"https:\/\/school.ibi-global.com\/vi\/lien-he\/\",\"name\":\"Li\u00ean h\u1ec7 - IBI School - Vietnam\",\"isPartOf\":{\"@id\":\"https:\/\/school.ibi-global.com\/vi\/#website\"},\"datePublished\":\"2023-03-07T17:33:14+00:00\",\"dateModified\":\"2026-03-09T01:57:43+00:00\",\"breadcrumb\":{\"@id\":\"https:\/\/school.ibi-global.com\/vi\/lien-he\/#breadcrumb\"},\"inLanguage\":\"vi-VN\",\"potentialAction\":[{\"@type\":\"ReadAction\",\"target\":[\"https:\/\/school.ibi-global.com\/vi\/lien-he\/\"]}]},{\"@type\":\"BreadcrumbList\",\"@id\":\"https:\/\/school.ibi-global.com\/vi\/lien-he\/#breadcrumb\",\"itemListElement\":[{\"@type\":\"ListItem\",\"position\":1,\"name\":\"Home\",\"item\":\"https:\/\/school.ibi-global.com\/vi\/\"},{\"@type\":\"ListItem\",\"position\":2,\"name\":\"Li\u00ean h\u1ec7\"}]},{\"@type\":\"WebSite\",\"@id\":\"https:\/\/school.ibi-global.com\/vi\/#website\",\"url\":\"https:\/\/school.ibi-global.com\/vi\/\",\"name\":\"IBI School\",\"description\":\"L\u1edbp H\u1ecdc \u0110\u1ea3o Ng\u01b0\u1ee3c Ti\u1ebfng Anh Cho Tr\u1ebb V\u00e0 Thi\u1ebfu Ni\u00ean\",\"publisher\":{\"@id\":\"https:\/\/school.ibi-global.com\/vi\/#organization\"},\"potentialAction\":[{\"@type\":\"SearchAction\",\"target\":{\"@type\":\"EntryPoint\",\"urlTemplate\":\"https:\/\/school.ibi-global.com\/vi\/?s={search_term_string}\"},\"query-input\":\"required name=search_term_string\"}],\"inLanguage\":\"vi-VN\"},{\"@type\":\"Organization\",\"@id\":\"https:\/\/school.ibi-global.com\/vi\/#organization\",\"name\":\"IBI School\",\"url\":\"https:\/\/school.ibi-global.com\/vi\/\",\"logo\":{\"@type\":\"ImageObject\",\"inLanguage\":\"vi-VN\",\"@id\":\"https:\/\/school.ibi-global.com\/vi\/#\/schema\/logo\/image\/\",\"url\":\"https:\/\/school.ibi-global.com\/wp-content\/uploads\/2023\/03\/ibi-school-logo-9168.png\",\"contentUrl\":\"https:\/\/school.ibi-global.com\/wp-content\/uploads\/2023\/03\/ibi-school-logo-9168.png\",\"width\":500,\"height\":435,\"caption\":\"IBI School\"},\"image\":{\"@id\":\"https:\/\/school.ibi-global.com\/vi\/#\/schema\/logo\/image\/\"},\"sameAs\":[\"https:\/\/www.facebook.com\/ibischool.vietnam\",\"https:\/\/twitter.com\/flipped_ibi\",\"https:\/\/vn.linkedin.com\/company\/ibi-school\",\"https:\/\/www.youtube.com\/channel\/UClAXxp1l9MgKTQiwyGKT8QA\"]}]}<\/script>\n<!-- \/ Yoast SEO plugin. -->","yoast_head_json":{"title":"Li\u00ean h\u1ec7 - IBI School - Vietnam","robots":{"index":"index","follow":"follow","max-snippet":"max-snippet:-1","max-image-preview":"max-image-preview:large","max-video-preview":"max-video-preview:-1"},"canonical":"https:\/\/school.ibi-global.com\/vi\/lien-he\/","og_locale":"vi_VN","og_type":"article","og_title":"Li\u00ean h\u1ec7 - IBI School - Vietnam","og_description":"Li\u00ean h\u1ec7 &#8212;&#8212;&#8211; We listen &amp; care &#8212;&#8212;&#8211; IBI School &#8211; Vietnam | Kh\u1ed1i v\u0103n ph\u00f2ng (IT) \u0110C: 356\/9 XVNT, Ph\u01b0\u1eddng 25, Qu\u1eadn B\u00ecnh Th\u1ea1nh, TP.HCM.Zalo: 090.771.5835 | Email: info@ibi-global.com IBI School &#8211; Vietnam | Kh\u1ed1i v\u0103n ph\u00f2ng (\u0110i\u1ec1u h\u00e0nh) \u0110C: 55\/10 Tr\u1ea7n \u0110\u00ecnh Xu, Ph\u01b0\u1eddng C\u1ea7u Kho, Qu\u1eadn 1, TP.HCM.Email: info@ibi-global.com IBI School &#8211;.. [...]","og_url":"https:\/\/school.ibi-global.com\/vi\/lien-he\/","og_site_name":"IBI School - Vietnam","article_publisher":"https:\/\/www.facebook.com\/ibischool.vietnam","article_modified_time":"2026-03-09T01:57:43+00:00","twitter_card":"summary_large_image","twitter_site":"@flipped_ibi","twitter_misc":{"Est. reading time":"1 minute"},"schema":{"@context":"https:\/\/schema.org","@graph":[{"@type":"WebPage","@id":"https:\/\/school.ibi-global.com\/vi\/lien-he\/","url":"https:\/\/school.ibi-global.com\/vi\/lien-he\/","name":"Li\u00ean h\u1ec7 - IBI School - Vietnam","isPartOf":{"@id":"https:\/\/school.ibi-global.com\/vi\/#website"},"datePublished":"2023-03-07T17:33:14+00:00","dateModified":"2026-03-09T01:57:43+00:00","breadcrumb":{"@id":"https:\/\/school.ibi-global.com\/vi\/lien-he\/#breadcrumb"},"inLanguage":"vi-VN","potentialAction":[{"@type":"ReadAction","target":["https:\/\/school.ibi-global.com\/vi\/lien-he\/"]}]},{"@type":"BreadcrumbList","@id":"https:\/\/school.ibi-global.com\/vi\/lien-he\/#breadcrumb","itemListElement":[{"@type":"ListItem","position":1,"name":"Home","item":"https:\/\/school.ibi-global.com\/vi\/"},{"@type":"ListItem","position":2,"name":"Li\u00ean h\u1ec7"}]},{"@type":"WebSite","@id":"https:\/\/school.ibi-global.com\/vi\/#website","url":"https:\/\/school.ibi-global.com\/vi\/","name":"IBI School","description":"L\u1edbp H\u1ecdc \u0110\u1ea3o Ng\u01b0\u1ee3c Ti\u1ebfng Anh Cho Tr\u1ebb V\u00e0 Thi\u1ebfu Ni\u00ean","publisher":{"@id":"https:\/\/school.ibi-global.com\/vi\/#organization"},"potentialAction":[{"@type":"SearchAction","target":{"@type":"EntryPoint","urlTemplate":"https:\/\/school.ibi-global.com\/vi\/?s={search_term_string}"},"query-input":"required name=search_term_string"}],"inLanguage":"vi-VN"},{"@type":"Organization","@id":"https:\/\/school.ibi-global.com\/vi\/#organization","name":"IBI School","url":"https:\/\/school.ibi-global.com\/vi\/","logo":{"@type":"ImageObject","inLanguage":"vi-VN","@id":"https:\/\/school.ibi-global.com\/vi\/#\/schema\/logo\/image\/","url":"https:\/\/school.ibi-global.com\/wp-content\/uploads\/2023\/03\/ibi-school-logo-9168.png","contentUrl":"https:\/\/school.ibi-global.com\/wp-content\/uploads\/2023\/03\/ibi-school-logo-9168.png","width":500,"height":435,"caption":"IBI School"},"image":{"@id":"https:\/\/school.ibi-global.com\/vi\/#\/schema\/logo\/image\/"},"sameAs":["https:\/\/www.facebook.com\/ibischool.vietnam","https:\/\/twitter.com\/flipped_ibi","https:\/\/vn.linkedin.com\/company\/ibi-school","https:\/\/www.youtube.com\/channel\/UClAXxp1l9MgKTQiwyGKT8QA"]}]}},"_links":{"self":[{"href":"https:\/\/school.ibi-global.com\/vi\/wp-json\/wp\/v2\/pages\/427","targetHints":{"allow":["GET"]}}],"collection":[{"href":"https:\/\/school.ibi-global.com\/vi\/wp-json\/wp\/v2\/pages"}],"about":[{"href":"https:\/\/school.ibi-global.com\/vi\/wp-json\/wp\/v2\/types\/page"}],"author":[{"embeddable":true,"href":"https:\/\/school.ibi-global.com\/vi\/wp-json\/wp\/v2\/users\/1"}],"replies":[{"embeddable":true,"href":"https:\/\/school.ibi-global.com\/vi\/wp-json\/wp\/v2\/comments?post=427"}],"version-history":[{"count":32,"href":"https:\/\/school.ibi-global.com\/vi\/wp-json\/wp\/v2\/pages\/427\/revisions"}],"predecessor-version":[{"id":3465,"href":"https:\/\/school.ibi-global.com\/vi\/wp-json\/wp\/v2\/pages\/427\/revisions\/3465"}],"wp:attachment":[{"href":"https:\/\/school.ibi-global.com\/vi\/wp-json\/wp\/v2\/media?parent=427"}],"curies":[{"name":"wp","href":"https:\/\/api.w.org\/{rel}","templated":true}]}}