{"id":673,"date":"2023-03-08T21:45:35","date_gmt":"2023-03-08T14:45:35","guid":{"rendered":"https:\/\/school.ibi-global.com\/?page_id=673"},"modified":"2024-06-29T12:12:34","modified_gmt":"2024-06-29T05:12:34","slug":"mo-hinh-hoc-dao-nguoc-hoan-toan-thay-the-lop-hoc-thuc","status":"publish","type":"page","link":"https:\/\/school.ibi-global.com\/vi\/mo-hinh-hoc-dao-nguoc-hoan-toan-thay-the-lop-hoc-thuc\/","title":{"rendered":"M\u00f4 h\u00ecnh h\u1ecdc \u0111\u1ea3o ng\u01b0\u1ee3c ho\u00e0n to\u00e0n thay th\u1ebf l\u1edbp h\u1ecdc th\u1ef1c"},"content":{"rendered":"<h1 class=\"news-detail-title\">M\u00f4 h\u00ecnh h\u1ecdc \u0111\u1ea3o ng\u01b0\u1ee3c ho\u00e0n to\u00e0n thay th\u1ebf l\u1edbp h\u1ecdc th\u1ef1c<\/h1>\n<div class=\"wysiwyg\">\n<p><span style=\"color: #ff6600;\"><strong><br \/>\nPh\u01b0\u01a1ng ph\u00e1p c\u00e1 nh\u00e2n h\u00f3a h\u1ecdc t\u1eadp \u0111\u01b0\u1ee3c ph\u00e1t huy:<\/strong><\/span><\/p>\n<p style=\"text-align: justify;\"><strong>T\u1ef1 h\u1ecdc v\u00e0 c\u00e1 nh\u00e2n h\u00f3a: <\/strong>H\u1ecdc vi\u00ean t\u1ef1 h\u1ecdc <a href=\"https:\/\/school.ibi-global.com\/vi\/mo-hinh-hoc\/eclasses-tu-hoc-24-7\/\">ti\u1ebfng Anh qua ch\u01b0\u01a1ng tr\u00ecnh h\u1ecdc 24\/7 (eClasses)<\/a>\u00a0tr\u01b0\u1edbc bu\u1ed5i h\u1ecdc tr\u00ean l\u1edbp h\u1ecdc live\u00a0<a href=\"https:\/\/school.ibi-global.com\/vi\/mo-hinh-hoc\/econversations-lop-hoc-live\/\" target=\"_blank\" rel=\"noopener\">(eConversations)<\/a> v\u1edbi s\u1ef1 h\u1ed7 tr\u1ee3 c\u1ee7a ph\u1ee5 huynh gi\u00fap h\u1ecdc vi\u00ean suy ngh\u0129 v\u00e0 vi\u1ebft ra tr\u01b0\u1edbc nh\u1eefng c\u00e2u h\u1ecfi ho\u1eb7c th\u1eafc m\u1eafc v\u1ec1 n\u1ed9i dung b\u00e0i h\u1ecdc nh\u1eb1m chu\u1ea9n b\u1ecb s\u1eb5n s\u00e0ng \u0111\u1ec3 h\u1ecfi gi\u00e1o vi\u00ean tr\u00ean l\u1edbp eConversations.<\/p>\n<\/div>\n<p style=\"text-align: justify;\">\u0110\u00e2y l\u00e0 ph\u01b0\u01a1ng ph\u00e1p h\u1ecdc truy v\u1ea5n <strong>gi\u00fap ph\u00e1t huy\u00a0kh\u1ea3 n\u0103ng t\u01b0 duy \u0111\u1ed9c l\u1eadp c\u1ee7a h\u1ecdc vi\u00ean \u0111\u1ed3ng th\u1eddi gi\u00fap h\u1ecdc vi\u00ean ph\u00e1t tri\u1ec3n t\u1ed1t t\u1ea5t c\u1ea3 c\u00e1c k\u1ef9 n\u0103ng ti\u1ebfng Anh.<\/strong><\/p>\n<p style=\"text-align: justify;\">C\u00e1c b\u00e0i h\u1ecdc eClasses \u0111\u01b0\u1ee3c c\u1ea5u tr\u00fac khoa h\u1ecdc d\u1ef1a tr\u00ean s\u1ef1 k\u1ebft h\u1ee3p s\u00e1ng t\u1ea1o gi\u1eefa ph\u01b0\u01a1ng ph\u00e1p <a href=\"https:\/\/elearningindustry.com\/4-basic-learning-methods-elearning\" target=\"_blank\" rel=\"noopener\">th\u1ef1c h\u00e0nh qua vi\u1ec7c l\u00e0m b\u00e0i t\u1eadp (workbook-based methodology)<\/a> v\u00e0 ph\u01b0\u01a1ng ph\u00e1p t\u01b0\u01a1ng t\u00e1c nhi\u1ec1u l\u1ea7n (effects of repetiton method) gi\u00fap h\u1ecdc vi\u00ean t\u1ef1 h\u1ecdc ti\u1ebfng Anh hi\u1ec7u qu\u1ea3.<\/p>\n<p style=\"text-align: justify;\"><span style=\"color: #ff6600;\"><strong>T\u1ef1 \u0111\u1ed9ng h\u00f3a theo d\u00f5i qu\u00e1 tr\u00ecnh h\u1ecdc c\u1ee7a tr\u1ebb<\/strong><\/span><\/p>\n<p style=\"text-align: justify;\">C\u00f4ng c\u1ee5 <a href=\"https:\/\/elearning-ibi.com\/my-courses\/\">&#8220;My Courses&#8221;<\/a>\u00a0gi\u00fap ph\u1ee5 huynh theo d\u00f5i \u0111\u01b0\u1ee3c c\u00e1c th\u00f4ng tin li\u00ean quan \u0111\u1ebfn kh\u00f3a h\u1ecdc c\u1ee7a con\u00a0b\u1ea5t c\u1ee9 l\u00fac n\u00e0o, \u0111\u1ed3ng th\u1eddi hi\u1ec3u r\u00f5 s\u1ef1 ti\u1ebfn b\u1ed9 v\u00e0 nh\u1eefng \u0111i\u1ec3m y\u1ebfu m\u1ed9t c\u00e1ch hi\u1ec7u qu\u1ea3 qua b\u1ea3ng b\u00e1o c\u00e1o \u0111\u01b0\u1ee3c t\u00edch h\u1ee3p t\u1ef1 \u0111\u1ed9ng.<\/p>\n<p style=\"text-align: justify;\"><span style=\"color: #ff6600;\"><strong>Hi\u1ec3u r\u00f5 s\u1ef1 ti\u1ebfn b\u1ed9 c\u1ee7a con<\/strong><\/span><\/p>\n<p style=\"text-align: justify;\">Vi\u1ec7c h\u1ed7 tr\u1ee3 b\u00e9 trong vi\u1ec7c h\u1ecdc online tr\u01b0\u1edbc bu\u1ed5i h\u1ecdc eConversations\u00a0ph\u1ed1i h\u1ee3p v\u1edbi\u00a0h\u1ec7 th\u1ed1ng b\u00e1o c\u00e1o t\u1ef1 \u0111\u1ed9ng tr\u00ean \u00a0<a href=\"https:\/\/elearning-ibi.com\/my-courses\/\">&#8220;My Courses&#8221;<\/a>\u00a0<strong>gi\u00fap ph\u1ee5 huynh g\u1ea7n con v\u00e0 hi\u1ec3u r\u00f5 \u0111i\u1ec3m m\u1ea1nh, \u0111i\u1ec3m y\u1ebfu c\u0169ng nh\u01b0 s\u1ef1 ti\u1ebfn b\u1ed9 c\u1ee7a con <\/strong>trong su\u1ed1t qu\u00e1 tr\u00ecnh h\u1ecdc bao g\u1ed3m:<\/p>\n<ul style=\"text-align: justify;\">\n<li>Ph\u00e1t tri\u1ec3n v\u1ed1n t\u1eeb v\u1ef1ng<\/li>\n<li>Hi\u1ec3u c\u00e1c ph\u1ea7n v\u0103n ph\u1ea1m<\/li>\n<li>Kh\u1ea3 n\u0103ng h\u00ecnh th\u00e0nh c\u00e2u<\/li>\n<li>Ph\u00e1t tri\u1ec3n ki\u1ebfn th\u1ee9c qua c\u00e1c eBook IBI t\u00edch h\u1ee3p trong ch\u01b0\u01a1ng tr\u00ecnh<\/li>\n<\/ul>\n<p style=\"text-align: justify;\">\n","protected":false},"excerpt":{"rendered":"<p>M\u00f4 h\u00ecnh h\u1ecdc \u0111\u1ea3o ng\u01b0\u1ee3c ho\u00e0n to\u00e0n thay th\u1ebf l\u1edbp h\u1ecdc th\u1ef1c Ph\u01b0\u01a1ng ph\u00e1p c\u00e1 nh\u00e2n h\u00f3a h\u1ecdc t\u1eadp \u0111\u01b0\u1ee3c ph\u00e1t huy: T\u1ef1 h\u1ecdc v\u00e0 c\u00e1 nh\u00e2n h\u00f3a: H\u1ecdc vi\u00ean t\u1ef1 h\u1ecdc ti\u1ebfng Anh qua ch\u01b0\u01a1ng tr\u00ecnh h\u1ecdc 24\/7 (eClasses)\u00a0tr\u01b0\u1edbc bu\u1ed5i h\u1ecdc tr\u00ean l\u1edbp h\u1ecdc live\u00a0(eConversations) v\u1edbi s\u1ef1 h\u1ed7 tr\u1ee3 c\u1ee7a ph\u1ee5 huynh gi\u00fap h\u1ecdc.. [&#8230;]\n","protected":false},"author":1,"featured_media":0,"parent":0,"menu_order":0,"comment_status":"closed","ping_status":"closed","template":"","meta":{"footnotes":""},"class_list":["post-673","page","type-page","status-publish","hentry"],"yoast_head":"<!-- This site is optimized with the Yoast SEO plugin v20.2.1 - https:\/\/yoast.com\/wordpress\/plugins\/seo\/ -->\n<title>M\u00f4 h\u00ecnh h\u1ecdc \u0111\u1ea3o ng\u01b0\u1ee3c ho\u00e0n to\u00e0n thay th\u1ebf l\u1edbp h\u1ecdc th\u1ef1c<\/title>\n<meta name=\"description\" content=\"eClasses \u0111\u01b0\u1ee3c c\u1ea5u tr\u00fac khoa h\u1ecdc d\u1ef1a tr\u00ean s\u1ef1 k\u1ebft h\u1ee3p s\u00e1ng t\u1ea1o gi\u1eefa ph\u01b0\u01a1ng ph\u00e1p th\u1ef1c h\u00e0nh v\u00e0 ph\u01b0\u01a1ng ph\u00e1p l\u1eb7p \u0111i l\u1eb7p l\u1ea1i.\" \/>\n<meta name=\"robots\" content=\"index, follow, max-snippet:-1, max-image-preview:large, max-video-preview:-1\" \/>\n<link rel=\"canonical\" href=\"https:\/\/school.ibi-global.com\/vi\/mo-hinh-hoc-dao-nguoc-hoan-toan-thay-the-lop-hoc-thuc\/\" \/>\n<meta property=\"og:locale\" content=\"vi_VN\" \/>\n<meta property=\"og:type\" content=\"article\" \/>\n<meta property=\"og:title\" content=\"M\u00f4 h\u00ecnh h\u1ecdc \u0111\u1ea3o ng\u01b0\u1ee3c ho\u00e0n to\u00e0n thay th\u1ebf l\u1edbp h\u1ecdc th\u1ef1c\" \/>\n<meta property=\"og:description\" content=\"eClasses \u0111\u01b0\u1ee3c c\u1ea5u tr\u00fac khoa h\u1ecdc d\u1ef1a tr\u00ean s\u1ef1 k\u1ebft h\u1ee3p s\u00e1ng t\u1ea1o gi\u1eefa ph\u01b0\u01a1ng ph\u00e1p th\u1ef1c h\u00e0nh v\u00e0 ph\u01b0\u01a1ng ph\u00e1p l\u1eb7p \u0111i l\u1eb7p l\u1ea1i.\" \/>\n<meta property=\"og:url\" content=\"https:\/\/school.ibi-global.com\/vi\/mo-hinh-hoc-dao-nguoc-hoan-toan-thay-the-lop-hoc-thuc\/\" \/>\n<meta property=\"og:site_name\" content=\"IBI School - Vietnam\" \/>\n<meta property=\"article:publisher\" content=\"https:\/\/www.facebook.com\/ibischool.vietnam\" \/>\n<meta property=\"article:modified_time\" content=\"2024-06-29T05:12:34+00:00\" \/>\n<meta name=\"twitter:card\" content=\"summary_large_image\" \/>\n<meta name=\"twitter:site\" content=\"@flipped_ibi\" \/>\n<meta name=\"twitter:label1\" content=\"Est. reading time\" \/>\n\t<meta name=\"twitter:data1\" content=\"2 minutes\" \/>\n<script type=\"application\/ld+json\" class=\"yoast-schema-graph\">{\"@context\":\"https:\/\/schema.org\",\"@graph\":[{\"@type\":\"WebPage\",\"@id\":\"https:\/\/school.ibi-global.com\/vi\/mo-hinh-hoc-dao-nguoc-hoan-toan-thay-the-lop-hoc-thuc\/\",\"url\":\"https:\/\/school.ibi-global.com\/vi\/mo-hinh-hoc-dao-nguoc-hoan-toan-thay-the-lop-hoc-thuc\/\",\"name\":\"M\u00f4 h\u00ecnh h\u1ecdc \u0111\u1ea3o ng\u01b0\u1ee3c ho\u00e0n to\u00e0n thay th\u1ebf l\u1edbp h\u1ecdc th\u1ef1c\",\"isPartOf\":{\"@id\":\"https:\/\/school.ibi-global.com\/vi\/#website\"},\"datePublished\":\"2023-03-08T14:45:35+00:00\",\"dateModified\":\"2024-06-29T05:12:34+00:00\",\"description\":\"eClasses \u0111\u01b0\u1ee3c c\u1ea5u tr\u00fac khoa h\u1ecdc d\u1ef1a tr\u00ean s\u1ef1 k\u1ebft h\u1ee3p s\u00e1ng t\u1ea1o gi\u1eefa ph\u01b0\u01a1ng ph\u00e1p th\u1ef1c h\u00e0nh v\u00e0 ph\u01b0\u01a1ng ph\u00e1p l\u1eb7p \u0111i l\u1eb7p l\u1ea1i.\",\"breadcrumb\":{\"@id\":\"https:\/\/school.ibi-global.com\/vi\/mo-hinh-hoc-dao-nguoc-hoan-toan-thay-the-lop-hoc-thuc\/#breadcrumb\"},\"inLanguage\":\"vi-VN\",\"potentialAction\":[{\"@type\":\"ReadAction\",\"target\":[\"https:\/\/school.ibi-global.com\/vi\/mo-hinh-hoc-dao-nguoc-hoan-toan-thay-the-lop-hoc-thuc\/\"]}]},{\"@type\":\"BreadcrumbList\",\"@id\":\"https:\/\/school.ibi-global.com\/vi\/mo-hinh-hoc-dao-nguoc-hoan-toan-thay-the-lop-hoc-thuc\/#breadcrumb\",\"itemListElement\":[{\"@type\":\"ListItem\",\"position\":1,\"name\":\"Home\",\"item\":\"https:\/\/school.ibi-global.com\/vi\/\"},{\"@type\":\"ListItem\",\"position\":2,\"name\":\"M\u00f4 h\u00ecnh h\u1ecdc \u0111\u1ea3o ng\u01b0\u1ee3c ho\u00e0n to\u00e0n thay th\u1ebf l\u1edbp h\u1ecdc th\u1ef1c\"}]},{\"@type\":\"WebSite\",\"@id\":\"https:\/\/school.ibi-global.com\/vi\/#website\",\"url\":\"https:\/\/school.ibi-global.com\/vi\/\",\"name\":\"IBI School\",\"description\":\"L\u1edbp H\u1ecdc \u0110\u1ea3o Ng\u01b0\u1ee3c Ti\u1ebfng Anh Cho Tr\u1ebb V\u00e0 Thi\u1ebfu Ni\u00ean\",\"publisher\":{\"@id\":\"https:\/\/school.ibi-global.com\/vi\/#organization\"},\"potentialAction\":[{\"@type\":\"SearchAction\",\"target\":{\"@type\":\"EntryPoint\",\"urlTemplate\":\"https:\/\/school.ibi-global.com\/vi\/?s={search_term_string}\"},\"query-input\":\"required name=search_term_string\"}],\"inLanguage\":\"vi-VN\"},{\"@type\":\"Organization\",\"@id\":\"https:\/\/school.ibi-global.com\/vi\/#organization\",\"name\":\"IBI School\",\"url\":\"https:\/\/school.ibi-global.com\/vi\/\",\"logo\":{\"@type\":\"ImageObject\",\"inLanguage\":\"vi-VN\",\"@id\":\"https:\/\/school.ibi-global.com\/vi\/#\/schema\/logo\/image\/\",\"url\":\"https:\/\/school.ibi-global.com\/wp-content\/uploads\/2023\/03\/ibi-school-logo-9168.png\",\"contentUrl\":\"https:\/\/school.ibi-global.com\/wp-content\/uploads\/2023\/03\/ibi-school-logo-9168.png\",\"width\":500,\"height\":435,\"caption\":\"IBI School\"},\"image\":{\"@id\":\"https:\/\/school.ibi-global.com\/vi\/#\/schema\/logo\/image\/\"},\"sameAs\":[\"https:\/\/www.facebook.com\/ibischool.vietnam\",\"https:\/\/twitter.com\/flipped_ibi\",\"https:\/\/vn.linkedin.com\/company\/ibi-school\",\"https:\/\/www.youtube.com\/channel\/UClAXxp1l9MgKTQiwyGKT8QA\"]}]}<\/script>\n<!-- \/ Yoast SEO plugin. -->","yoast_head_json":{"title":"M\u00f4 h\u00ecnh h\u1ecdc \u0111\u1ea3o ng\u01b0\u1ee3c ho\u00e0n to\u00e0n thay th\u1ebf l\u1edbp h\u1ecdc th\u1ef1c","description":"eClasses \u0111\u01b0\u1ee3c c\u1ea5u tr\u00fac khoa h\u1ecdc d\u1ef1a tr\u00ean s\u1ef1 k\u1ebft h\u1ee3p s\u00e1ng t\u1ea1o gi\u1eefa ph\u01b0\u01a1ng ph\u00e1p th\u1ef1c h\u00e0nh v\u00e0 ph\u01b0\u01a1ng ph\u00e1p l\u1eb7p \u0111i l\u1eb7p l\u1ea1i.","robots":{"index":"index","follow":"follow","max-snippet":"max-snippet:-1","max-image-preview":"max-image-preview:large","max-video-preview":"max-video-preview:-1"},"canonical":"https:\/\/school.ibi-global.com\/vi\/mo-hinh-hoc-dao-nguoc-hoan-toan-thay-the-lop-hoc-thuc\/","og_locale":"vi_VN","og_type":"article","og_title":"M\u00f4 h\u00ecnh h\u1ecdc \u0111\u1ea3o ng\u01b0\u1ee3c ho\u00e0n to\u00e0n thay th\u1ebf l\u1edbp h\u1ecdc th\u1ef1c","og_description":"eClasses \u0111\u01b0\u1ee3c c\u1ea5u tr\u00fac khoa h\u1ecdc d\u1ef1a tr\u00ean s\u1ef1 k\u1ebft h\u1ee3p s\u00e1ng t\u1ea1o gi\u1eefa ph\u01b0\u01a1ng ph\u00e1p th\u1ef1c h\u00e0nh v\u00e0 ph\u01b0\u01a1ng ph\u00e1p l\u1eb7p \u0111i l\u1eb7p l\u1ea1i.","og_url":"https:\/\/school.ibi-global.com\/vi\/mo-hinh-hoc-dao-nguoc-hoan-toan-thay-the-lop-hoc-thuc\/","og_site_name":"IBI School - Vietnam","article_publisher":"https:\/\/www.facebook.com\/ibischool.vietnam","article_modified_time":"2024-06-29T05:12:34+00:00","twitter_card":"summary_large_image","twitter_site":"@flipped_ibi","twitter_misc":{"Est. reading time":"2 minutes"},"schema":{"@context":"https:\/\/schema.org","@graph":[{"@type":"WebPage","@id":"https:\/\/school.ibi-global.com\/vi\/mo-hinh-hoc-dao-nguoc-hoan-toan-thay-the-lop-hoc-thuc\/","url":"https:\/\/school.ibi-global.com\/vi\/mo-hinh-hoc-dao-nguoc-hoan-toan-thay-the-lop-hoc-thuc\/","name":"M\u00f4 h\u00ecnh h\u1ecdc \u0111\u1ea3o ng\u01b0\u1ee3c ho\u00e0n to\u00e0n thay th\u1ebf l\u1edbp h\u1ecdc th\u1ef1c","isPartOf":{"@id":"https:\/\/school.ibi-global.com\/vi\/#website"},"datePublished":"2023-03-08T14:45:35+00:00","dateModified":"2024-06-29T05:12:34+00:00","description":"eClasses \u0111\u01b0\u1ee3c c\u1ea5u tr\u00fac khoa h\u1ecdc d\u1ef1a tr\u00ean s\u1ef1 k\u1ebft h\u1ee3p s\u00e1ng t\u1ea1o gi\u1eefa ph\u01b0\u01a1ng ph\u00e1p th\u1ef1c h\u00e0nh v\u00e0 ph\u01b0\u01a1ng ph\u00e1p l\u1eb7p \u0111i l\u1eb7p l\u1ea1i.","breadcrumb":{"@id":"https:\/\/school.ibi-global.com\/vi\/mo-hinh-hoc-dao-nguoc-hoan-toan-thay-the-lop-hoc-thuc\/#breadcrumb"},"inLanguage":"vi-VN","potentialAction":[{"@type":"ReadAction","target":["https:\/\/school.ibi-global.com\/vi\/mo-hinh-hoc-dao-nguoc-hoan-toan-thay-the-lop-hoc-thuc\/"]}]},{"@type":"BreadcrumbList","@id":"https:\/\/school.ibi-global.com\/vi\/mo-hinh-hoc-dao-nguoc-hoan-toan-thay-the-lop-hoc-thuc\/#breadcrumb","itemListElement":[{"@type":"ListItem","position":1,"name":"Home","item":"https:\/\/school.ibi-global.com\/vi\/"},{"@type":"ListItem","position":2,"name":"M\u00f4 h\u00ecnh h\u1ecdc \u0111\u1ea3o ng\u01b0\u1ee3c ho\u00e0n to\u00e0n thay th\u1ebf l\u1edbp h\u1ecdc th\u1ef1c"}]},{"@type":"WebSite","@id":"https:\/\/school.ibi-global.com\/vi\/#website","url":"https:\/\/school.ibi-global.com\/vi\/","name":"IBI School","description":"L\u1edbp H\u1ecdc \u0110\u1ea3o Ng\u01b0\u1ee3c Ti\u1ebfng Anh Cho Tr\u1ebb V\u00e0 Thi\u1ebfu Ni\u00ean","publisher":{"@id":"https:\/\/school.ibi-global.com\/vi\/#organization"},"potentialAction":[{"@type":"SearchAction","target":{"@type":"EntryPoint","urlTemplate":"https:\/\/school.ibi-global.com\/vi\/?s={search_term_string}"},"query-input":"required name=search_term_string"}],"inLanguage":"vi-VN"},{"@type":"Organization","@id":"https:\/\/school.ibi-global.com\/vi\/#organization","name":"IBI School","url":"https:\/\/school.ibi-global.com\/vi\/","logo":{"@type":"ImageObject","inLanguage":"vi-VN","@id":"https:\/\/school.ibi-global.com\/vi\/#\/schema\/logo\/image\/","url":"https:\/\/school.ibi-global.com\/wp-content\/uploads\/2023\/03\/ibi-school-logo-9168.png","contentUrl":"https:\/\/school.ibi-global.com\/wp-content\/uploads\/2023\/03\/ibi-school-logo-9168.png","width":500,"height":435,"caption":"IBI School"},"image":{"@id":"https:\/\/school.ibi-global.com\/vi\/#\/schema\/logo\/image\/"},"sameAs":["https:\/\/www.facebook.com\/ibischool.vietnam","https:\/\/twitter.com\/flipped_ibi","https:\/\/vn.linkedin.com\/company\/ibi-school","https:\/\/www.youtube.com\/channel\/UClAXxp1l9MgKTQiwyGKT8QA"]}]}},"_links":{"self":[{"href":"https:\/\/school.ibi-global.com\/vi\/wp-json\/wp\/v2\/pages\/673","targetHints":{"allow":["GET"]}}],"collection":[{"href":"https:\/\/school.ibi-global.com\/vi\/wp-json\/wp\/v2\/pages"}],"about":[{"href":"https:\/\/school.ibi-global.com\/vi\/wp-json\/wp\/v2\/types\/page"}],"author":[{"embeddable":true,"href":"https:\/\/school.ibi-global.com\/vi\/wp-json\/wp\/v2\/users\/1"}],"replies":[{"embeddable":true,"href":"https:\/\/school.ibi-global.com\/vi\/wp-json\/wp\/v2\/comments?post=673"}],"version-history":[{"count":9,"href":"https:\/\/school.ibi-global.com\/vi\/wp-json\/wp\/v2\/pages\/673\/revisions"}],"predecessor-version":[{"id":2337,"href":"https:\/\/school.ibi-global.com\/vi\/wp-json\/wp\/v2\/pages\/673\/revisions\/2337"}],"wp:attachment":[{"href":"https:\/\/school.ibi-global.com\/vi\/wp-json\/wp\/v2\/media?parent=673"}],"curies":[{"name":"wp","href":"https:\/\/api.w.org\/{rel}","templated":true}]}}