{"id":679,"date":"2023-03-08T21:53:32","date_gmt":"2023-03-08T14:53:32","guid":{"rendered":"https:\/\/school.ibi-global.com\/?page_id=679"},"modified":"2023-06-22T11:26:46","modified_gmt":"2023-06-22T04:26:46","slug":"phat-huy-nang-luc-tu-hoc-o-tre","status":"publish","type":"page","link":"https:\/\/school.ibi-global.com\/vi\/phat-huy-nang-luc-tu-hoc-o-tre\/","title":{"rendered":"Ph\u00e1t huy n\u0103ng l\u1ef1c t\u1ef1 h\u1ecdc \u1edf tr\u1ebb"},"content":{"rendered":"<h1 class=\"news-detail-title\">Ph\u00e1t huy n\u0103ng l\u1ef1c t\u1ef1 h\u1ecdc \u1edf tr\u1ebb<\/h1>\n<div class=\"wysiwyg\">\n<p style=\"text-align: justify;\">V\u1edbi vi\u1ec7c t\u1ef1 h\u1ecdc tr\u01b0\u1edbc khi tham gia l\u1edbp h\u1ecdc live v\u1edbi gi\u00e1o vi\u00ean gi\u00fap h\u1ecdc vi\u00ean d\u1ea7n d\u1ea7n h\u00ecnh th\u00e0nh <strong>kh\u1ea3 n\u0103ng t\u1ef1 h\u1ecdc v\u00e0 ph\u00e1t tri\u1ec3n n\u0103ng l\u1ef1c t\u1ef1 h\u1ecdc sau n\u00e0y.<\/strong><\/p>\n<p style=\"text-align: justify;\">C\u00e1c b\u00e0i h\u1ecdc trong ch\u01b0\u01a1ng tr\u00ecnh eClasses \u0111\u01b0\u1ee3c thi\u1ebft k\u1ebf khoa h\u1ecdc v\u1ec1 th\u1eddi l\u01b0\u1ee3ng v\u00e0 n\u1ed9i dung \u00fd ngh\u0129a ph\u00f9 h\u1ee3p v\u1edbi t\u00e2m l\u00fd l\u1ee9a tu\u1ed5i gi\u00fap h\u1ecdc vi\u00ean g\u1eafn k\u1ebft v\u1edbi b\u00e0i h\u1ecdc, t\u1ef1 t\u01b0 duy v\u00e0 \u0111\u1eb7t c\u00e1c c\u00e2u h\u1ecfi tr\u01b0\u1edbc khi tham gia l\u1edbp h\u1ecdc eConversations\u00a0v\u00e0 ch\u01b0\u01a1ng tr\u00ecnh ngo\u1ea1i kh\u00f3a (I-Innovation). \u0110i\u1ec1u n\u00e0y t\u1ea1o t\u00ednh ch\u1ee7 \u0111\u1ed9ng trong vi\u1ec7c h\u1ecdc v\u00e0 d\u1ea7n\u00a0h\u00ecnh th\u00e0nh n\u0103ng l\u1ef1c t\u1ef1 h\u1ecdc.<\/p>\n<p style=\"text-align: justify;\">B\u1eb1ng c\u00e1ch n\u00e0y, qu\u00e1 tr\u00ecnh h\u1ecdc t\u1eadp kh\u00f4ng ch\u1ec9 d\u1eebng \u1edf h\u1ecdc vi\u00ean, m\u00e0 c\u00f2n c\u1ed9ng h\u01b0\u1edfng v\u1edbi\u00a0ph\u1ee5 huynh, gi\u00fap b\u1ed1 m\u1eb9 v\u00e0 con c\u00e1i c\u00f9ng g\u1eafn k\u1ebft v\u1edbi\u00a0trong vi\u1ec7c h\u1ecdc nh\u1eb1m\u00a0x\u00e2y d\u1ef1ng v\u00e0\u00a0c\u1ee7ng c\u1ed1 v\u0103n h\u00f3a gia \u0111\u00ecnh h\u1ecdc t\u1eadp.<\/p>\n<p><strong>Ch\u01b0\u01a1ng tr\u00ecnh t\u1ef1 h\u1ecdc eClasses gi\u00fap ph\u1ee5 huynh hi\u1ec3u r\u00f5 t\u1eebng b\u01b0\u1edbc \u0111i c\u1ee7a con bao g\u1ed3m:\u00a0<\/strong><\/p>\n<ul>\n<li>Ph\u00e1t tri\u1ec3n v\u1ed1n t\u1eeb v\u1ef1ng<\/li>\n<li>Hi\u1ec3u c\u00e1c ph\u1ea7n v\u0103n ph\u1ea1m<\/li>\n<li>Kh\u1ea3 n\u0103ng h\u00ecnh th\u00e0nh c\u00e2u<\/li>\n<li>Ph\u00e1t tri\u1ec3n ki\u1ebfn th\u1ee9c qua c\u00e1c eBook IBI t\u00edch h\u1ee3p trong ch\u01b0\u01a1ng tr\u00ecnh<\/li>\n<\/ul>\n<p>&nbsp;<\/p>\n<\/div>\n","protected":false},"excerpt":{"rendered":"<p>Ph\u00e1t huy n\u0103ng l\u1ef1c t\u1ef1 h\u1ecdc \u1edf tr\u1ebb V\u1edbi vi\u1ec7c t\u1ef1 h\u1ecdc tr\u01b0\u1edbc khi tham gia l\u1edbp h\u1ecdc live v\u1edbi gi\u00e1o vi\u00ean gi\u00fap h\u1ecdc vi\u00ean d\u1ea7n d\u1ea7n h\u00ecnh th\u00e0nh kh\u1ea3 n\u0103ng t\u1ef1 h\u1ecdc v\u00e0 ph\u00e1t tri\u1ec3n n\u0103ng l\u1ef1c t\u1ef1 h\u1ecdc sau n\u00e0y. C\u00e1c b\u00e0i h\u1ecdc trong ch\u01b0\u01a1ng tr\u00ecnh eClasses \u0111\u01b0\u1ee3c thi\u1ebft k\u1ebf khoa h\u1ecdc v\u1ec1.. [&#8230;]\n","protected":false},"author":1,"featured_media":0,"parent":0,"menu_order":0,"comment_status":"closed","ping_status":"closed","template":"","meta":{"footnotes":""},"class_list":["post-679","page","type-page","status-publish","hentry"],"yoast_head":"<!-- This site is optimized with the Yoast SEO plugin v20.2.1 - https:\/\/yoast.com\/wordpress\/plugins\/seo\/ -->\n<title>Ph\u00e1t huy n\u0103ng l\u1ef1c t\u1ef1 h\u1ecdc \u1edf tr\u1ebb<\/title>\n<meta name=\"description\" content=\"C\u00e1c b\u00e0i h\u1ecdc trong ch\u01b0\u01a1ng tr\u00ecnh eClasses \u0111\u01b0\u1ee3c thi\u1ebft k\u1ebf khoa h\u1ecdc v\u1ec1 th\u1eddi l\u01b0\u1ee3ng v\u00e0 n\u1ed9i dung \u00fd ngh\u0129a ph\u00f9 h\u1ee3p v\u1edbi t\u00e2m l\u00fd l\u1ee9a tu\u1ed5i.\" \/>\n<meta name=\"robots\" content=\"index, follow, max-snippet:-1, max-image-preview:large, max-video-preview:-1\" \/>\n<link rel=\"canonical\" href=\"https:\/\/school.ibi-global.com\/vi\/phat-huy-nang-luc-tu-hoc-o-tre\/\" \/>\n<meta property=\"og:locale\" content=\"vi_VN\" \/>\n<meta property=\"og:type\" content=\"article\" \/>\n<meta property=\"og:title\" content=\"Ph\u00e1t huy n\u0103ng l\u1ef1c t\u1ef1 h\u1ecdc \u1edf tr\u1ebb\" \/>\n<meta property=\"og:description\" content=\"C\u00e1c b\u00e0i h\u1ecdc trong ch\u01b0\u01a1ng tr\u00ecnh eClasses \u0111\u01b0\u1ee3c thi\u1ebft k\u1ebf khoa h\u1ecdc v\u1ec1 th\u1eddi l\u01b0\u1ee3ng v\u00e0 n\u1ed9i dung \u00fd ngh\u0129a ph\u00f9 h\u1ee3p v\u1edbi t\u00e2m l\u00fd l\u1ee9a tu\u1ed5i.\" \/>\n<meta property=\"og:url\" content=\"https:\/\/school.ibi-global.com\/vi\/phat-huy-nang-luc-tu-hoc-o-tre\/\" \/>\n<meta property=\"og:site_name\" content=\"IBI School - Vietnam\" \/>\n<meta property=\"article:publisher\" content=\"https:\/\/www.facebook.com\/ibischool.vietnam\" \/>\n<meta property=\"article:modified_time\" content=\"2023-06-22T04:26:46+00:00\" \/>\n<meta name=\"twitter:card\" content=\"summary_large_image\" \/>\n<meta name=\"twitter:site\" content=\"@flipped_ibi\" \/>\n<meta name=\"twitter:label1\" content=\"Est. reading time\" \/>\n\t<meta name=\"twitter:data1\" content=\"1 minute\" \/>\n<script type=\"application\/ld+json\" class=\"yoast-schema-graph\">{\"@context\":\"https:\/\/schema.org\",\"@graph\":[{\"@type\":\"WebPage\",\"@id\":\"https:\/\/school.ibi-global.com\/vi\/phat-huy-nang-luc-tu-hoc-o-tre\/\",\"url\":\"https:\/\/school.ibi-global.com\/vi\/phat-huy-nang-luc-tu-hoc-o-tre\/\",\"name\":\"Ph\u00e1t huy n\u0103ng l\u1ef1c t\u1ef1 h\u1ecdc \u1edf tr\u1ebb\",\"isPartOf\":{\"@id\":\"https:\/\/school.ibi-global.com\/vi\/#website\"},\"datePublished\":\"2023-03-08T14:53:32+00:00\",\"dateModified\":\"2023-06-22T04:26:46+00:00\",\"description\":\"C\u00e1c b\u00e0i h\u1ecdc trong ch\u01b0\u01a1ng tr\u00ecnh eClasses \u0111\u01b0\u1ee3c thi\u1ebft k\u1ebf khoa h\u1ecdc v\u1ec1 th\u1eddi l\u01b0\u1ee3ng v\u00e0 n\u1ed9i dung \u00fd ngh\u0129a ph\u00f9 h\u1ee3p v\u1edbi t\u00e2m l\u00fd l\u1ee9a tu\u1ed5i.\",\"breadcrumb\":{\"@id\":\"https:\/\/school.ibi-global.com\/vi\/phat-huy-nang-luc-tu-hoc-o-tre\/#breadcrumb\"},\"inLanguage\":\"vi-VN\",\"potentialAction\":[{\"@type\":\"ReadAction\",\"target\":[\"https:\/\/school.ibi-global.com\/vi\/phat-huy-nang-luc-tu-hoc-o-tre\/\"]}]},{\"@type\":\"BreadcrumbList\",\"@id\":\"https:\/\/school.ibi-global.com\/vi\/phat-huy-nang-luc-tu-hoc-o-tre\/#breadcrumb\",\"itemListElement\":[{\"@type\":\"ListItem\",\"position\":1,\"name\":\"Home\",\"item\":\"https:\/\/school.ibi-global.com\/vi\/\"},{\"@type\":\"ListItem\",\"position\":2,\"name\":\"Ph\u00e1t huy n\u0103ng l\u1ef1c t\u1ef1 h\u1ecdc \u1edf tr\u1ebb\"}]},{\"@type\":\"WebSite\",\"@id\":\"https:\/\/school.ibi-global.com\/vi\/#website\",\"url\":\"https:\/\/school.ibi-global.com\/vi\/\",\"name\":\"IBI School\",\"description\":\"L\u1edbp H\u1ecdc \u0110\u1ea3o Ng\u01b0\u1ee3c Ti\u1ebfng Anh Cho Tr\u1ebb V\u00e0 Thi\u1ebfu Ni\u00ean\",\"publisher\":{\"@id\":\"https:\/\/school.ibi-global.com\/vi\/#organization\"},\"potentialAction\":[{\"@type\":\"SearchAction\",\"target\":{\"@type\":\"EntryPoint\",\"urlTemplate\":\"https:\/\/school.ibi-global.com\/vi\/?s={search_term_string}\"},\"query-input\":\"required name=search_term_string\"}],\"inLanguage\":\"vi-VN\"},{\"@type\":\"Organization\",\"@id\":\"https:\/\/school.ibi-global.com\/vi\/#organization\",\"name\":\"IBI School\",\"url\":\"https:\/\/school.ibi-global.com\/vi\/\",\"logo\":{\"@type\":\"ImageObject\",\"inLanguage\":\"vi-VN\",\"@id\":\"https:\/\/school.ibi-global.com\/vi\/#\/schema\/logo\/image\/\",\"url\":\"https:\/\/school.ibi-global.com\/wp-content\/uploads\/2023\/03\/ibi-school-logo-9168.png\",\"contentUrl\":\"https:\/\/school.ibi-global.com\/wp-content\/uploads\/2023\/03\/ibi-school-logo-9168.png\",\"width\":500,\"height\":435,\"caption\":\"IBI School\"},\"image\":{\"@id\":\"https:\/\/school.ibi-global.com\/vi\/#\/schema\/logo\/image\/\"},\"sameAs\":[\"https:\/\/www.facebook.com\/ibischool.vietnam\",\"https:\/\/twitter.com\/flipped_ibi\",\"https:\/\/vn.linkedin.com\/company\/ibi-school\",\"https:\/\/www.youtube.com\/channel\/UClAXxp1l9MgKTQiwyGKT8QA\"]}]}<\/script>\n<!-- \/ Yoast SEO plugin. -->","yoast_head_json":{"title":"Ph\u00e1t huy n\u0103ng l\u1ef1c t\u1ef1 h\u1ecdc \u1edf tr\u1ebb","description":"C\u00e1c b\u00e0i h\u1ecdc trong ch\u01b0\u01a1ng tr\u00ecnh eClasses \u0111\u01b0\u1ee3c thi\u1ebft k\u1ebf khoa h\u1ecdc v\u1ec1 th\u1eddi l\u01b0\u1ee3ng v\u00e0 n\u1ed9i dung \u00fd ngh\u0129a ph\u00f9 h\u1ee3p v\u1edbi t\u00e2m l\u00fd l\u1ee9a tu\u1ed5i.","robots":{"index":"index","follow":"follow","max-snippet":"max-snippet:-1","max-image-preview":"max-image-preview:large","max-video-preview":"max-video-preview:-1"},"canonical":"https:\/\/school.ibi-global.com\/vi\/phat-huy-nang-luc-tu-hoc-o-tre\/","og_locale":"vi_VN","og_type":"article","og_title":"Ph\u00e1t huy n\u0103ng l\u1ef1c t\u1ef1 h\u1ecdc \u1edf tr\u1ebb","og_description":"C\u00e1c b\u00e0i h\u1ecdc trong ch\u01b0\u01a1ng tr\u00ecnh eClasses \u0111\u01b0\u1ee3c thi\u1ebft k\u1ebf khoa h\u1ecdc v\u1ec1 th\u1eddi l\u01b0\u1ee3ng v\u00e0 n\u1ed9i dung \u00fd ngh\u0129a ph\u00f9 h\u1ee3p v\u1edbi t\u00e2m l\u00fd l\u1ee9a tu\u1ed5i.","og_url":"https:\/\/school.ibi-global.com\/vi\/phat-huy-nang-luc-tu-hoc-o-tre\/","og_site_name":"IBI School - Vietnam","article_publisher":"https:\/\/www.facebook.com\/ibischool.vietnam","article_modified_time":"2023-06-22T04:26:46+00:00","twitter_card":"summary_large_image","twitter_site":"@flipped_ibi","twitter_misc":{"Est. reading time":"1 minute"},"schema":{"@context":"https:\/\/schema.org","@graph":[{"@type":"WebPage","@id":"https:\/\/school.ibi-global.com\/vi\/phat-huy-nang-luc-tu-hoc-o-tre\/","url":"https:\/\/school.ibi-global.com\/vi\/phat-huy-nang-luc-tu-hoc-o-tre\/","name":"Ph\u00e1t huy n\u0103ng l\u1ef1c t\u1ef1 h\u1ecdc \u1edf tr\u1ebb","isPartOf":{"@id":"https:\/\/school.ibi-global.com\/vi\/#website"},"datePublished":"2023-03-08T14:53:32+00:00","dateModified":"2023-06-22T04:26:46+00:00","description":"C\u00e1c b\u00e0i h\u1ecdc trong ch\u01b0\u01a1ng tr\u00ecnh eClasses \u0111\u01b0\u1ee3c thi\u1ebft k\u1ebf khoa h\u1ecdc v\u1ec1 th\u1eddi l\u01b0\u1ee3ng v\u00e0 n\u1ed9i dung \u00fd ngh\u0129a ph\u00f9 h\u1ee3p v\u1edbi t\u00e2m l\u00fd l\u1ee9a tu\u1ed5i.","breadcrumb":{"@id":"https:\/\/school.ibi-global.com\/vi\/phat-huy-nang-luc-tu-hoc-o-tre\/#breadcrumb"},"inLanguage":"vi-VN","potentialAction":[{"@type":"ReadAction","target":["https:\/\/school.ibi-global.com\/vi\/phat-huy-nang-luc-tu-hoc-o-tre\/"]}]},{"@type":"BreadcrumbList","@id":"https:\/\/school.ibi-global.com\/vi\/phat-huy-nang-luc-tu-hoc-o-tre\/#breadcrumb","itemListElement":[{"@type":"ListItem","position":1,"name":"Home","item":"https:\/\/school.ibi-global.com\/vi\/"},{"@type":"ListItem","position":2,"name":"Ph\u00e1t huy n\u0103ng l\u1ef1c t\u1ef1 h\u1ecdc \u1edf tr\u1ebb"}]},{"@type":"WebSite","@id":"https:\/\/school.ibi-global.com\/vi\/#website","url":"https:\/\/school.ibi-global.com\/vi\/","name":"IBI School","description":"L\u1edbp H\u1ecdc \u0110\u1ea3o Ng\u01b0\u1ee3c Ti\u1ebfng Anh Cho Tr\u1ebb V\u00e0 Thi\u1ebfu Ni\u00ean","publisher":{"@id":"https:\/\/school.ibi-global.com\/vi\/#organization"},"potentialAction":[{"@type":"SearchAction","target":{"@type":"EntryPoint","urlTemplate":"https:\/\/school.ibi-global.com\/vi\/?s={search_term_string}"},"query-input":"required name=search_term_string"}],"inLanguage":"vi-VN"},{"@type":"Organization","@id":"https:\/\/school.ibi-global.com\/vi\/#organization","name":"IBI School","url":"https:\/\/school.ibi-global.com\/vi\/","logo":{"@type":"ImageObject","inLanguage":"vi-VN","@id":"https:\/\/school.ibi-global.com\/vi\/#\/schema\/logo\/image\/","url":"https:\/\/school.ibi-global.com\/wp-content\/uploads\/2023\/03\/ibi-school-logo-9168.png","contentUrl":"https:\/\/school.ibi-global.com\/wp-content\/uploads\/2023\/03\/ibi-school-logo-9168.png","width":500,"height":435,"caption":"IBI School"},"image":{"@id":"https:\/\/school.ibi-global.com\/vi\/#\/schema\/logo\/image\/"},"sameAs":["https:\/\/www.facebook.com\/ibischool.vietnam","https:\/\/twitter.com\/flipped_ibi","https:\/\/vn.linkedin.com\/company\/ibi-school","https:\/\/www.youtube.com\/channel\/UClAXxp1l9MgKTQiwyGKT8QA"]}]}},"_links":{"self":[{"href":"https:\/\/school.ibi-global.com\/vi\/wp-json\/wp\/v2\/pages\/679","targetHints":{"allow":["GET"]}}],"collection":[{"href":"https:\/\/school.ibi-global.com\/vi\/wp-json\/wp\/v2\/pages"}],"about":[{"href":"https:\/\/school.ibi-global.com\/vi\/wp-json\/wp\/v2\/types\/page"}],"author":[{"embeddable":true,"href":"https:\/\/school.ibi-global.com\/vi\/wp-json\/wp\/v2\/users\/1"}],"replies":[{"embeddable":true,"href":"https:\/\/school.ibi-global.com\/vi\/wp-json\/wp\/v2\/comments?post=679"}],"version-history":[{"count":2,"href":"https:\/\/school.ibi-global.com\/vi\/wp-json\/wp\/v2\/pages\/679\/revisions"}],"predecessor-version":[{"id":765,"href":"https:\/\/school.ibi-global.com\/vi\/wp-json\/wp\/v2\/pages\/679\/revisions\/765"}],"wp:attachment":[{"href":"https:\/\/school.ibi-global.com\/vi\/wp-json\/wp\/v2\/media?parent=679"}],"curies":[{"name":"wp","href":"https:\/\/api.w.org\/{rel}","templated":true}]}}